{"id":5364,"date":"2023-09-14T18:00:53","date_gmt":"2023-09-14T17:00:53","guid":{"rendered":"https:\/\/orrislife.com\/tr\/?post_type=product&#038;p=5364"},"modified":"2023-09-20T00:59:29","modified_gmt":"2023-09-19T23:59:29","slug":"leke-gi%cc%87derme-ve-onleyi%cc%87ci%cc%87-serum","status":"publish","type":"product","link":"https:\/\/orrislife.com\/tr\/product\/leke-gi%cc%87derme-ve-onleyi%cc%87ci%cc%87-serum\/","title":{"rendered":"Leke Gi\u0307derme Ve \u00d6nleyi\u0307ci\u0307 Serum"},"content":{"rendered":"<p>Normal, Ya\u011fl\u0131, Karma Ciltler \u0130\u00e7in<\/p>\n<p>Cilt \u00dczerindeki Koyu Leke Azalmas\u0131 10 G\u00fcnde<\/p>\n<p>Arbutin, Salisilik Asit<\/p>\n<p>Etki:<\/p>\n<p>Arbutin sayesinde ciltteki g\u00f6zle g\u00f6r\u00fcl\u00fcr hiperpigmentasyonu azalt\u0131r. Salisilik asit ile cildi koyu lekelerden ar\u0131nd\u0131r\u0131r ve daha parlak ve e\u015fit bir renk verir. Yo\u011fun leke kar\u015f\u0131t\u0131 bak\u0131m sa\u011flar.<\/p>\n","protected":false},"excerpt":{"rendered":"<p>Normal, Ya\u011fl\u0131, Karma Ciltler \u0130\u00e7in Cilt \u00dczerindeki Koyu Leke Azalmas\u0131 10 G\u00fcnde Arbutin, Salisilik Asit Etki: Arbutin sayesinde ciltteki g\u00f6zle g\u00f6r\u00fcl\u00fcr hiperpigmentasyonu azalt\u0131r. Salisilik asit ile cildi koyu lekelerden ar\u0131nd\u0131r\u0131r ve daha parlak ve e\u015fit bir renk verir. Yo\u011fun leke kar\u015f\u0131t\u0131 bak\u0131m sa\u011flar.<\/p>\n","protected":false},"featured_media":5365,"comment_status":"open","ping_status":"closed","template":"","meta":{"_joinchat":[]},"product_cat":[74,78],"product_tag":[],"class_list":["post-5364","product","type-product","status-publish","has-post-thumbnail","hentry","product_cat-cilt-bakimi","product_cat-vucut-bakimi"],"aioseo_notices":[],"_links":{"self":[{"href":"https:\/\/orrislife.com\/tr\/wp-json\/wp\/v2\/product\/5364","targetHints":{"allow":["GET"]}}],"collection":[{"href":"https:\/\/orrislife.com\/tr\/wp-json\/wp\/v2\/product"}],"about":[{"href":"https:\/\/orrislife.com\/tr\/wp-json\/wp\/v2\/types\/product"}],"replies":[{"embeddable":true,"href":"https:\/\/orrislife.com\/tr\/wp-json\/wp\/v2\/comments?post=5364"}],"wp:featuredmedia":[{"embeddable":true,"href":"https:\/\/orrislife.com\/tr\/wp-json\/wp\/v2\/media\/5365"}],"wp:attachment":[{"href":"https:\/\/orrislife.com\/tr\/wp-json\/wp\/v2\/media?parent=5364"}],"wp:term":[{"taxonomy":"product_cat","embeddable":true,"href":"https:\/\/orrislife.com\/tr\/wp-json\/wp\/v2\/product_cat?post=5364"},{"taxonomy":"product_tag","embeddable":true,"href":"https:\/\/orrislife.com\/tr\/wp-json\/wp\/v2\/product_tag?post=5364"}],"curies":[{"name":"wp","href":"https:\/\/api.w.org\/{rel}","templated":true}]}}