{"id":5346,"date":"2023-09-14T15:34:37","date_gmt":"2023-09-14T14:34:37","guid":{"rendered":"https:\/\/orrislife.com\/tr\/?post_type=product&#038;p=5346"},"modified":"2023-09-19T15:48:44","modified_gmt":"2023-09-19T14:48:44","slug":"teni%cc%87-tazeleyi%cc%87ci%cc%87-yikama-kopogu","status":"publish","type":"product","link":"https:\/\/orrislife.com\/tr\/product\/teni%cc%87-tazeleyi%cc%87ci%cc%87-yikama-kopogu\/","title":{"rendered":"Teni\u0307 Tazeleyi\u0307ci\u0307 Y\u0131kama K\u00f6p\u00fc\u011f\u00fc"},"content":{"rendered":"<p>Lavanta \u00d6z\u00fc, Tea Tree Ya\u011f\u0131, Pantenol<\/p>\n<p>24 Saatlik Tazelik ve Nemlendirme Etkisi Sa\u011flar<\/p>\n<p>Makyaj Kal\u0131nt\u0131lar\u0131n\u0131 Temizler<\/p>\n<p>Etkiler:<\/p>\n<p>Do\u011fal i\u00e7eriklerle zenginle\u015ftirilmi\u015f form\u00fcl\u00fc sayesinde cildi derinlemesine temizler. Hiyal\u00fcronik asit ile cildi nemlendirir, panthenol ile onar\u0131r ve yeniler. Tea tree ya\u011f\u0131n\u0131n harika g\u00fcc\u00fc sayesinde cildin fazla sebum-ya\u011f oran\u0131n\u0131 kontrol alt\u0131na al\u0131r ve g\u00f6zeneklerden ar\u0131nd\u0131rmaya yard\u0131mc\u0131 olur. Bisabolol ile hassas cildi tahri\u015f etmeden onar\u0131r, olu\u015fabilecek k\u0131zar\u0131kl\u0131klar\u0131 \u00f6nler ve cildi yat\u0131\u015ft\u0131r\u0131r.<\/p>\n","protected":false},"excerpt":{"rendered":"<p>Lavanta \u00d6z\u00fc, Tea Tree Ya\u011f\u0131, Pantenol 24 Saatlik Tazelik ve Nemlendirme Etkisi Sa\u011flar Makyaj Kal\u0131nt\u0131lar\u0131n\u0131 Temizler Etkiler: Do\u011fal i\u00e7eriklerle zenginle\u015ftirilmi\u015f form\u00fcl\u00fc sayesinde cildi derinlemesine temizler. Hiyal\u00fcronik asit ile cildi nemlendirir, panthenol ile onar\u0131r ve yeniler. Tea tree ya\u011f\u0131n\u0131n harika g\u00fcc\u00fc sayesinde cildin fazla sebum-ya\u011f oran\u0131n\u0131 kontrol alt\u0131na al\u0131r ve g\u00f6zeneklerden ar\u0131nd\u0131rmaya yard\u0131mc\u0131 olur. Bisabolol ile [&hellip;]<\/p>\n","protected":false},"featured_media":5347,"comment_status":"open","ping_status":"closed","template":"","meta":{"_joinchat":[]},"product_cat":[74],"product_tag":[],"class_list":["post-5346","product","type-product","status-publish","has-post-thumbnail","hentry","product_cat-cilt-bakimi"],"aioseo_notices":[],"_links":{"self":[{"href":"https:\/\/orrislife.com\/tr\/wp-json\/wp\/v2\/product\/5346","targetHints":{"allow":["GET"]}}],"collection":[{"href":"https:\/\/orrislife.com\/tr\/wp-json\/wp\/v2\/product"}],"about":[{"href":"https:\/\/orrislife.com\/tr\/wp-json\/wp\/v2\/types\/product"}],"replies":[{"embeddable":true,"href":"https:\/\/orrislife.com\/tr\/wp-json\/wp\/v2\/comments?post=5346"}],"wp:featuredmedia":[{"embeddable":true,"href":"https:\/\/orrislife.com\/tr\/wp-json\/wp\/v2\/media\/5347"}],"wp:attachment":[{"href":"https:\/\/orrislife.com\/tr\/wp-json\/wp\/v2\/media?parent=5346"}],"wp:term":[{"taxonomy":"product_cat","embeddable":true,"href":"https:\/\/orrislife.com\/tr\/wp-json\/wp\/v2\/product_cat?post=5346"},{"taxonomy":"product_tag","embeddable":true,"href":"https:\/\/orrislife.com\/tr\/wp-json\/wp\/v2\/product_tag?post=5346"}],"curies":[{"name":"wp","href":"https:\/\/api.w.org\/{rel}","templated":true}]}}