{"id":5336,"date":"2023-09-14T14:52:09","date_gmt":"2023-09-14T13:52:09","guid":{"rendered":"https:\/\/orrislife.com\/tr\/?post_type=product&#038;p=5336"},"modified":"2023-09-20T01:00:18","modified_gmt":"2023-09-20T00:00:18","slug":"rebooster-hidro-kompleks-hyaluronik-asit-serumu","status":"publish","type":"product","link":"https:\/\/orrislife.com\/tr\/product\/rebooster-hidro-kompleks-hyaluronik-asit-serumu\/","title":{"rendered":"Rebooster Hidro Kompleks Hyaluronik Asit Serumu"},"content":{"rendered":"<p>G\u00fcnl\u00fck ve nemlendirici bak\u0131m yeterli olmad\u0131\u011f\u0131nda devreye girer. Serumumuz cildin alt katmanlar\u0131na n\u00fcfuz eder ve derinlemesine besler. K\u0131r\u0131\u015f\u0131kl\u0131klara kar\u015f\u0131 etkilidir ve ayn\u0131 zamanda cildi nemlendirir. Ya\u015flanma belirtilerini \u00f6nleyen vitaminler i\u00e7erir ve cildi canland\u0131r\u0131r ve yeniler. Serum, cildin canl\u0131l\u0131\u011f\u0131n\u0131 ve do\u011fall\u0131\u011f\u0131n\u0131 korumas\u0131na yard\u0131mc\u0131 olur. Y\u00fcksek su tutma \u00f6zelli\u011fine sahip olmas\u0131 sayesinde kuru cilde parlak ve taze bir g\u00f6r\u00fcn\u00fcm kazand\u0131r\u0131r.<\/p>\n","protected":false},"excerpt":{"rendered":"<p>G\u00fcnl\u00fck ve nemlendirici bak\u0131m yeterli olmad\u0131\u011f\u0131nda devreye girer. Serumumuz cildin alt katmanlar\u0131na n\u00fcfuz eder ve derinlemesine besler. K\u0131r\u0131\u015f\u0131kl\u0131klara kar\u015f\u0131 etkilidir ve ayn\u0131 zamanda cildi nemlendirir. Ya\u015flanma belirtilerini \u00f6nleyen vitaminler i\u00e7erir ve cildi canland\u0131r\u0131r ve yeniler. Serum, cildin canl\u0131l\u0131\u011f\u0131n\u0131 ve do\u011fall\u0131\u011f\u0131n\u0131 korumas\u0131na yard\u0131mc\u0131 olur. Y\u00fcksek su tutma \u00f6zelli\u011fine sahip olmas\u0131 sayesinde kuru cilde parlak ve taze [&hellip;]<\/p>\n","protected":false},"featured_media":5337,"comment_status":"open","ping_status":"closed","template":"","meta":{"_joinchat":[]},"product_cat":[74],"product_tag":[],"class_list":["post-5336","product","type-product","status-publish","has-post-thumbnail","hentry","product_cat-cilt-bakimi"],"aioseo_notices":[],"_links":{"self":[{"href":"https:\/\/orrislife.com\/tr\/wp-json\/wp\/v2\/product\/5336","targetHints":{"allow":["GET"]}}],"collection":[{"href":"https:\/\/orrislife.com\/tr\/wp-json\/wp\/v2\/product"}],"about":[{"href":"https:\/\/orrislife.com\/tr\/wp-json\/wp\/v2\/types\/product"}],"replies":[{"embeddable":true,"href":"https:\/\/orrislife.com\/tr\/wp-json\/wp\/v2\/comments?post=5336"}],"wp:featuredmedia":[{"embeddable":true,"href":"https:\/\/orrislife.com\/tr\/wp-json\/wp\/v2\/media\/5337"}],"wp:attachment":[{"href":"https:\/\/orrislife.com\/tr\/wp-json\/wp\/v2\/media?parent=5336"}],"wp:term":[{"taxonomy":"product_cat","embeddable":true,"href":"https:\/\/orrislife.com\/tr\/wp-json\/wp\/v2\/product_cat?post=5336"},{"taxonomy":"product_tag","embeddable":true,"href":"https:\/\/orrislife.com\/tr\/wp-json\/wp\/v2\/product_tag?post=5336"}],"curies":[{"name":"wp","href":"https:\/\/api.w.org\/{rel}","templated":true}]}}