{"id":5142,"date":"2023-09-07T18:41:35","date_gmt":"2023-09-07T17:41:35","guid":{"rendered":"https:\/\/orrislife.com\/tr\/?post_type=product&#038;p=5142"},"modified":"2023-09-19T16:16:20","modified_gmt":"2023-09-19T15:16:20","slug":"biostrong-capsule-no-10","status":"publish","type":"product","link":"https:\/\/orrislife.com\/tr\/product\/biostrong-capsule-no-10\/","title":{"rendered":"Biostrong Kaps\u00fcl No: 10"},"content":{"rendered":"<p>\u00dcr\u00fcndeki faydal\u0131 bakteriler, ba\u011f\u0131rsak duvar\u0131n\u0131 kaplayarak koruyucu bir tabaka olu\u015fturur. Bu koruyucu tabaka sayesinde zararl\u0131 bakterilerin \u00e7o\u011falmas\u0131n\u0131 ve ba\u011f\u0131rsak duvar\u0131n\u0131 zarar vermesini \u00f6nler. Bu bakteriler sindirime yard\u0131mc\u0131 olur, besin emilimini art\u0131r\u0131r, K vitamini \u00fcretimini destekler ve karaci\u011fer fonksiyonlar\u0131n\u0131 iyile\u015ftirir.<\/p>\n","protected":false},"excerpt":{"rendered":"<p>The beneficial bacteria in the product form a protective layer by covering the intestinal wall. Thanks to this protective layer, it prevents harmful bacteria from multiplying and damaging the intestinal wall. These bacteria assist in digestion, increase nutrient absorption, support the production of vitamin K, and enhance liver functions.<\/p>\n","protected":false},"featured_media":5143,"comment_status":"open","ping_status":"closed","template":"","meta":{"_joinchat":[]},"product_cat":[71],"product_tag":[],"class_list":["post-5142","product","type-product","status-publish","has-post-thumbnail","hentry","product_cat-takviyeler"],"aioseo_notices":[],"_links":{"self":[{"href":"https:\/\/orrislife.com\/tr\/wp-json\/wp\/v2\/product\/5142","targetHints":{"allow":["GET"]}}],"collection":[{"href":"https:\/\/orrislife.com\/tr\/wp-json\/wp\/v2\/product"}],"about":[{"href":"https:\/\/orrislife.com\/tr\/wp-json\/wp\/v2\/types\/product"}],"replies":[{"embeddable":true,"href":"https:\/\/orrislife.com\/tr\/wp-json\/wp\/v2\/comments?post=5142"}],"wp:featuredmedia":[{"embeddable":true,"href":"https:\/\/orrislife.com\/tr\/wp-json\/wp\/v2\/media\/5143"}],"wp:attachment":[{"href":"https:\/\/orrislife.com\/tr\/wp-json\/wp\/v2\/media?parent=5142"}],"wp:term":[{"taxonomy":"product_cat","embeddable":true,"href":"https:\/\/orrislife.com\/tr\/wp-json\/wp\/v2\/product_cat?post=5142"},{"taxonomy":"product_tag","embeddable":true,"href":"https:\/\/orrislife.com\/tr\/wp-json\/wp\/v2\/product_tag?post=5142"}],"curies":[{"name":"wp","href":"https:\/\/api.w.org\/{rel}","templated":true}]}}