{"id":5138,"date":"2023-09-07T18:39:10","date_gmt":"2023-09-07T17:39:10","guid":{"rendered":"https:\/\/orrislife.com\/tr\/?post_type=product&#038;p=5138"},"modified":"2023-09-19T16:19:17","modified_gmt":"2023-09-19T15:19:17","slug":"immunotop-susup-150-ml","status":"publish","type":"product","link":"https:\/\/orrislife.com\/tr\/product\/immunotop-susup-150-ml\/","title":{"rendered":"Immunotop \u015eurup 150 ml"},"content":{"rendered":"<p>Ba\u011f\u0131\u015f\u0131kl\u0131k sistemini g\u00fc\u00e7lendirir ve h\u00fccre b\u00fcy\u00fcmesini destekler. Bakteri ve vir\u00fcslere kar\u015f\u0131 sava\u015farak v\u00fccudu daha diren\u00e7li hale getirir ve genel sa\u011fl\u0131\u011fa katk\u0131 sa\u011flar.<\/p>\n","protected":false},"excerpt":{"rendered":"<p>Strengthens the immune system and supports cell growth. Helps the body become more resistant by combating bacteria and viruses, contributing to overall health.<\/p>\n","protected":false},"featured_media":5139,"comment_status":"open","ping_status":"closed","template":"","meta":{"_joinchat":[]},"product_cat":[71],"product_tag":[],"class_list":["post-5138","product","type-product","status-publish","has-post-thumbnail","hentry","product_cat-takviyeler"],"aioseo_notices":[],"_links":{"self":[{"href":"https:\/\/orrislife.com\/tr\/wp-json\/wp\/v2\/product\/5138","targetHints":{"allow":["GET"]}}],"collection":[{"href":"https:\/\/orrislife.com\/tr\/wp-json\/wp\/v2\/product"}],"about":[{"href":"https:\/\/orrislife.com\/tr\/wp-json\/wp\/v2\/types\/product"}],"replies":[{"embeddable":true,"href":"https:\/\/orrislife.com\/tr\/wp-json\/wp\/v2\/comments?post=5138"}],"wp:featuredmedia":[{"embeddable":true,"href":"https:\/\/orrislife.com\/tr\/wp-json\/wp\/v2\/media\/5139"}],"wp:attachment":[{"href":"https:\/\/orrislife.com\/tr\/wp-json\/wp\/v2\/media?parent=5138"}],"wp:term":[{"taxonomy":"product_cat","embeddable":true,"href":"https:\/\/orrislife.com\/tr\/wp-json\/wp\/v2\/product_cat?post=5138"},{"taxonomy":"product_tag","embeddable":true,"href":"https:\/\/orrislife.com\/tr\/wp-json\/wp\/v2\/product_tag?post=5138"}],"curies":[{"name":"wp","href":"https:\/\/api.w.org\/{rel}","templated":true}]}}