{"id":5132,"date":"2023-09-07T18:35:07","date_gmt":"2023-09-07T17:35:07","guid":{"rendered":"https:\/\/orrislife.com\/tr\/?post_type=product&#038;p=5132"},"modified":"2023-09-19T16:23:08","modified_gmt":"2023-09-19T15:23:08","slug":"aminogin-goz-damlasi-50","status":"publish","type":"product","link":"https:\/\/orrislife.com\/tr\/product\/aminogin-goz-damlasi-50\/","title":{"rendered":"Aminogin G\u00f6z Damlas\u0131 50"},"content":{"rendered":"<p>V\u00fccut proteinlerinin yap\u0131 ta\u015flar\u0131 olan vitamin C ve amino asitlerin ek bir kayna\u011f\u0131 olarak \u00f6nerilir. V\u00fccudun g\u00fcc\u00fcn\u00fc ve esnekli\u011fini korumaya yard\u0131mc\u0131 olan \u00f6nemli bir bile\u015fen olan kollajen olu\u015fumuna katk\u0131da bulunur.<\/p>\n","protected":false},"excerpt":{"rendered":"<p>Recommended as an additional source of vitamin C and amino acids for the building blocks of the body&#8217;s proteins. It contributes to the formation of collagen, a significant component that helps maintain the body&#8217;s strength and flexibility.<\/p>\n","protected":false},"featured_media":5133,"comment_status":"open","ping_status":"closed","template":"","meta":{"_joinchat":[]},"product_cat":[71],"product_tag":[],"class_list":["post-5132","product","type-product","status-publish","has-post-thumbnail","hentry","product_cat-takviyeler"],"aioseo_notices":[],"_links":{"self":[{"href":"https:\/\/orrislife.com\/tr\/wp-json\/wp\/v2\/product\/5132","targetHints":{"allow":["GET"]}}],"collection":[{"href":"https:\/\/orrislife.com\/tr\/wp-json\/wp\/v2\/product"}],"about":[{"href":"https:\/\/orrislife.com\/tr\/wp-json\/wp\/v2\/types\/product"}],"replies":[{"embeddable":true,"href":"https:\/\/orrislife.com\/tr\/wp-json\/wp\/v2\/comments?post=5132"}],"wp:featuredmedia":[{"embeddable":true,"href":"https:\/\/orrislife.com\/tr\/wp-json\/wp\/v2\/media\/5133"}],"wp:attachment":[{"href":"https:\/\/orrislife.com\/tr\/wp-json\/wp\/v2\/media?parent=5132"}],"wp:term":[{"taxonomy":"product_cat","embeddable":true,"href":"https:\/\/orrislife.com\/tr\/wp-json\/wp\/v2\/product_cat?post=5132"},{"taxonomy":"product_tag","embeddable":true,"href":"https:\/\/orrislife.com\/tr\/wp-json\/wp\/v2\/product_tag?post=5132"}],"curies":[{"name":"wp","href":"https:\/\/api.w.org\/{rel}","templated":true}]}}