{"id":5124,"date":"2023-09-07T18:29:58","date_gmt":"2023-09-07T17:29:58","guid":{"rendered":"https:\/\/orrislife.com\/tr\/?post_type=product&#038;p=5124"},"modified":"2023-09-19T16:31:18","modified_gmt":"2023-09-19T15:31:18","slug":"generas-kapsul-no-60","status":"publish","type":"product","link":"https:\/\/orrislife.com\/tr\/product\/generas-kapsul-no-60\/","title":{"rendered":"Generas Kaps\u00fcl No: 60"},"content":{"rendered":"<p>\u00dcreme sistemi i\u015flevini geli\u015ftirmek i\u00e7in \u00f6nerilir. V\u00fccut h\u00fccrelerinin hormonlara olan duyarl\u0131l\u0131\u011f\u0131n\u0131 art\u0131r\u0131r ve t\u00fcp bebek gibi \u00fcreme tedavilerine yard\u0131mc\u0131 olabilir.<\/p>\n","protected":false},"excerpt":{"rendered":"<p>Recommended to improve the functioning of the reproductive system. It increases the sensitivity of body cells to hormones and may assist in fertility treatments like IVF.<\/p>\n","protected":false},"featured_media":5563,"comment_status":"open","ping_status":"closed","template":"","meta":{"_joinchat":[]},"product_cat":[71],"product_tag":[],"class_list":["post-5124","product","type-product","status-publish","has-post-thumbnail","hentry","product_cat-takviyeler"],"aioseo_notices":[],"_links":{"self":[{"href":"https:\/\/orrislife.com\/tr\/wp-json\/wp\/v2\/product\/5124","targetHints":{"allow":["GET"]}}],"collection":[{"href":"https:\/\/orrislife.com\/tr\/wp-json\/wp\/v2\/product"}],"about":[{"href":"https:\/\/orrislife.com\/tr\/wp-json\/wp\/v2\/types\/product"}],"replies":[{"embeddable":true,"href":"https:\/\/orrislife.com\/tr\/wp-json\/wp\/v2\/comments?post=5124"}],"wp:featuredmedia":[{"embeddable":true,"href":"https:\/\/orrislife.com\/tr\/wp-json\/wp\/v2\/media\/5563"}],"wp:attachment":[{"href":"https:\/\/orrislife.com\/tr\/wp-json\/wp\/v2\/media?parent=5124"}],"wp:term":[{"taxonomy":"product_cat","embeddable":true,"href":"https:\/\/orrislife.com\/tr\/wp-json\/wp\/v2\/product_cat?post=5124"},{"taxonomy":"product_tag","embeddable":true,"href":"https:\/\/orrislife.com\/tr\/wp-json\/wp\/v2\/product_tag?post=5124"}],"curies":[{"name":"wp","href":"https:\/\/api.w.org\/{rel}","templated":true}]}}