{"id":5120,"date":"2023-09-07T18:27:52","date_gmt":"2023-09-07T17:27:52","guid":{"rendered":"https:\/\/orrislife.com\/tr\/?post_type=product&#038;p=5120"},"modified":"2023-09-19T16:34:36","modified_gmt":"2023-09-19T15:34:36","slug":"qliarqin-kapsul-no-60","status":"publish","type":"product","link":"https:\/\/orrislife.com\/tr\/product\/qliarqin-kapsul-no-60\/","title":{"rendered":"Qliarqin Kaps\u00fcl No: 60"},"content":{"rendered":"<p>V\u00fccuttaki metabolik s\u00fcre\u00e7leri d\u00fczenlemeye ve sperm kalitesini iyile\u015ftirmeye yard\u0131mc\u0131 olur. Ayr\u0131ca protein sentezinde v\u00fccuda destek sa\u011flar.<\/p>\n","protected":false},"excerpt":{"rendered":"<p>It helps regulate metabolic processes in the body and improve sperm quality. It also supports the body in protein synthesis.<\/p>\n","protected":false},"featured_media":5565,"comment_status":"open","ping_status":"closed","template":"","meta":{"_joinchat":[]},"product_cat":[71],"product_tag":[],"class_list":["post-5120","product","type-product","status-publish","has-post-thumbnail","hentry","product_cat-takviyeler"],"aioseo_notices":[],"_links":{"self":[{"href":"https:\/\/orrislife.com\/tr\/wp-json\/wp\/v2\/product\/5120","targetHints":{"allow":["GET"]}}],"collection":[{"href":"https:\/\/orrislife.com\/tr\/wp-json\/wp\/v2\/product"}],"about":[{"href":"https:\/\/orrislife.com\/tr\/wp-json\/wp\/v2\/types\/product"}],"replies":[{"embeddable":true,"href":"https:\/\/orrislife.com\/tr\/wp-json\/wp\/v2\/comments?post=5120"}],"wp:featuredmedia":[{"embeddable":true,"href":"https:\/\/orrislife.com\/tr\/wp-json\/wp\/v2\/media\/5565"}],"wp:attachment":[{"href":"https:\/\/orrislife.com\/tr\/wp-json\/wp\/v2\/media?parent=5120"}],"wp:term":[{"taxonomy":"product_cat","embeddable":true,"href":"https:\/\/orrislife.com\/tr\/wp-json\/wp\/v2\/product_cat?post=5120"},{"taxonomy":"product_tag","embeddable":true,"href":"https:\/\/orrislife.com\/tr\/wp-json\/wp\/v2\/product_tag?post=5120"}],"curies":[{"name":"wp","href":"https:\/\/api.w.org\/{rel}","templated":true}]}}