{"id":5104,"date":"2023-09-07T18:18:14","date_gmt":"2023-09-07T17:18:14","guid":{"rendered":"https:\/\/orrislife.com\/tr\/?post_type=product&#038;p=5104"},"modified":"2023-09-19T16:42:15","modified_gmt":"2023-09-19T15:42:15","slug":"magtone-kapsul-no-30","status":"publish","type":"product","link":"https:\/\/orrislife.com\/tr\/product\/magtone-kapsul-no-30\/","title":{"rendered":"Magtone Kaps\u00fcl No: 30"},"content":{"rendered":"<p>Magtone Kaps\u00fclleri, uyku verimini art\u0131rmaya, uykuya dald\u0131ktan sonra uyanmalar\u0131 azaltmaya ve v\u00fccudu rahatlatmaya yard\u0131mc\u0131 olur.<\/p>\n","protected":false},"excerpt":{"rendered":"<p>Magtone Capsules help increase sleep efficiency, reduce wake-ups after falling asleep, and promote relaxation of the body.<\/p>\n","protected":false},"featured_media":5105,"comment_status":"open","ping_status":"closed","template":"","meta":{"_joinchat":[]},"product_cat":[71],"product_tag":[],"class_list":["post-5104","product","type-product","status-publish","has-post-thumbnail","hentry","product_cat-takviyeler"],"aioseo_notices":[],"_links":{"self":[{"href":"https:\/\/orrislife.com\/tr\/wp-json\/wp\/v2\/product\/5104","targetHints":{"allow":["GET"]}}],"collection":[{"href":"https:\/\/orrislife.com\/tr\/wp-json\/wp\/v2\/product"}],"about":[{"href":"https:\/\/orrislife.com\/tr\/wp-json\/wp\/v2\/types\/product"}],"replies":[{"embeddable":true,"href":"https:\/\/orrislife.com\/tr\/wp-json\/wp\/v2\/comments?post=5104"}],"wp:featuredmedia":[{"embeddable":true,"href":"https:\/\/orrislife.com\/tr\/wp-json\/wp\/v2\/media\/5105"}],"wp:attachment":[{"href":"https:\/\/orrislife.com\/tr\/wp-json\/wp\/v2\/media?parent=5104"}],"wp:term":[{"taxonomy":"product_cat","embeddable":true,"href":"https:\/\/orrislife.com\/tr\/wp-json\/wp\/v2\/product_cat?post=5104"},{"taxonomy":"product_tag","embeddable":true,"href":"https:\/\/orrislife.com\/tr\/wp-json\/wp\/v2\/product_tag?post=5104"}],"curies":[{"name":"wp","href":"https:\/\/api.w.org\/{rel}","templated":true}]}}