{"id":5087,"date":"2023-09-06T16:57:36","date_gmt":"2023-09-06T15:57:36","guid":{"rendered":"https:\/\/orrislife.com\/tr\/?post_type=product&#038;p=5087"},"modified":"2023-09-19T18:56:39","modified_gmt":"2023-09-19T17:56:39","slug":"epokal-forte-tablet-no-30","status":"publish","type":"product","link":"https:\/\/orrislife.com\/tr\/product\/epokal-forte-tablet-no-30\/","title":{"rendered":"Epokal Forte Tablet No: 30"},"content":{"rendered":"<p id=\"tw-target-text\" class=\"tw-data-text tw-text-large tw-ta\" dir=\"ltr\" data-placeholder=\"\u00c7eviri\"><span class=\"Y2IQFc\" lang=\"tr\">Kas iskelet sisteminin i\u015fleyi\u015finin iyile\u015ftirilmesi i\u00e7in Epokal Forte Tabletler tavsiye edilir. Kemiklere kalsiyum deste\u011fi sa\u011flarlar.<\/span><\/p>\n","protected":false},"excerpt":{"rendered":"<p id=\"tw-target-text\" class=\"tw-data-text tw-text-large tw-ta\" dir=\"ltr\" data-placeholder=\"\u00c7eviri\"><span class=\"Y2IQFc\" lang=\"tr\">Kas iskelet sisteminin i\u015fleyi\u015finin iyile\u015ftirilmesi i\u00e7in Epokal Forte Tabletler tavsiye edilir. Kemiklere kalsiyum deste\u011fi sa\u011flarlar.<\/span><\/p>\n","protected":false},"featured_media":5088,"comment_status":"open","ping_status":"closed","template":"","meta":{"_joinchat":[]},"product_cat":[71],"product_tag":[],"class_list":["post-5087","product","type-product","status-publish","has-post-thumbnail","hentry","product_cat-takviyeler"],"aioseo_notices":[],"_links":{"self":[{"href":"https:\/\/orrislife.com\/tr\/wp-json\/wp\/v2\/product\/5087","targetHints":{"allow":["GET"]}}],"collection":[{"href":"https:\/\/orrislife.com\/tr\/wp-json\/wp\/v2\/product"}],"about":[{"href":"https:\/\/orrislife.com\/tr\/wp-json\/wp\/v2\/types\/product"}],"replies":[{"embeddable":true,"href":"https:\/\/orrislife.com\/tr\/wp-json\/wp\/v2\/comments?post=5087"}],"wp:featuredmedia":[{"embeddable":true,"href":"https:\/\/orrislife.com\/tr\/wp-json\/wp\/v2\/media\/5088"}],"wp:attachment":[{"href":"https:\/\/orrislife.com\/tr\/wp-json\/wp\/v2\/media?parent=5087"}],"wp:term":[{"taxonomy":"product_cat","embeddable":true,"href":"https:\/\/orrislife.com\/tr\/wp-json\/wp\/v2\/product_cat?post=5087"},{"taxonomy":"product_tag","embeddable":true,"href":"https:\/\/orrislife.com\/tr\/wp-json\/wp\/v2\/product_tag?post=5087"}],"curies":[{"name":"wp","href":"https:\/\/api.w.org\/{rel}","templated":true}]}}