{"id":5077,"date":"2023-09-06T16:51:30","date_gmt":"2023-09-06T15:51:30","guid":{"rendered":"https:\/\/orrislife.com\/tr\/?post_type=product&#038;p=5077"},"modified":"2023-09-19T19:02:42","modified_gmt":"2023-09-19T18:02:42","slug":"multisense-ferros-damla-30-ml","status":"publish","type":"product","link":"https:\/\/orrislife.com\/tr\/product\/multisense-ferros-damla-30-ml\/","title":{"rendered":"Multisense Ferros Damla 30 ml"},"content":{"rendered":"<p id=\"tw-target-text\" class=\"tw-data-text tw-text-large tw-ta\" dir=\"ltr\" data-placeholder=\"\u00c7eviri\"><span class=\"Y2IQFc\" lang=\"tr\">Multisense Ferros Damlalar\u0131, eritropoez s\u0131ras\u0131nda oksijenin ta\u015f\u0131nmas\u0131 i\u00e7in \u00e7ok \u00f6nemli olan hemoglobin olu\u015fumuna yard\u0131mc\u0131 olur. \u0130\u00e7erdi\u011fi C Vitamini demirin emilimini art\u0131rmaya yard\u0131mc\u0131 olur.<\/span><\/p>\n","protected":false},"excerpt":{"rendered":"<p id=\"tw-target-text\" class=\"tw-data-text tw-text-large tw-ta\" dir=\"ltr\" data-placeholder=\"\u00c7eviri\"><span class=\"Y2IQFc\" lang=\"tr\">Multisense Ferros Damlalar\u0131, eritropoez s\u0131ras\u0131nda oksijenin ta\u015f\u0131nmas\u0131 i\u00e7in \u00e7ok \u00f6nemli olan hemoglobin olu\u015fumuna yard\u0131mc\u0131 olur. \u0130\u00e7erdi\u011fi C Vitamini demirin emilimini art\u0131rmaya yard\u0131mc\u0131 olur.<\/span><\/p>\n","protected":false},"featured_media":5078,"comment_status":"open","ping_status":"closed","template":"","meta":{"_joinchat":[]},"product_cat":[71],"product_tag":[],"class_list":["post-5077","product","type-product","status-publish","has-post-thumbnail","hentry","product_cat-takviyeler"],"aioseo_notices":[],"_links":{"self":[{"href":"https:\/\/orrislife.com\/tr\/wp-json\/wp\/v2\/product\/5077","targetHints":{"allow":["GET"]}}],"collection":[{"href":"https:\/\/orrislife.com\/tr\/wp-json\/wp\/v2\/product"}],"about":[{"href":"https:\/\/orrislife.com\/tr\/wp-json\/wp\/v2\/types\/product"}],"replies":[{"embeddable":true,"href":"https:\/\/orrislife.com\/tr\/wp-json\/wp\/v2\/comments?post=5077"}],"wp:featuredmedia":[{"embeddable":true,"href":"https:\/\/orrislife.com\/tr\/wp-json\/wp\/v2\/media\/5078"}],"wp:attachment":[{"href":"https:\/\/orrislife.com\/tr\/wp-json\/wp\/v2\/media?parent=5077"}],"wp:term":[{"taxonomy":"product_cat","embeddable":true,"href":"https:\/\/orrislife.com\/tr\/wp-json\/wp\/v2\/product_cat?post=5077"},{"taxonomy":"product_tag","embeddable":true,"href":"https:\/\/orrislife.com\/tr\/wp-json\/wp\/v2\/product_tag?post=5077"}],"curies":[{"name":"wp","href":"https:\/\/api.w.org\/{rel}","templated":true}]}}