{"id":5071,"date":"2023-09-06T16:46:54","date_gmt":"2023-09-06T15:46:54","guid":{"rendered":"https:\/\/orrislife.com\/tr\/?post_type=product&#038;p=5071"},"modified":"2023-09-19T19:06:10","modified_gmt":"2023-09-19T18:06:10","slug":"reoart-poset-10-gr","status":"publish","type":"product","link":"https:\/\/orrislife.com\/tr\/product\/reoart-poset-10-gr\/","title":{"rendered":"ReoArt Po\u015fet 10 gr"},"content":{"rendered":"<p id=\"tw-target-text\" class=\"tw-data-text tw-text-large tw-ta\" dir=\"ltr\" data-placeholder=\"\u00c7eviri\"><span class=\"Y2IQFc\" lang=\"tr\">ReoArt Sa\u015fe, ek bir glukozamin hidroklor\u00fcr ve kondroitin s\u00fclfat kayna\u011f\u0131 olarak tavsiye edilir. Glukozamin, k\u0131k\u0131rdak dokusunun do\u011fal yenilenmesini uyar\u0131r ve k\u0131k\u0131rdak hasar\u0131n\u0131 \u00f6nler. Eklem hareketlili\u011fini normalle\u015ftirmeye yard\u0131mc\u0131 olur.<\/span><\/p>\n","protected":false},"excerpt":{"rendered":"<p id=\"tw-target-text\" class=\"tw-data-text tw-text-large tw-ta\" dir=\"ltr\" data-placeholder=\"\u00c7eviri\"><span class=\"Y2IQFc\" lang=\"tr\">ReoArt Sa\u015fe, ek bir glukozamin hidroklor\u00fcr ve kondroitin s\u00fclfat kayna\u011f\u0131 olarak tavsiye edilir. Glukozamin, k\u0131k\u0131rdak dokusunun do\u011fal yenilenmesini uyar\u0131r ve k\u0131k\u0131rdak hasar\u0131n\u0131 \u00f6nler. Eklem hareketlili\u011fini normalle\u015ftirmeye yard\u0131mc\u0131 olur.<\/span><\/p>\n","protected":false},"featured_media":5072,"comment_status":"open","ping_status":"closed","template":"","meta":{"_joinchat":[]},"product_cat":[71],"product_tag":[],"class_list":["post-5071","product","type-product","status-publish","has-post-thumbnail","hentry","product_cat-takviyeler"],"aioseo_notices":[],"_links":{"self":[{"href":"https:\/\/orrislife.com\/tr\/wp-json\/wp\/v2\/product\/5071","targetHints":{"allow":["GET"]}}],"collection":[{"href":"https:\/\/orrislife.com\/tr\/wp-json\/wp\/v2\/product"}],"about":[{"href":"https:\/\/orrislife.com\/tr\/wp-json\/wp\/v2\/types\/product"}],"replies":[{"embeddable":true,"href":"https:\/\/orrislife.com\/tr\/wp-json\/wp\/v2\/comments?post=5071"}],"wp:featuredmedia":[{"embeddable":true,"href":"https:\/\/orrislife.com\/tr\/wp-json\/wp\/v2\/media\/5072"}],"wp:attachment":[{"href":"https:\/\/orrislife.com\/tr\/wp-json\/wp\/v2\/media?parent=5071"}],"wp:term":[{"taxonomy":"product_cat","embeddable":true,"href":"https:\/\/orrislife.com\/tr\/wp-json\/wp\/v2\/product_cat?post=5071"},{"taxonomy":"product_tag","embeddable":true,"href":"https:\/\/orrislife.com\/tr\/wp-json\/wp\/v2\/product_tag?post=5071"}],"curies":[{"name":"wp","href":"https:\/\/api.w.org\/{rel}","templated":true}]}}