{"id":5065,"date":"2023-09-06T16:38:20","date_gmt":"2023-09-06T15:38:20","guid":{"rendered":"https:\/\/orrislife.com\/tr\/?post_type=product&#038;p=5065"},"modified":"2023-09-19T19:09:58","modified_gmt":"2023-09-19T18:09:58","slug":"sitos-damla-50-ml","status":"publish","type":"product","link":"https:\/\/orrislife.com\/tr\/product\/sitos-damla-50-ml\/","title":{"rendered":"Sitos Damla 50 ml"},"content":{"rendered":"<p id=\"tw-target-text\" class=\"tw-data-text tw-text-large tw-ta\" dir=\"ltr\" data-placeholder=\"\u00c7eviri\"><span class=\"Y2IQFc\" lang=\"tr\">Sitos Damlalar\u0131 merkezi sinir sisteminin i\u015flevini iyile\u015ftirmeye yard\u0131mc\u0131 olur. Stresi ve kayg\u0131y\u0131 azalt\u0131r, odaklanmay\u0131 ve haf\u0131zay\u0131 geli\u015ftirir ve beyin aktivitesine yard\u0131mc\u0131 olurlar.<\/span><\/p>\n","protected":false},"excerpt":{"rendered":"<p id=\"tw-target-text\" class=\"tw-data-text tw-text-large tw-ta\" dir=\"ltr\" data-placeholder=\"\u00c7eviri\"><span class=\"Y2IQFc\" lang=\"tr\">Sitos Damlalar\u0131 merkezi sinir sisteminin i\u015flevini iyile\u015ftirmeye yard\u0131mc\u0131 olur. Stresi ve kayg\u0131y\u0131 azalt\u0131r, odaklanmay\u0131 ve haf\u0131zay\u0131 geli\u015ftirir ve beyin aktivitesine yard\u0131mc\u0131 olurlar.<\/span><\/p>\n","protected":false},"featured_media":5066,"comment_status":"open","ping_status":"closed","template":"","meta":{"_joinchat":[]},"product_cat":[71],"product_tag":[],"class_list":["post-5065","product","type-product","status-publish","has-post-thumbnail","hentry","product_cat-takviyeler"],"aioseo_notices":[],"_links":{"self":[{"href":"https:\/\/orrislife.com\/tr\/wp-json\/wp\/v2\/product\/5065","targetHints":{"allow":["GET"]}}],"collection":[{"href":"https:\/\/orrislife.com\/tr\/wp-json\/wp\/v2\/product"}],"about":[{"href":"https:\/\/orrislife.com\/tr\/wp-json\/wp\/v2\/types\/product"}],"replies":[{"embeddable":true,"href":"https:\/\/orrislife.com\/tr\/wp-json\/wp\/v2\/comments?post=5065"}],"wp:featuredmedia":[{"embeddable":true,"href":"https:\/\/orrislife.com\/tr\/wp-json\/wp\/v2\/media\/5066"}],"wp:attachment":[{"href":"https:\/\/orrislife.com\/tr\/wp-json\/wp\/v2\/media?parent=5065"}],"wp:term":[{"taxonomy":"product_cat","embeddable":true,"href":"https:\/\/orrislife.com\/tr\/wp-json\/wp\/v2\/product_cat?post=5065"},{"taxonomy":"product_tag","embeddable":true,"href":"https:\/\/orrislife.com\/tr\/wp-json\/wp\/v2\/product_tag?post=5065"}],"curies":[{"name":"wp","href":"https:\/\/api.w.org\/{rel}","templated":true}]}}