{"id":5055,"date":"2023-09-06T16:30:20","date_gmt":"2023-09-06T15:30:20","guid":{"rendered":"https:\/\/orrislife.com\/tr\/?post_type=product&#038;p=5055"},"modified":"2023-09-20T00:52:39","modified_gmt":"2023-09-19T23:52:39","slug":"heparnit-poset-5-gr","status":"publish","type":"product","link":"https:\/\/orrislife.com\/tr\/product\/heparnit-poset-5-gr\/","title":{"rendered":"Heparnit Po\u015fet 5 gr"},"content":{"rendered":"<div class=\"flex flex-grow flex-col gap-3 max-w-full\">\n<div class=\"min-h-[20px] flex flex-col items-start gap-3 overflow-x-auto whitespace-pre-wrap break-words\">\n<div class=\"markdown prose w-full break-words dark:prose-invert light\">\n<div id=\"tw-target-text-container\" class=\"tw-ta-container F0azHf tw-nfl\" tabindex=\"0\">\n<p id=\"tw-target-text\" class=\"tw-data-text tw-text-large tw-ta\" dir=\"ltr\" data-placeholder=\"\u00c7eviri\"><span class=\"Y2IQFc\" lang=\"tr\">Karaci\u011fer ve safra kesesi fonksiyonunu normalle\u015ftirmek i\u00e7in heparnit \u00f6nerilir.<\/span><\/p>\n<\/div>\n<div id=\"tw-target-rmn-container\" class=\"tw-target-rmn tw-ta-container F0azHf tw-nfl\">\n<p id=\"tw-target-rmn\" class=\"tw-data-placeholder tw-text-small tw-ta\" dir=\"ltr\">\n<\/div>\n<\/div>\n<\/div>\n<\/div>\n","protected":false},"excerpt":{"rendered":"<div id=\"tw-target-text-container\" class=\"tw-ta-container F0azHf tw-nfl\" tabindex=\"0\">\n<p id=\"tw-target-text\" class=\"tw-data-text tw-text-large tw-ta\" dir=\"ltr\" data-placeholder=\"\u00c7eviri\"><span class=\"Y2IQFc\" lang=\"tr\">Karaci\u011fer ve safra kesesi fonksiyonunu normalle\u015ftirmek i\u00e7in heparnit \u00f6nerilir.<\/span><\/p>\n<\/div>\n","protected":false},"featured_media":5056,"comment_status":"open","ping_status":"closed","template":"","meta":{"_joinchat":[]},"product_cat":[71],"product_tag":[],"class_list":["post-5055","product","type-product","status-publish","has-post-thumbnail","hentry","product_cat-takviyeler"],"aioseo_notices":[],"_links":{"self":[{"href":"https:\/\/orrislife.com\/tr\/wp-json\/wp\/v2\/product\/5055","targetHints":{"allow":["GET"]}}],"collection":[{"href":"https:\/\/orrislife.com\/tr\/wp-json\/wp\/v2\/product"}],"about":[{"href":"https:\/\/orrislife.com\/tr\/wp-json\/wp\/v2\/types\/product"}],"replies":[{"embeddable":true,"href":"https:\/\/orrislife.com\/tr\/wp-json\/wp\/v2\/comments?post=5055"}],"wp:featuredmedia":[{"embeddable":true,"href":"https:\/\/orrislife.com\/tr\/wp-json\/wp\/v2\/media\/5056"}],"wp:attachment":[{"href":"https:\/\/orrislife.com\/tr\/wp-json\/wp\/v2\/media?parent=5055"}],"wp:term":[{"taxonomy":"product_cat","embeddable":true,"href":"https:\/\/orrislife.com\/tr\/wp-json\/wp\/v2\/product_cat?post=5055"},{"taxonomy":"product_tag","embeddable":true,"href":"https:\/\/orrislife.com\/tr\/wp-json\/wp\/v2\/product_tag?post=5055"}],"curies":[{"name":"wp","href":"https:\/\/api.w.org\/{rel}","templated":true}]}}