{"id":5049,"date":"2023-09-06T15:37:47","date_gmt":"2023-09-06T14:37:47","guid":{"rendered":"https:\/\/orrislife.com\/tr\/?post_type=product&#038;p=5049"},"modified":"2023-09-20T00:53:33","modified_gmt":"2023-09-19T23:53:33","slug":"dekscin-jel-damla-15-ml","status":"publish","type":"product","link":"https:\/\/orrislife.com\/tr\/product\/dekscin-jel-damla-15-ml\/","title":{"rendered":"Deks\u00e7in Jel Damla 15 ml"},"content":{"rendered":"<p id=\"tw-target-text\" class=\"tw-data-text tw-text-large tw-ta\" dir=\"ltr\" data-placeholder=\"\u00c7eviri\"><span class=\"Y2IQFc\" lang=\"tr\">Dex\u00e7in Jel Damla g\u00fcn i\u00e7erisinde yorgun g\u00f6zlerin ve \u0131\u015f\u0131ktan etkilenen g\u00f6zlerin nemlendirilmesine yard\u0131mc\u0131 olur. Bu nedenle g\u00f6z kurulu\u011funun \u00f6nlenmesine ve tahri\u015fin hafifletilmesine yard\u0131mc\u0131 olurlar. Ayr\u0131ca g\u00f6z rahats\u0131zl\u0131\u011f\u0131n\u0131n azalt\u0131lmas\u0131na da yard\u0131mc\u0131 olurlar. Kullanmak i\u00e7in, g\u00fcnde bir kez g\u00f6z\u00fcn alt konjonktival kesesine 1-2 damla damlatacak \u015fekilde \u015fi\u015feyi hafif\u00e7e s\u0131k\u0131n.<\/span><\/p>\n","protected":false},"excerpt":{"rendered":"<p id=\"tw-target-text\" class=\"tw-data-text tw-text-large tw-ta\" dir=\"ltr\" data-placeholder=\"\u00c7eviri\"><span class=\"Y2IQFc\" lang=\"tr\">Dex\u00e7in Jel Damla g\u00fcn i\u00e7erisinde yorgun g\u00f6zlerin ve \u0131\u015f\u0131ktan etkilenen g\u00f6zlerin nemlendirilmesine yard\u0131mc\u0131 olur. Bu nedenle g\u00f6z kurulu\u011funun \u00f6nlenmesine ve tahri\u015fin hafifletilmesine yard\u0131mc\u0131 olurlar. Ayr\u0131ca g\u00f6z rahats\u0131zl\u0131\u011f\u0131n\u0131n azalt\u0131lmas\u0131na da yard\u0131mc\u0131 olurlar. Kullanmak i\u00e7in, g\u00fcnde bir kez g\u00f6z\u00fcn alt konjonktival kesesine 1-2 damla damlatacak \u015fekilde \u015fi\u015feyi hafif\u00e7e s\u0131k\u0131n.<\/span><\/p>\n","protected":false},"featured_media":5050,"comment_status":"open","ping_status":"closed","template":"","meta":{"_joinchat":[]},"product_cat":[71],"product_tag":[],"class_list":["post-5049","product","type-product","status-publish","has-post-thumbnail","hentry","product_cat-takviyeler"],"aioseo_notices":[],"_links":{"self":[{"href":"https:\/\/orrislife.com\/tr\/wp-json\/wp\/v2\/product\/5049","targetHints":{"allow":["GET"]}}],"collection":[{"href":"https:\/\/orrislife.com\/tr\/wp-json\/wp\/v2\/product"}],"about":[{"href":"https:\/\/orrislife.com\/tr\/wp-json\/wp\/v2\/types\/product"}],"replies":[{"embeddable":true,"href":"https:\/\/orrislife.com\/tr\/wp-json\/wp\/v2\/comments?post=5049"}],"wp:featuredmedia":[{"embeddable":true,"href":"https:\/\/orrislife.com\/tr\/wp-json\/wp\/v2\/media\/5050"}],"wp:attachment":[{"href":"https:\/\/orrislife.com\/tr\/wp-json\/wp\/v2\/media?parent=5049"}],"wp:term":[{"taxonomy":"product_cat","embeddable":true,"href":"https:\/\/orrislife.com\/tr\/wp-json\/wp\/v2\/product_cat?post=5049"},{"taxonomy":"product_tag","embeddable":true,"href":"https:\/\/orrislife.com\/tr\/wp-json\/wp\/v2\/product_tag?post=5049"}],"curies":[{"name":"wp","href":"https:\/\/api.w.org\/{rel}","templated":true}]}}