{"id":5043,"date":"2023-09-06T15:30:57","date_gmt":"2023-09-06T14:30:57","guid":{"rendered":"https:\/\/orrislife.com\/tr\/?post_type=product&#038;p=5043"},"modified":"2023-09-19T17:23:44","modified_gmt":"2023-09-19T16:23:44","slug":"tripto-forte-tablet-no-30","status":"publish","type":"product","link":"https:\/\/orrislife.com\/tr\/product\/tripto-forte-tablet-no-30\/","title":{"rendered":"Tripto Forte+ Tablet No: 30"},"content":{"rendered":"<p id=\"tw-target-text\" class=\"tw-data-text tw-text-large tw-ta\" dir=\"ltr\" data-placeholder=\"\u00c7eviri\"><span class=\"Y2IQFc\" lang=\"tr\">Tripto Forte+ Tabletler uyku d\u00fczenini d\u00fczenlemeye yard\u0131mc\u0131 olur. Sinir gerginli\u011fi s\u0131ras\u0131nda sinirler \u00fczerinde rahatlat\u0131c\u0131 bir etkiye sahiptirler. Ba\u011f\u0131\u015f\u0131kl\u0131k sistemi i\u00e7in faydal\u0131d\u0131rlar ve haz\u0131ms\u0131zl\u0131k semptomlar\u0131n\u0131 hafifletmek i\u00e7in kullan\u0131l\u0131rlar. Ayr\u0131ca mide rahats\u0131zl\u0131klar\u0131n\u0131 \u00f6nler ve kalp kaslar\u0131n\u0131n g\u00fc\u00e7lenmesine yard\u0131mc\u0131 olurlar.<\/span><\/p>\n","protected":false},"excerpt":{"rendered":"<p id=\"tw-target-text\" class=\"tw-data-text tw-text-large tw-ta\" dir=\"ltr\" data-placeholder=\"\u00c7eviri\"><span class=\"Y2IQFc\" lang=\"tr\">Tripto Forte+ Tabletler uyku d\u00fczenini d\u00fczenlemeye yard\u0131mc\u0131 olur. Sinir gerginli\u011fi s\u0131ras\u0131nda sinirler \u00fczerinde rahatlat\u0131c\u0131 bir etkiye sahiptirler. Ba\u011f\u0131\u015f\u0131kl\u0131k sistemi i\u00e7in faydal\u0131d\u0131rlar ve haz\u0131ms\u0131zl\u0131k semptomlar\u0131n\u0131 hafifletmek i\u00e7in kullan\u0131l\u0131rlar. Ayr\u0131ca mide rahats\u0131zl\u0131klar\u0131n\u0131 \u00f6nler ve kalp kaslar\u0131n\u0131n g\u00fc\u00e7lenmesine yard\u0131mc\u0131 olurlar.<\/span><\/p>\n","protected":false},"featured_media":5044,"comment_status":"open","ping_status":"closed","template":"","meta":{"_joinchat":[]},"product_cat":[71],"product_tag":[],"class_list":["post-5043","product","type-product","status-publish","has-post-thumbnail","hentry","product_cat-takviyeler"],"aioseo_notices":[],"_links":{"self":[{"href":"https:\/\/orrislife.com\/tr\/wp-json\/wp\/v2\/product\/5043","targetHints":{"allow":["GET"]}}],"collection":[{"href":"https:\/\/orrislife.com\/tr\/wp-json\/wp\/v2\/product"}],"about":[{"href":"https:\/\/orrislife.com\/tr\/wp-json\/wp\/v2\/types\/product"}],"replies":[{"embeddable":true,"href":"https:\/\/orrislife.com\/tr\/wp-json\/wp\/v2\/comments?post=5043"}],"wp:featuredmedia":[{"embeddable":true,"href":"https:\/\/orrislife.com\/tr\/wp-json\/wp\/v2\/media\/5044"}],"wp:attachment":[{"href":"https:\/\/orrislife.com\/tr\/wp-json\/wp\/v2\/media?parent=5043"}],"wp:term":[{"taxonomy":"product_cat","embeddable":true,"href":"https:\/\/orrislife.com\/tr\/wp-json\/wp\/v2\/product_cat?post=5043"},{"taxonomy":"product_tag","embeddable":true,"href":"https:\/\/orrislife.com\/tr\/wp-json\/wp\/v2\/product_tag?post=5043"}],"curies":[{"name":"wp","href":"https:\/\/api.w.org\/{rel}","templated":true}]}}