{"id":5033,"date":"2023-09-06T15:07:49","date_gmt":"2023-09-06T14:07:49","guid":{"rendered":"https:\/\/orrislife.com\/tr\/?post_type=product&#038;p=5033"},"modified":"2023-09-19T17:39:53","modified_gmt":"2023-09-19T16:39:53","slug":"hormozitol-poset-5-gr","status":"publish","type":"product","link":"https:\/\/orrislife.com\/tr\/product\/hormozitol-poset-5-gr\/","title":{"rendered":"Hormozitol Po\u015fet 5 gr"},"content":{"rendered":"<p id=\"tw-target-text\" class=\"tw-data-text tw-text-large tw-ta\" dir=\"ltr\" data-placeholder=\"\u00c7eviri\"><span class=\"Y2IQFc\" lang=\"tr\">Hormozitol insan v\u00fccudundaki \u00e7e\u015fitli lipopolisakkaritlerin, proteinlerin ve enzimlerin aktivitesinde hayati bir rol oynar. V\u00fccut h\u00fccrelerinin hormonlara duyarl\u0131l\u0131\u011f\u0131n\u0131 art\u0131r\u0131r ve hormonal dengeyi d\u00fczenler. Bile\u015fiminde bulunan selenyum sperminin korunmas\u0131n\u0131 ve hareketlili\u011fini sa\u011flayarak sperm kalitesini art\u0131r\u0131r. Bu nedenle erkek k\u0131s\u0131rl\u0131\u011f\u0131nda s\u0131kl\u0131kla kullan\u0131lmaktad\u0131r. Her iki cinsiyette \u00fcreme sa\u011fl\u0131\u011f\u0131n\u0131 iyile\u015ftirir, erkeklerde ve kad\u0131nlarda libidoyu art\u0131r\u0131r, kad\u0131nlarda adet d\u00f6ng\u00fcs\u00fcn\u00fc normalle\u015ftirir ve fiziksel strese kar\u015f\u0131 direncin artmas\u0131na yard\u0131mc\u0131 olur.<\/span><\/p>\n","protected":false},"excerpt":{"rendered":"<p id=\"tw-target-text\" class=\"tw-data-text tw-text-large tw-ta\" dir=\"ltr\" data-placeholder=\"\u00c7eviri\"><span class=\"Y2IQFc\" lang=\"tr\">Hormozitol insan v\u00fccudundaki \u00e7e\u015fitli lipopolisakkaritlerin, proteinlerin ve enzimlerin aktivitesinde hayati bir rol oynar. V\u00fccut h\u00fccrelerinin hormonlara duyarl\u0131l\u0131\u011f\u0131n\u0131 art\u0131r\u0131r ve hormonal dengeyi d\u00fczenler. Bile\u015fiminde bulunan selenyum sperminin korunmas\u0131n\u0131 ve hareketlili\u011fini sa\u011flayarak sperm kalitesini art\u0131r\u0131r. Bu nedenle erkek k\u0131s\u0131rl\u0131\u011f\u0131nda s\u0131kl\u0131kla kullan\u0131lmaktad\u0131r. Her iki cinsiyette \u00fcreme sa\u011fl\u0131\u011f\u0131n\u0131 iyile\u015ftirir, erkeklerde ve kad\u0131nlarda libidoyu art\u0131r\u0131r, kad\u0131nlarda adet d\u00f6ng\u00fcs\u00fcn\u00fc normalle\u015ftirir ve fiziksel strese kar\u015f\u0131 direncin artmas\u0131na yard\u0131mc\u0131 olur.<\/span><\/p>\n","protected":false},"featured_media":5034,"comment_status":"open","ping_status":"closed","template":"","meta":{"_joinchat":[]},"product_cat":[71],"product_tag":[],"class_list":["post-5033","product","type-product","status-publish","has-post-thumbnail","hentry","product_cat-takviyeler"],"aioseo_notices":[],"_links":{"self":[{"href":"https:\/\/orrislife.com\/tr\/wp-json\/wp\/v2\/product\/5033","targetHints":{"allow":["GET"]}}],"collection":[{"href":"https:\/\/orrislife.com\/tr\/wp-json\/wp\/v2\/product"}],"about":[{"href":"https:\/\/orrislife.com\/tr\/wp-json\/wp\/v2\/types\/product"}],"replies":[{"embeddable":true,"href":"https:\/\/orrislife.com\/tr\/wp-json\/wp\/v2\/comments?post=5033"}],"wp:featuredmedia":[{"embeddable":true,"href":"https:\/\/orrislife.com\/tr\/wp-json\/wp\/v2\/media\/5034"}],"wp:attachment":[{"href":"https:\/\/orrislife.com\/tr\/wp-json\/wp\/v2\/media?parent=5033"}],"wp:term":[{"taxonomy":"product_cat","embeddable":true,"href":"https:\/\/orrislife.com\/tr\/wp-json\/wp\/v2\/product_cat?post=5033"},{"taxonomy":"product_tag","embeddable":true,"href":"https:\/\/orrislife.com\/tr\/wp-json\/wp\/v2\/product_tag?post=5033"}],"curies":[{"name":"wp","href":"https:\/\/api.w.org\/{rel}","templated":true}]}}