{"id":5029,"date":"2023-09-06T14:59:40","date_gmt":"2023-09-06T13:59:40","guid":{"rendered":"https:\/\/orrislife.com\/tr\/?post_type=product&#038;p=5029"},"modified":"2023-09-19T17:39:06","modified_gmt":"2023-09-19T16:39:06","slug":"yodokal-damla-15-ml","status":"publish","type":"product","link":"https:\/\/orrislife.com\/tr\/product\/yodokal-damla-15-ml\/","title":{"rendered":"Yodokal Damla 15 ml"},"content":{"rendered":"<p id=\"tw-target-text\" class=\"tw-data-text tw-text-large tw-ta\" dir=\"ltr\" data-placeholder=\"\u00c7eviri\"><span class=\"Y2IQFc\" lang=\"tr\">Yodokal&#8217;in 15 ml&#8217;si 30 mg potasyum iyod\u00fcr ve 30 mg sodyum iyod\u00fcr i\u00e7erir. Kornea kanamas\u0131n\u0131n ve g\u00f6zdeki mantar enfeksiyonlar\u0131n\u0131n iyile\u015fmesine yard\u0131mc\u0131 olur. Kornea ameliyat\u0131 sonras\u0131 kanamalara faydal\u0131d\u0131r. G\u00fcn i\u00e7erisinde g\u00f6ze 1-3 damla uygulay\u0131n\u0131z.<\/span><\/p>\n","protected":false},"excerpt":{"rendered":"<p id=\"tw-target-text\" class=\"tw-data-text tw-text-large tw-ta\" dir=\"ltr\" data-placeholder=\"\u00c7eviri\"><span class=\"Y2IQFc\" lang=\"tr\">Yodokal&#8217;in 15 ml&#8217;si 30 mg potasyum iyod\u00fcr ve 30 mg sodyum iyod\u00fcr i\u00e7erir. Kornea kanamas\u0131n\u0131n ve g\u00f6zdeki mantar enfeksiyonlar\u0131n\u0131n iyile\u015fmesine yard\u0131mc\u0131 olur. Kornea ameliyat\u0131 sonras\u0131 kanamalara faydal\u0131d\u0131r. G\u00fcn i\u00e7erisinde g\u00f6ze 1-3 damla uygulay\u0131n\u0131z.<\/span><\/p>\n","protected":false},"featured_media":5030,"comment_status":"open","ping_status":"closed","template":"","meta":{"_joinchat":[]},"product_cat":[71],"product_tag":[],"class_list":["post-5029","product","type-product","status-publish","has-post-thumbnail","hentry","product_cat-takviyeler"],"aioseo_notices":[],"_links":{"self":[{"href":"https:\/\/orrislife.com\/tr\/wp-json\/wp\/v2\/product\/5029","targetHints":{"allow":["GET"]}}],"collection":[{"href":"https:\/\/orrislife.com\/tr\/wp-json\/wp\/v2\/product"}],"about":[{"href":"https:\/\/orrislife.com\/tr\/wp-json\/wp\/v2\/types\/product"}],"replies":[{"embeddable":true,"href":"https:\/\/orrislife.com\/tr\/wp-json\/wp\/v2\/comments?post=5029"}],"wp:featuredmedia":[{"embeddable":true,"href":"https:\/\/orrislife.com\/tr\/wp-json\/wp\/v2\/media\/5030"}],"wp:attachment":[{"href":"https:\/\/orrislife.com\/tr\/wp-json\/wp\/v2\/media?parent=5029"}],"wp:term":[{"taxonomy":"product_cat","embeddable":true,"href":"https:\/\/orrislife.com\/tr\/wp-json\/wp\/v2\/product_cat?post=5029"},{"taxonomy":"product_tag","embeddable":true,"href":"https:\/\/orrislife.com\/tr\/wp-json\/wp\/v2\/product_tag?post=5029"}],"curies":[{"name":"wp","href":"https:\/\/api.w.org\/{rel}","templated":true}]}}