{"id":5015,"date":"2023-09-06T14:45:28","date_gmt":"2023-09-06T13:45:28","guid":{"rendered":"https:\/\/orrislife.com\/tr\/?post_type=product&#038;p=5015"},"modified":"2023-09-19T16:20:07","modified_gmt":"2023-09-19T15:20:07","slug":"prost-max-damla-15-ml","status":"publish","type":"product","link":"https:\/\/orrislife.com\/tr\/product\/prost-max-damla-15-ml\/","title":{"rendered":"Prost Max Damla 15 ml"},"content":{"rendered":"<p id=\"tw-target-text\" class=\"tw-data-text tw-text-large tw-ta\" dir=\"ltr\" data-placeholder=\"\u00c7eviri\"><span class=\"Y2IQFc\" lang=\"tr\">Prost Max, y\u00fcksek kaliteli hammaddelerden \u00fcretilmi\u015f hijyenik bir \u00fcr\u00fcnd\u00fcr. So\u011fuk alg\u0131nl\u0131\u011f\u0131n\u0131n erken evrelerini \u00f6nlemeye, inflamatuar s\u00fcre\u00e7leri zay\u0131flatmaya ve mukoza zar\u0131n\u0131n \u015fi\u015fmesini azaltmaya yard\u0131mc\u0131 olur. Prost Max&#8217;in ayr\u0131ca dezenfektan ve hemostatik etkileri de vard\u0131r.<\/span><\/p>\n","protected":false},"excerpt":{"rendered":"<p id=\"tw-target-text\" class=\"tw-data-text tw-text-large tw-ta\" dir=\"ltr\" data-placeholder=\"\u00c7eviri\"><span class=\"Y2IQFc\" lang=\"tr\">Prost Max, y\u00fcksek kaliteli hammaddelerden \u00fcretilmi\u015f hijyenik bir \u00fcr\u00fcnd\u00fcr. So\u011fuk alg\u0131nl\u0131\u011f\u0131n\u0131n erken evrelerini \u00f6nlemeye, inflamatuar s\u00fcre\u00e7leri zay\u0131flatmaya ve mukoza zar\u0131n\u0131n \u015fi\u015fmesini azaltmaya yard\u0131mc\u0131 olur. Prost Max&#8217;in ayr\u0131ca dezenfektan ve hemostatik etkileri de vard\u0131r.<\/span><\/p>\n","protected":false},"featured_media":5016,"comment_status":"open","ping_status":"closed","template":"","meta":{"_joinchat":[]},"product_cat":[71],"product_tag":[],"class_list":["post-5015","product","type-product","status-publish","has-post-thumbnail","hentry","product_cat-takviyeler"],"aioseo_notices":[],"_links":{"self":[{"href":"https:\/\/orrislife.com\/tr\/wp-json\/wp\/v2\/product\/5015","targetHints":{"allow":["GET"]}}],"collection":[{"href":"https:\/\/orrislife.com\/tr\/wp-json\/wp\/v2\/product"}],"about":[{"href":"https:\/\/orrislife.com\/tr\/wp-json\/wp\/v2\/types\/product"}],"replies":[{"embeddable":true,"href":"https:\/\/orrislife.com\/tr\/wp-json\/wp\/v2\/comments?post=5015"}],"wp:featuredmedia":[{"embeddable":true,"href":"https:\/\/orrislife.com\/tr\/wp-json\/wp\/v2\/media\/5016"}],"wp:attachment":[{"href":"https:\/\/orrislife.com\/tr\/wp-json\/wp\/v2\/media?parent=5015"}],"wp:term":[{"taxonomy":"product_cat","embeddable":true,"href":"https:\/\/orrislife.com\/tr\/wp-json\/wp\/v2\/product_cat?post=5015"},{"taxonomy":"product_tag","embeddable":true,"href":"https:\/\/orrislife.com\/tr\/wp-json\/wp\/v2\/product_tag?post=5015"}],"curies":[{"name":"wp","href":"https:\/\/api.w.org\/{rel}","templated":true}]}}