{"id":5011,"date":"2023-09-06T14:43:05","date_gmt":"2023-09-06T13:43:05","guid":{"rendered":"https:\/\/orrislife.com\/tr\/?post_type=product&#038;p=5011"},"modified":"2023-09-19T16:22:38","modified_gmt":"2023-09-19T15:22:38","slug":"solufer-plus-surup-150-ml","status":"publish","type":"product","link":"https:\/\/orrislife.com\/tr\/product\/solufer-plus-surup-150-ml\/","title":{"rendered":"Solufer Plus \u015eurup 150 ml"},"content":{"rendered":"<p id=\"tw-target-text\" class=\"tw-data-text tw-text-large tw-ta\" dir=\"ltr\" data-placeholder=\"\u00c7eviri\"><span class=\"Y2IQFc\" lang=\"tr\">Solufer Plus \u015eurup&#8217;un her 5 ml&#8217;sinde B12 vitamini, C vitamini, demir, bak\u0131r ve kobalt bulunmaktad\u0131r. Ek bir vitamin ve mineral kayna\u011f\u0131 olarak tavsiye edilir.<\/span><\/p>\n","protected":false},"excerpt":{"rendered":"<p id=\"tw-target-text\" class=\"tw-data-text tw-text-large tw-ta\" dir=\"ltr\" data-placeholder=\"\u00c7eviri\"><span class=\"Y2IQFc\" lang=\"tr\">Solufer Plus \u015eurup&#8217;un her 5 ml&#8217;sinde B12 vitamini, C vitamini, demir, bak\u0131r ve kobalt bulunmaktad\u0131r. Ek bir vitamin ve mineral kayna\u011f\u0131 olarak tavsiye edilir.<\/span><\/p>\n","protected":false},"featured_media":5012,"comment_status":"open","ping_status":"closed","template":"","meta":{"_joinchat":[]},"product_cat":[71],"product_tag":[],"class_list":["post-5011","product","type-product","status-publish","has-post-thumbnail","hentry","product_cat-takviyeler"],"aioseo_notices":[],"_links":{"self":[{"href":"https:\/\/orrislife.com\/tr\/wp-json\/wp\/v2\/product\/5011","targetHints":{"allow":["GET"]}}],"collection":[{"href":"https:\/\/orrislife.com\/tr\/wp-json\/wp\/v2\/product"}],"about":[{"href":"https:\/\/orrislife.com\/tr\/wp-json\/wp\/v2\/types\/product"}],"replies":[{"embeddable":true,"href":"https:\/\/orrislife.com\/tr\/wp-json\/wp\/v2\/comments?post=5011"}],"wp:featuredmedia":[{"embeddable":true,"href":"https:\/\/orrislife.com\/tr\/wp-json\/wp\/v2\/media\/5012"}],"wp:attachment":[{"href":"https:\/\/orrislife.com\/tr\/wp-json\/wp\/v2\/media?parent=5011"}],"wp:term":[{"taxonomy":"product_cat","embeddable":true,"href":"https:\/\/orrislife.com\/tr\/wp-json\/wp\/v2\/product_cat?post=5011"},{"taxonomy":"product_tag","embeddable":true,"href":"https:\/\/orrislife.com\/tr\/wp-json\/wp\/v2\/product_tag?post=5011"}],"curies":[{"name":"wp","href":"https:\/\/api.w.org\/{rel}","templated":true}]}}