{"id":5007,"date":"2023-09-06T14:04:46","date_gmt":"2023-09-06T13:04:46","guid":{"rendered":"https:\/\/orrislife.com\/tr\/?post_type=product&#038;p=5007"},"modified":"2023-09-19T16:26:57","modified_gmt":"2023-09-19T15:26:57","slug":"ofton-surup-150-ml","status":"publish","type":"product","link":"https:\/\/orrislife.com\/tr\/product\/ofton-surup-150-ml\/","title":{"rendered":"Ofton \u015eurup 150 ml"},"content":{"rendered":"<p id=\"tw-target-text\" class=\"tw-data-text tw-text-large tw-ta\" dir=\"ltr\" data-placeholder=\"\u00c7eviri\"><span class=\"Y2IQFc\" lang=\"tr\">Her 5 ml \u015furup, 100 mg arginin aspartat, 50 mg fosfatidilserin, 50 mg L-Glutamin, 20 mg fosfatidilkolin ve 20 mg lesitin i\u00e7erir. Beyin dokusunda glikoz metabolizmas\u0131n\u0131 aktive eder, sinir h\u00fccrelerinin iskemik komplikasyonlara kar\u015f\u0131 direncini artt\u0131r\u0131r. Merkezi sinir sistemindeki metabolik s\u00fcre\u00e7leri d\u00fczenler, beyindeki oksidasyon-red\u00fcksiyon s\u00fcre\u00e7lerini uyar\u0131r, sinir ve endokrin sistemlerinin normal \u00e7al\u0131\u015fmas\u0131n\u0131 sa\u011flar. Kandaki kolesterol ve ya\u011f asitlerini azalt\u0131r.<\/span><\/p>\n","protected":false},"excerpt":{"rendered":"<p id=\"tw-target-text\" class=\"tw-data-text tw-text-large tw-ta\" dir=\"ltr\" data-placeholder=\"\u00c7eviri\"><span class=\"Y2IQFc\" lang=\"tr\">Her 5 ml \u015furup, 100 mg arginin aspartat, 50 mg fosfatidilserin, 50 mg L-Glutamin, 20 mg fosfatidilkolin ve 20 mg lesitin i\u00e7erir. Beyin dokusunda glikoz metabolizmas\u0131n\u0131 aktive eder, sinir h\u00fccrelerinin iskemik komplikasyonlara kar\u015f\u0131 direncini artt\u0131r\u0131r. Merkezi sinir sistemindeki metabolik s\u00fcre\u00e7leri d\u00fczenler, beyindeki oksidasyon-red\u00fcksiyon s\u00fcre\u00e7lerini uyar\u0131r, sinir ve endokrin sistemlerinin normal \u00e7al\u0131\u015fmas\u0131n\u0131 sa\u011flar. Kandaki kolesterol ve ya\u011f asitlerini azalt\u0131r.<\/span><\/p>\n","protected":false},"featured_media":5008,"comment_status":"open","ping_status":"closed","template":"","meta":{"_joinchat":[]},"product_cat":[71],"product_tag":[],"class_list":["post-5007","product","type-product","status-publish","has-post-thumbnail","hentry","product_cat-takviyeler"],"aioseo_notices":[],"_links":{"self":[{"href":"https:\/\/orrislife.com\/tr\/wp-json\/wp\/v2\/product\/5007","targetHints":{"allow":["GET"]}}],"collection":[{"href":"https:\/\/orrislife.com\/tr\/wp-json\/wp\/v2\/product"}],"about":[{"href":"https:\/\/orrislife.com\/tr\/wp-json\/wp\/v2\/types\/product"}],"replies":[{"embeddable":true,"href":"https:\/\/orrislife.com\/tr\/wp-json\/wp\/v2\/comments?post=5007"}],"wp:featuredmedia":[{"embeddable":true,"href":"https:\/\/orrislife.com\/tr\/wp-json\/wp\/v2\/media\/5008"}],"wp:attachment":[{"href":"https:\/\/orrislife.com\/tr\/wp-json\/wp\/v2\/media?parent=5007"}],"wp:term":[{"taxonomy":"product_cat","embeddable":true,"href":"https:\/\/orrislife.com\/tr\/wp-json\/wp\/v2\/product_cat?post=5007"},{"taxonomy":"product_tag","embeddable":true,"href":"https:\/\/orrislife.com\/tr\/wp-json\/wp\/v2\/product_tag?post=5007"}],"curies":[{"name":"wp","href":"https:\/\/api.w.org\/{rel}","templated":true}]}}