{"id":5001,"date":"2023-09-06T13:58:44","date_gmt":"2023-09-06T12:58:44","guid":{"rendered":"https:\/\/orrislife.com\/tr\/?post_type=product&#038;p=5001"},"modified":"2023-09-19T16:32:30","modified_gmt":"2023-09-19T15:32:30","slug":"ofto-eylul-damlasi-10-ml","status":"publish","type":"product","link":"https:\/\/orrislife.com\/tr\/product\/ofto-eylul-damlasi-10-ml\/","title":{"rendered":"Ofto Eyl\u00fcl Damlas\u0131 10 ml"},"content":{"rendered":"<p id=\"tw-target-text\" class=\"tw-data-text tw-text-large tw-ta\" dir=\"ltr\" data-placeholder=\"\u00c7eviri\"><span class=\"Y2IQFc\" lang=\"tr\">Ofto Sept&#8217;in her 1 ml&#8217;si 2.0 mg hyaluronik asit, 3.0 mg hipromelloz ve 0.03 mg kolloidal g\u00fcm\u00fc\u015f suyu i\u00e7erir. Viral ve bula\u015f\u0131c\u0131 patolojilerde, ayr\u0131ca optik sinir ve g\u00f6z p\u0131rlantas\u0131n\u0131n beslenmeye ihtiya\u00e7 duydu\u011fu durumlarda ve damar patolojilerinde kullan\u0131lmas\u0131 tavsiye edilir. Hi\u00e7bir yan etkisi yoktur, yaln\u0131zca a\u015f\u0131r\u0131 duyarl\u0131 olunabilecek bile\u015fenler i\u00e7erir. G\u00fcn i\u00e7erisinde g\u00f6z konjonktiva kesesine 1-2 damla damlat\u0131larak uygulan\u0131r.<\/span><\/p>\n","protected":false},"excerpt":{"rendered":"<p id=\"tw-target-text\" class=\"tw-data-text tw-text-large tw-ta\" dir=\"ltr\" data-placeholder=\"\u00c7eviri\"><span class=\"Y2IQFc\" lang=\"tr\">Ofto Sept&#8217;in her 1 ml&#8217;si 2.0 mg hyaluronik asit, 3.0 mg hipromelloz ve 0.03 mg kolloidal g\u00fcm\u00fc\u015f suyu i\u00e7erir. Viral ve bula\u015f\u0131c\u0131 patolojilerde, ayr\u0131ca optik sinir ve g\u00f6z p\u0131rlantas\u0131n\u0131n beslenmeye ihtiya\u00e7 duydu\u011fu durumlarda ve damar patolojilerinde kullan\u0131lmas\u0131 tavsiye edilir. Hi\u00e7bir yan etkisi yoktur, yaln\u0131zca a\u015f\u0131r\u0131 duyarl\u0131 olunabilecek bile\u015fenler i\u00e7erir. G\u00fcn i\u00e7erisinde g\u00f6z konjonktiva kesesine 1-2 damla damlat\u0131larak uygulan\u0131r.<\/span><\/p>\n","protected":false},"featured_media":5002,"comment_status":"open","ping_status":"closed","template":"","meta":{"_joinchat":[]},"product_cat":[70],"product_tag":[],"class_list":["post-5001","product","type-product","status-publish","has-post-thumbnail","hentry","product_cat-goz-sagligi"],"aioseo_notices":[],"_links":{"self":[{"href":"https:\/\/orrislife.com\/tr\/wp-json\/wp\/v2\/product\/5001","targetHints":{"allow":["GET"]}}],"collection":[{"href":"https:\/\/orrislife.com\/tr\/wp-json\/wp\/v2\/product"}],"about":[{"href":"https:\/\/orrislife.com\/tr\/wp-json\/wp\/v2\/types\/product"}],"replies":[{"embeddable":true,"href":"https:\/\/orrislife.com\/tr\/wp-json\/wp\/v2\/comments?post=5001"}],"wp:featuredmedia":[{"embeddable":true,"href":"https:\/\/orrislife.com\/tr\/wp-json\/wp\/v2\/media\/5002"}],"wp:attachment":[{"href":"https:\/\/orrislife.com\/tr\/wp-json\/wp\/v2\/media?parent=5001"}],"wp:term":[{"taxonomy":"product_cat","embeddable":true,"href":"https:\/\/orrislife.com\/tr\/wp-json\/wp\/v2\/product_cat?post=5001"},{"taxonomy":"product_tag","embeddable":true,"href":"https:\/\/orrislife.com\/tr\/wp-json\/wp\/v2\/product_tag?post=5001"}],"curies":[{"name":"wp","href":"https:\/\/api.w.org\/{rel}","templated":true}]}}