{"id":4732,"date":"2023-09-04T11:04:02","date_gmt":"2023-09-04T10:04:02","guid":{"rendered":"https:\/\/orrislife.com\/tr\/?page_id=4732"},"modified":"2023-09-21T14:11:52","modified_gmt":"2023-09-21T13:11:52","slug":"cilt-beyazlatma","status":"publish","type":"page","link":"https:\/\/orrislife.com\/tr\/cilt-beyazlatma\/","title":{"rendered":"Cilt Beyazlatma"},"content":{"rendered":"\t\t<div data-elementor-type=\"wp-page\" data-elementor-id=\"4732\" class=\"elementor elementor-4732\">\n\t\t\t\t\t\t\t        <section class=\"elementor-section elementor-top-section elementor-element elementor-element-a042c7a elementor-section-boxed elementor-section-height-default elementor-section-height-default\" data-id=\"a042c7a\" data-element_type=\"section\">\n            \n                        <div class=\"elementor-container elementor-column-gap-default \">\n                    <div class=\"aux-parallax-section elementor-column elementor-col-100 elementor-top-column elementor-element elementor-element-d86e22a\" data-id=\"d86e22a\" data-element_type=\"column\">\n            <div class=\"elementor-widget-wrap elementor-element-populated\">\n                        \t\t<div class=\"elementor-element elementor-element-c6d0ca2 elementor-widget elementor-widget-heading\" data-id=\"c6d0ca2\" data-element_type=\"widget\" data-widget_type=\"heading.default\">\n\t\t\t\t<div class=\"elementor-widget-container\">\n\t\t\t<h2 class=\"elementor-heading-title elementor-size-default\">Orris Life'\u0131n Do\u011fal Cilt Beyazlatma \u00c7\u00f6z\u00fcmleriyle Parlak I\u015f\u0131lt\u0131n\u0131z\u0131n Kilidini A\u00e7\u0131n<\/h2>\t\t<\/div>\n\t\t\t\t<\/div>\n\t\t            <\/div>\n        <\/div>\n                            <\/div>\n        <\/section>\n                <section class=\"elementor-section elementor-top-section elementor-element elementor-element-b8e17dc elementor-section-boxed elementor-section-height-default elementor-section-height-default\" data-id=\"b8e17dc\" data-element_type=\"section\">\n            \n                        <div class=\"elementor-container elementor-column-gap-default \">\n                    <div class=\"aux-parallax-section elementor-column elementor-col-100 elementor-top-column elementor-element elementor-element-bec54f8\" data-id=\"bec54f8\" data-element_type=\"column\">\n            <div class=\"elementor-widget-wrap elementor-element-populated\">\n                        \t\t<div class=\"elementor-element elementor-element-7d4184a elementor-widget elementor-widget-text-editor\" data-id=\"7d4184a\" data-element_type=\"widget\" data-widget_type=\"text-editor.default\">\n\t\t\t\t<div class=\"elementor-widget-container\">\n\t\t\t\t\t\t\t<p id=\"tw-target-text\" class=\"tw-data-text tw-text-large tw-ta\" dir=\"ltr\" data-placeholder=\"\u00c7eviri\"><span class=\"Y2IQFc\" lang=\"tr\">Orris Life&#8217;ta \u0131\u015f\u0131lt\u0131l\u0131 bir cilt i\u00e7in do\u011fan\u0131n g\u00fcc\u00fcn\u00fc ke\u015ffedin. Toplu miktarlarda mevcut olan birinci s\u0131n\u0131f do\u011fal cilt beyazlatma \u00e7\u00f6z\u00fcmlerimizi ke\u015ffedin. G\u00fczelli\u011finizi do\u011fal bir \u015fekilde kucaklay\u0131n.<\/span><\/p>\t\t\t\t\t\t<\/div>\n\t\t\t\t<\/div>\n\t\t            <\/div>\n        <\/div>\n                            <\/div>\n        <\/section>\n                <section class=\"elementor-section elementor-top-section elementor-element elementor-element-10d3344 elementor-section-boxed elementor-section-height-default elementor-section-height-default\" data-id=\"10d3344\" data-element_type=\"section\">\n            \n                        <div class=\"elementor-container elementor-column-gap-default \">\n                    <div class=\"aux-parallax-section elementor-column elementor-col-100 elementor-top-column elementor-element elementor-element-753b801\" data-id=\"753b801\" data-element_type=\"column\">\n            <div class=\"elementor-widget-wrap elementor-element-populated\">\n                        \t\t<div class=\"elementor-element elementor-element-83d4f2f elementor-widget elementor-widget-heading\" data-id=\"83d4f2f\" data-element_type=\"widget\" data-widget_type=\"heading.default\">\n\t\t\t\t<div class=\"elementor-widget-container\">\n\t\t\t<h2 class=\"elementor-heading-title elementor-size-default\">Cilt Beyazlatma \u00dcr\u00fcnleri<\/h2>\t\t<\/div>\n\t\t\t\t<\/div>\n\t\t            <\/div>\n        <\/div>\n                            <\/div>\n        <\/section>\n                <section class=\"elementor-section elementor-top-section elementor-element elementor-element-c99f15b elementor-section-boxed elementor-section-height-default elementor-section-height-default\" data-id=\"c99f15b\" data-element_type=\"section\">\n            \n                        <div class=\"elementor-container elementor-column-gap-default \">\n                    <div class=\"aux-parallax-section elementor-column elementor-col-100 elementor-top-column elementor-element elementor-element-36383af\" data-id=\"36383af\" data-element_type=\"column\">\n            <div class=\"elementor-widget-wrap elementor-element-populated\">\n                        \t\t<div class=\"elementor-element elementor-element-553782b elementor-widget elementor-widget-aux_product_grid\" data-id=\"553782b\" data-element_type=\"widget\" data-settings=\"{&quot;columns&quot;:&quot;4&quot;}\" data-widget_type=\"aux_product_grid.default\">\n\t\t\t\t<div class=\"elementor-widget-container\">\n\t\t\t<div class='woocommerce woocommerce-page aux-shop-archive'><div class=\"products-loop aux-match-height aux-row aux-de-col4 aux-tb-col2 aux-mb-col1\">\n<\/div>\n<\/div>\t\t<\/div>\n\t\t\t\t<\/div>\n\t\t            <\/div>\n        <\/div>\n                            <\/div>\n        <\/section>\n                <section class=\"elementor-section elementor-top-section elementor-element elementor-element-7862431 elementor-section-boxed elementor-section-height-default elementor-section-height-default\" data-id=\"7862431\" data-element_type=\"section\">\n            \n                        <div class=\"elementor-container elementor-column-gap-default \">\n                    <div class=\"aux-parallax-section elementor-column elementor-col-100 elementor-top-column elementor-element elementor-element-09d5964\" data-id=\"09d5964\" data-element_type=\"column\">\n            <div class=\"elementor-widget-wrap elementor-element-populated\">\n                        \t\t<div class=\"elementor-element elementor-element-a98d6fa elementor-widget elementor-widget-aux_product_grid\" data-id=\"a98d6fa\" data-element_type=\"widget\" data-settings=\"{&quot;columns&quot;:&quot;3&quot;}\" data-widget_type=\"aux_product_grid.default\">\n\t\t\t\t<div class=\"elementor-widget-container\">\n\t\t\t<div class='woocommerce woocommerce-page aux-shop-archive'><div class=\"products-loop aux-match-height aux-row aux-de-col3 aux-tb-col2 aux-mb-col1\">\n\n<div class=\"aux-col product type-product post-5344 status-publish first instock product_cat-cilt-beyazlatma product_cat-vucut-bakimi has-post-thumbnail shipping-taxable product-type-simple aux-remove-view-cart\">\n\t<img loading=\"lazy\" decoding=\"async\" width=\"503\" height=\"377\" src=\"https:\/\/orrislife.com\/tr\/wp-content\/uploads\/2023\/09\/beyazlatici-v1-503x378.jpg\" class=\"auxshp-product-image auxshp-attachment \" alt=\"beyazlat\u0131c\u0131 v1\" data-original-width=\"600\" data-original-height=\"600\" data-original-src=\"https:\/\/orrislife.com\/tr\/wp-content\/uploads\/2023\/09\/beyazlatici-v1.jpg\" srcset=\"https:\/\/orrislife.com\/tr\/wp-content\/uploads\/2023\/09\/beyazlatici-v1-150x113.jpg 150w,https:\/\/orrislife.com\/tr\/wp-content\/uploads\/2023\/09\/beyazlatici-v1-300x225.jpg 300w,https:\/\/orrislife.com\/tr\/wp-content\/uploads\/2023\/09\/beyazlatici-v1-768x576.jpg 768w,https:\/\/orrislife.com\/tr\/wp-content\/uploads\/2023\/09\/beyazlatici-v1-1024x768.jpg 1024w,https:\/\/orrislife.com\/tr\/wp-content\/uploads\/2023\/09\/beyazlatici-v1-503x378.jpg 503w\" data-ratio=\"1.33\" data-original-w=\"1600\" sizes=\"auto, (max-width:479px) 480px,(max-width:767px) 768px,(max-width:1023px) 1024px,503px\" \/><\/span><\/a><\/a><div class=\"auxshp-entry-main\"><a href=\"https:\/\/orrislife.com\/tr\/product\/vucut-beyazlatma-kremi%cc%87\/\" class=\"auxshp-label auxshp-loop-title\"><h3 class=\"auxshp-title-heading\">V\u00fccut Beyazlatma Kremi\u0307<\/h3><\/a><div class=\"loop-meta-wrapper\">\n    <div class=\"product_meta\">\n        <em class=\"auxshp-meta-terms\"><a href=\"https:\/\/orrislife.com\/tr\/product-category\/cilt-bakimi\/cilt-beyazlatma\/\" rel=\"tag\">Cilt Beyazlatma<\/a>, <a href=\"https:\/\/orrislife.com\/tr\/product-category\/vucut-bakimi\/\" rel=\"tag\">V\u00fccut Bak\u0131m\u0131<\/a><\/em>    <\/div>\n<\/div>\n\n<\/div><\/div>\n<\/div>\n<\/div>\t\t<\/div>\n\t\t\t\t<\/div>\n\t\t            <\/div>\n        <\/div>\n                            <\/div>\n        <\/section>\n        \t\t\t\t\t<\/div>\n\t\t","protected":false},"excerpt":{"rendered":"<p>Orris Life&#8217;\u0131n Do\u011fal Cilt Beyazlatma \u00c7\u00f6z\u00fcmleriyle Parlak I\u015f\u0131lt\u0131n\u0131z\u0131n Kilidini A\u00e7\u0131n Orris Life&#8217;ta \u0131\u015f\u0131lt\u0131l\u0131 bir cilt i\u00e7in do\u011fan\u0131n g\u00fcc\u00fcn\u00fc ke\u015ffedin. Toplu miktarlarda mevcut olan birinci s\u0131n\u0131f do\u011fal cilt beyazlatma \u00e7\u00f6z\u00fcmlerimizi ke\u015ffedin. G\u00fczelli\u011finizi do\u011fal bir \u015fekilde kucaklay\u0131n. Cilt Beyazlatma \u00dcr\u00fcnleri V\u00fccut Beyazlatma Kremi\u0307 Cilt Beyazlatma, V\u00fccut Bak\u0131m\u0131<\/p>\n","protected":false},"author":1,"featured_media":0,"parent":0,"menu_order":0,"comment_status":"closed","ping_status":"closed","template":"","meta":{"_joinchat":[],"footnotes":""},"class_list":["post-4732","page","type-page","status-publish","hentry"],"aioseo_notices":[],"_links":{"self":[{"href":"https:\/\/orrislife.com\/tr\/wp-json\/wp\/v2\/pages\/4732","targetHints":{"allow":["GET"]}}],"collection":[{"href":"https:\/\/orrislife.com\/tr\/wp-json\/wp\/v2\/pages"}],"about":[{"href":"https:\/\/orrislife.com\/tr\/wp-json\/wp\/v2\/types\/page"}],"author":[{"embeddable":true,"href":"https:\/\/orrislife.com\/tr\/wp-json\/wp\/v2\/users\/1"}],"replies":[{"embeddable":true,"href":"https:\/\/orrislife.com\/tr\/wp-json\/wp\/v2\/comments?post=4732"}],"version-history":[{"count":18,"href":"https:\/\/orrislife.com\/tr\/wp-json\/wp\/v2\/pages\/4732\/revisions"}],"predecessor-version":[{"id":5594,"href":"https:\/\/orrislife.com\/tr\/wp-json\/wp\/v2\/pages\/4732\/revisions\/5594"}],"wp:attachment":[{"href":"https:\/\/orrislife.com\/tr\/wp-json\/wp\/v2\/media?parent=4732"}],"curies":[{"name":"wp","href":"https:\/\/api.w.org\/{rel}","templated":true}]}}