{"id":4730,"date":"2023-09-04T11:03:24","date_gmt":"2023-09-04T10:03:24","guid":{"rendered":"https:\/\/orrislife.com\/tr\/?page_id=4730"},"modified":"2023-09-21T14:18:37","modified_gmt":"2023-09-21T13:18:37","slug":"bronzlasma","status":"publish","type":"page","link":"https:\/\/orrislife.com\/tr\/bronzlasma\/","title":{"rendered":"Bronzla\u015fma"},"content":{"rendered":"\t\t<div data-elementor-type=\"wp-page\" data-elementor-id=\"4730\" class=\"elementor elementor-4730\">\n\t\t\t\t\t\t\t        <section class=\"elementor-section elementor-top-section elementor-element elementor-element-d11d5d8 elementor-section-boxed elementor-section-height-default elementor-section-height-default\" data-id=\"d11d5d8\" data-element_type=\"section\">\n            \n                        <div class=\"elementor-container elementor-column-gap-default \">\n                    <div class=\"aux-parallax-section elementor-column elementor-col-100 elementor-top-column elementor-element elementor-element-493d6c7\" data-id=\"493d6c7\" data-element_type=\"column\">\n            <div class=\"elementor-widget-wrap elementor-element-populated\">\n                        \t\t<div class=\"elementor-element elementor-element-477639b elementor-widget elementor-widget-heading\" data-id=\"477639b\" data-element_type=\"widget\" data-widget_type=\"heading.default\">\n\t\t\t\t<div class=\"elementor-widget-container\">\n\t\t\t<h2 class=\"elementor-heading-title elementor-size-default\">Orris Life ile Sa\u011fl\u0131kl\u0131 Ya\u015fam\u0131 Yay\u0131n: Do\u011fal Bronzla\u015fma \u00c7\u00f6z\u00fcmleri Kayna\u011f\u0131n\u0131z\n<\/h2>\t\t<\/div>\n\t\t\t\t<\/div>\n\t\t            <\/div>\n        <\/div>\n                            <\/div>\n        <\/section>\n                <section class=\"elementor-section elementor-top-section elementor-element elementor-element-7eaf22b elementor-section-boxed elementor-section-height-default elementor-section-height-default\" data-id=\"7eaf22b\" data-element_type=\"section\">\n            \n                        <div class=\"elementor-container elementor-column-gap-default \">\n                    <div class=\"aux-parallax-section elementor-column elementor-col-100 elementor-top-column elementor-element elementor-element-c3f051b\" data-id=\"c3f051b\" data-element_type=\"column\">\n            <div class=\"elementor-widget-wrap elementor-element-populated\">\n                        \t\t<div class=\"elementor-element elementor-element-d316f6d elementor-widget elementor-widget-text-editor\" data-id=\"d316f6d\" data-element_type=\"widget\" data-widget_type=\"text-editor.default\">\n\t\t\t\t<div class=\"elementor-widget-container\">\n\t\t\t\t\t\t\t<p id=\"tw-target-text\" class=\"tw-data-text tw-text-large tw-ta\" dir=\"ltr\" data-placeholder=\"\u00c7eviri\"><span class=\"Y2IQFc\" lang=\"tr\">Orris Life&#8217;\u0131n Do\u011fal Bronzla\u015fma \u00dcr\u00fcnleri ile Hak Etti\u011finiz G\u00fcne\u015fin \u00d6pt\u00fc\u011f\u00fc Par\u0131lt\u0131y\u0131 Ke\u015ffedin. Sa\u011fl\u0131kl\u0131, G\u00fczel Bir Bronzluk i\u00e7in Do\u011fan\u0131n G\u00fcc\u00fcn\u00fc Kucaklay\u0131n.<\/span><\/p>\t\t\t\t\t\t<\/div>\n\t\t\t\t<\/div>\n\t\t            <\/div>\n        <\/div>\n                            <\/div>\n        <\/section>\n                <section class=\"elementor-section elementor-top-section elementor-element elementor-element-f490f77 elementor-section-boxed elementor-section-height-default elementor-section-height-default\" data-id=\"f490f77\" data-element_type=\"section\">\n            \n                        <div class=\"elementor-container elementor-column-gap-default \">\n                    <div class=\"aux-parallax-section elementor-column elementor-col-100 elementor-top-column elementor-element elementor-element-878bb87\" data-id=\"878bb87\" data-element_type=\"column\">\n            <div class=\"elementor-widget-wrap elementor-element-populated\">\n                        \t\t<div class=\"elementor-element elementor-element-b800ab9 elementor-widget elementor-widget-heading\" data-id=\"b800ab9\" data-element_type=\"widget\" data-widget_type=\"heading.default\">\n\t\t\t\t<div class=\"elementor-widget-container\">\n\t\t\t<h2 class=\"elementor-heading-title elementor-size-default\">Bronzla\u015fma \u00dcr\u00fcnleri\n<\/h2>\t\t<\/div>\n\t\t\t\t<\/div>\n\t\t            <\/div>\n        <\/div>\n                            <\/div>\n        <\/section>\n                <section class=\"elementor-section elementor-top-section elementor-element elementor-element-f0553a0 elementor-section-boxed elementor-section-height-default elementor-section-height-default\" data-id=\"f0553a0\" data-element_type=\"section\">\n            \n                        <div class=\"elementor-container elementor-column-gap-default \">\n                    <div class=\"aux-parallax-section elementor-column elementor-col-100 elementor-top-column elementor-element elementor-element-bf8c900\" data-id=\"bf8c900\" data-element_type=\"column\">\n            <div class=\"elementor-widget-wrap elementor-element-populated\">\n                        \t\t<div class=\"elementor-element elementor-element-561a4ef elementor-widget elementor-widget-aux_product_grid\" data-id=\"561a4ef\" data-element_type=\"widget\" data-settings=\"{&quot;columns&quot;:&quot;3&quot;}\" data-widget_type=\"aux_product_grid.default\">\n\t\t\t\t<div class=\"elementor-widget-container\">\n\t\t\t<div class='woocommerce woocommerce-page aux-shop-archive'><div class=\"products-loop aux-match-height aux-row aux-de-col3 aux-tb-col2 aux-mb-col1\">\n\n<div class=\"aux-col product type-product post-5348 status-publish first instock product_cat-bronzlasma has-post-thumbnail shipping-taxable product-type-simple aux-remove-view-cart\">\n\t<img loading=\"lazy\" decoding=\"async\" width=\"503\" height=\"377\" src=\"https:\/\/orrislife.com\/tr\/wp-content\/uploads\/2023\/09\/quins-spf-v1-503x378.jpg\" class=\"auxshp-product-image auxshp-attachment \" alt=\"quins spf v1.\" data-original-width=\"600\" data-original-height=\"600\" data-original-src=\"https:\/\/orrislife.com\/tr\/wp-content\/uploads\/2023\/09\/quins-spf-v1.jpg\" srcset=\"https:\/\/orrislife.com\/tr\/wp-content\/uploads\/2023\/09\/quins-spf-v1-150x113.jpg 150w,https:\/\/orrislife.com\/tr\/wp-content\/uploads\/2023\/09\/quins-spf-v1-300x225.jpg 300w,https:\/\/orrislife.com\/tr\/wp-content\/uploads\/2023\/09\/quins-spf-v1-768x576.jpg 768w,https:\/\/orrislife.com\/tr\/wp-content\/uploads\/2023\/09\/quins-spf-v1-1024x768.jpg 1024w,https:\/\/orrislife.com\/tr\/wp-content\/uploads\/2023\/09\/quins-spf-v1-503x378.jpg 503w\" data-ratio=\"1.33\" data-original-w=\"1600\" sizes=\"auto, (max-width:479px) 480px,(max-width:767px) 768px,(max-width:1023px) 1024px,503px\" \/><\/span><\/a><\/a><div class=\"auxshp-entry-main\"><a href=\"https:\/\/orrislife.com\/tr\/product\/gunes-korumali-yuz-kremi%cc%87\/\" class=\"auxshp-label auxshp-loop-title\"><h3 class=\"auxshp-title-heading\">G\u00fcne\u015f Korumal\u0131 Y\u00fcz Kremi\u0307<\/h3><\/a><div class=\"loop-meta-wrapper\">\n    <div class=\"product_meta\">\n        <em class=\"auxshp-meta-terms\"><a href=\"https:\/\/orrislife.com\/tr\/product-category\/cilt-bakimi\/bronzlasma\/\" rel=\"tag\">Bronzla\u015fma<\/a><\/em>    <\/div>\n<\/div>\n\n<\/div><\/div>\n<\/div>\n<\/div>\t\t<\/div>\n\t\t\t\t<\/div>\n\t\t\t\t<div class=\"elementor-element elementor-element-e4e5f35 elementor-widget elementor-widget-aux_product_grid\" data-id=\"e4e5f35\" data-element_type=\"widget\" data-settings=\"{&quot;columns&quot;:&quot;4&quot;}\" data-widget_type=\"aux_product_grid.default\">\n\t\t\t\t<div class=\"elementor-widget-container\">\n\t\t\t<div class='woocommerce woocommerce-page aux-shop-archive'><div class=\"products-loop aux-match-height aux-row aux-de-col4 aux-tb-col2 aux-mb-col1\">\n<\/div>\n<\/div>\t\t<\/div>\n\t\t\t\t<\/div>\n\t\t            <\/div>\n        <\/div>\n                            <\/div>\n        <\/section>\n        \t\t\t\t\t<\/div>\n\t\t","protected":false},"excerpt":{"rendered":"<p>Orris Life ile Sa\u011fl\u0131kl\u0131 Ya\u015fam\u0131 Yay\u0131n: Do\u011fal Bronzla\u015fma \u00c7\u00f6z\u00fcmleri Kayna\u011f\u0131n\u0131z Orris Life&#8217;\u0131n Do\u011fal Bronzla\u015fma \u00dcr\u00fcnleri ile Hak Etti\u011finiz G\u00fcne\u015fin \u00d6pt\u00fc\u011f\u00fc Par\u0131lt\u0131y\u0131 Ke\u015ffedin. Sa\u011fl\u0131kl\u0131, G\u00fczel Bir Bronzluk i\u00e7in Do\u011fan\u0131n G\u00fcc\u00fcn\u00fc Kucaklay\u0131n. Bronzla\u015fma \u00dcr\u00fcnleri G\u00fcne\u015f Korumal\u0131 Y\u00fcz Kremi\u0307 Bronzla\u015fma<\/p>\n","protected":false},"author":1,"featured_media":0,"parent":0,"menu_order":0,"comment_status":"closed","ping_status":"closed","template":"","meta":{"_joinchat":[],"footnotes":""},"class_list":["post-4730","page","type-page","status-publish","hentry"],"aioseo_notices":[],"_links":{"self":[{"href":"https:\/\/orrislife.com\/tr\/wp-json\/wp\/v2\/pages\/4730","targetHints":{"allow":["GET"]}}],"collection":[{"href":"https:\/\/orrislife.com\/tr\/wp-json\/wp\/v2\/pages"}],"about":[{"href":"https:\/\/orrislife.com\/tr\/wp-json\/wp\/v2\/types\/page"}],"author":[{"embeddable":true,"href":"https:\/\/orrislife.com\/tr\/wp-json\/wp\/v2\/users\/1"}],"replies":[{"embeddable":true,"href":"https:\/\/orrislife.com\/tr\/wp-json\/wp\/v2\/comments?post=4730"}],"version-history":[{"count":14,"href":"https:\/\/orrislife.com\/tr\/wp-json\/wp\/v2\/pages\/4730\/revisions"}],"predecessor-version":[{"id":5615,"href":"https:\/\/orrislife.com\/tr\/wp-json\/wp\/v2\/pages\/4730\/revisions\/5615"}],"wp:attachment":[{"href":"https:\/\/orrislife.com\/tr\/wp-json\/wp\/v2\/media?parent=4730"}],"curies":[{"name":"wp","href":"https:\/\/api.w.org\/{rel}","templated":true}]}}