{"id":3514,"date":"2020-02-07T02:19:55","date_gmt":"2020-02-07T02:19:55","guid":{"rendered":"https:\/\/demo.casethemes.net\/consultio-medical\/?page_id=3514"},"modified":"2023-09-21T10:10:52","modified_gmt":"2023-09-21T09:10:52","slug":"bize-ulasin","status":"publish","type":"page","link":"https:\/\/orrislife.com\/tr\/bize-ulasin\/","title":{"rendered":"Bize Ula\u015f\u0131n"},"content":{"rendered":"\t\t<div data-elementor-type=\"wp-page\" data-elementor-id=\"3514\" class=\"elementor elementor-3514\">\n\t\t\t\t\t\t\t        <section class=\"elementor-section elementor-top-section elementor-element elementor-element-b8e8f06 elementor-section-stretched elementor-section-content-middle elementor-section-boxed elementor-section-height-default elementor-section-height-default\" data-id=\"b8e8f06\" data-element_type=\"section\" data-settings=\"{&quot;stretch_section&quot;:&quot;section-stretched&quot;,&quot;background_background&quot;:&quot;classic&quot;}\">\n            \n                        <div class=\"elementor-container elementor-column-gap-extended \">\n                    <div class=\"aux-parallax-section elementor-column elementor-col-100 elementor-top-column elementor-element elementor-element-4fe1e58\" data-id=\"4fe1e58\" data-element_type=\"column\">\n            <div class=\"elementor-widget-wrap elementor-element-populated\">\n                                <section class=\"elementor-section elementor-inner-section elementor-element elementor-element-9d588bb elementor-section-boxed elementor-section-height-default elementor-section-height-default\" data-id=\"9d588bb\" data-element_type=\"section\">\n            \n                        <div class=\"elementor-container elementor-column-gap-extended \">\n                    <div class=\"aux-parallax-section elementor-column elementor-col-50 elementor-inner-column elementor-element elementor-element-26cfc40\" data-id=\"26cfc40\" data-element_type=\"column\">\n            <div class=\"elementor-widget-wrap elementor-element-populated\">\n                        \t\t<div class=\"elementor-element elementor-element-0e6c99b elementor-widget elementor-widget-image\" data-id=\"0e6c99b\" data-element_type=\"widget\" data-widget_type=\"image.default\">\n\t\t\t\t<div class=\"elementor-widget-container\">\n\t\t\t\t\t\t\t\t\t\t\t\t\t\t\t<img loading=\"lazy\" decoding=\"async\" width=\"548\" height=\"548\" src=\"https:\/\/orrislife.com\/tr\/wp-content\/uploads\/2023\/09\/cropped-cropped-a0385459-5f62-4036-a8cc-3403bf3ecbdc.jpg\" class=\"attachment-full size-full wp-image-4935\" alt=\"\" srcset=\"https:\/\/orrislife.com\/tr\/wp-content\/uploads\/2023\/09\/cropped-cropped-a0385459-5f62-4036-a8cc-3403bf3ecbdc.jpg 548w, https:\/\/orrislife.com\/tr\/wp-content\/uploads\/2023\/09\/cropped-cropped-a0385459-5f62-4036-a8cc-3403bf3ecbdc-300x300.jpg 300w, https:\/\/orrislife.com\/tr\/wp-content\/uploads\/2023\/09\/cropped-cropped-a0385459-5f62-4036-a8cc-3403bf3ecbdc-150x150.jpg 150w, https:\/\/orrislife.com\/tr\/wp-content\/uploads\/2023\/09\/cropped-cropped-a0385459-5f62-4036-a8cc-3403bf3ecbdc-200x200.jpg 200w, https:\/\/orrislife.com\/tr\/wp-content\/uploads\/2023\/09\/cropped-cropped-a0385459-5f62-4036-a8cc-3403bf3ecbdc-100x100.jpg 100w\" sizes=\"auto, (max-width: 548px) 100vw, 548px\" \/>\t\t\t\t\t\t\t\t\t\t\t\t\t\t\t<\/div>\n\t\t\t\t<\/div>\n\t\t            <\/div>\n        <\/div>\n                <div class=\"aux-parallax-section elementor-column elementor-col-50 elementor-inner-column elementor-element elementor-element-6aabbe9\" data-id=\"6aabbe9\" data-element_type=\"column\">\n            <div class=\"elementor-widget-wrap elementor-element-populated\">\n                        \t\t<div class=\"elementor-element elementor-element-5b72446 elementor-widget elementor-widget-heading\" data-id=\"5b72446\" data-element_type=\"widget\" data-widget_type=\"heading.default\">\n\t\t\t\t<div class=\"elementor-widget-container\">\n\t\t\t<h2 class=\"elementor-heading-title elementor-size-default\">Orris Life ile \u0130leti\u015fime Ge\u00e7in: Do\u011fal Sa\u011fl\u0131\u011fa A\u00e7\u0131lan Kap\u0131n\u0131z!<\/h2>\t\t<\/div>\n\t\t\t\t<\/div>\n\t\t\t\t<div class=\"elementor-element elementor-element-83667f1 elementor-widget elementor-widget-text-editor\" data-id=\"83667f1\" data-element_type=\"widget\" data-widget_type=\"text-editor.default\">\n\t\t\t\t<div class=\"elementor-widget-container\">\n\t\t\t\t\t\t\t<p id=\"tw-target-text\" class=\"tw-data-text tw-text-large tw-ta\" dir=\"ltr\" data-placeholder=\"\u00c7eviri\"><span class=\"Y2IQFc\" lang=\"tr\">Do\u011fan\u0131n \u00e7arelerinin g\u00fcc\u00fcn\u00fc ke\u015ffedin ve t\u00fcm sorular\u0131n\u0131z, sipari\u015fleriniz ve deste\u011finiz i\u00e7in bize ula\u015f\u0131n.<\/span><\/p>\n<p id=\"tw-target-text\" class=\"tw-data-text tw-text-large tw-ta\" dir=\"ltr\" data-placeholder=\"\u00c7eviri\"><span class=\"Y2IQFc\" lang=\"tr\">Olarak birinci s\u0131n\u0131f do\u011fal ila\u00e7lar\u0131m\u0131z arac\u0131l\u0131\u011f\u0131yla daha sa\u011fl\u0131kl\u0131, daha s\u00fcrd\u00fcr\u00fclebilir bir ya\u015fama yolculu\u011funuza ba\u015flamak i\u00e7in bug\u00fcn Orris Life ile ileti\u015fime ge\u00e7in.<\/span><\/p>\n<p id=\"tw-target-text\" class=\"tw-data-text tw-text-large tw-ta\" dir=\"ltr\" data-placeholder=\"\u00c7eviri\"><span class=\"Y2IQFc\" lang=\"tr\">Sa\u011fl\u0131\u011f\u0131n\u0131z bizim \u00f6nceli\u011fimizdir ve yolun her ad\u0131m\u0131nda size yard\u0131mc\u0131 olmak i\u00e7in buraday\u0131z. Daha sa\u011fl\u0131kl\u0131 yar\u0131nlar i\u00e7in hep birlikte kenetlenelim!<\/span><\/p>\t\t\t\t\t\t<\/div>\n\t\t\t\t<\/div>\n\t\t            <\/div>\n        <\/div>\n                            <\/div>\n        <\/section>\n                <section class=\"elementor-section elementor-inner-section elementor-element elementor-element-3cd0cd0 elementor-section-boxed elementor-section-height-default elementor-section-height-default\" data-id=\"3cd0cd0\" data-element_type=\"section\">\n            \n                        <div class=\"elementor-container elementor-column-gap-extended \">\n                    <div class=\"aux-parallax-section elementor-column elementor-col-33 elementor-inner-column elementor-element elementor-element-6311a84\" data-id=\"6311a84\" data-element_type=\"column\">\n            <div class=\"elementor-widget-wrap elementor-element-populated\">\n                        \t\t<div class=\"elementor-element elementor-element-7919d61 elementor-position-left elementor-view-default elementor-mobile-position-top elementor-vertical-align-top elementor-widget elementor-widget-icon-box\" data-id=\"7919d61\" data-element_type=\"widget\" data-widget_type=\"icon-box.default\">\n\t\t\t\t<div class=\"elementor-widget-container\">\n\t\t\t\t\t<div class=\"elementor-icon-box-wrapper\">\n\t\t\t\t\t\t<div class=\"elementor-icon-box-icon\">\n\t\t\t\t<span class=\"elementor-icon elementor-animation-\" >\n\t\t\t\t<i aria-hidden=\"true\" class=\"flaticon flaticon-map\"><\/i>\t\t\t\t<\/span>\n\t\t\t<\/div>\n\t\t\t\t\t\t<div class=\"elementor-icon-box-content\">\n\t\t\t\t<h3 class=\"elementor-icon-box-title\">\n\t\t\t\t\t<span  >\n\t\t\t\t\t\tOfis adresimiz:\t\t\t\t\t<\/span>\n\t\t\t\t<\/h3>\n\t\t\t\t\t\t\t\t\t<p class=\"elementor-icon-box-description\">\n\t\t\t\t\t\tYeni So\u011fanl\u0131k Mahallesi, Bal\u0131kesir Caddesi, Teknik Yap\u0131 Uprise, A3\/56, Kartal, \u0130stanbul, T\u00fcrkiye\t\t\t\t\t<\/p>\n\t\t\t\t\t\t\t<\/div>\n\t\t<\/div>\n\t\t\t\t<\/div>\n\t\t\t\t<\/div>\n\t\t            <\/div>\n        <\/div>\n                <div class=\"aux-parallax-section elementor-column elementor-col-33 elementor-inner-column elementor-element elementor-element-afcc50c\" data-id=\"afcc50c\" data-element_type=\"column\">\n            <div class=\"elementor-widget-wrap elementor-element-populated\">\n                        \t\t<div class=\"elementor-element elementor-element-58fd7df elementor-position-left elementor-view-default elementor-mobile-position-top elementor-vertical-align-top elementor-widget elementor-widget-icon-box\" data-id=\"58fd7df\" data-element_type=\"widget\" data-widget_type=\"icon-box.default\">\n\t\t\t\t<div class=\"elementor-widget-container\">\n\t\t\t\t\t<div class=\"elementor-icon-box-wrapper\">\n\t\t\t\t\t\t<div class=\"elementor-icon-box-icon\">\n\t\t\t\t<span class=\"elementor-icon elementor-animation-\" >\n\t\t\t\t<i aria-hidden=\"true\" class=\"flaticon flaticon-black-back-closed-envelope-shape\"><\/i>\t\t\t\t<\/span>\n\t\t\t<\/div>\n\t\t\t\t\t\t<div class=\"elementor-icon-box-content\">\n\t\t\t\t<h3 class=\"elementor-icon-box-title\">\n\t\t\t\t\t<span  >\n\t\t\t\t\t\tE-Posta\t\t\t\t\t<\/span>\n\t\t\t\t<\/h3>\n\t\t\t\t\t\t\t\t\t<p class=\"elementor-icon-box-description\">\n\t\t\t\t\t\tinfo@orrislife.com\t\t\t\t\t<\/p>\n\t\t\t\t\t\t\t<\/div>\n\t\t<\/div>\n\t\t\t\t<\/div>\n\t\t\t\t<\/div>\n\t\t            <\/div>\n        <\/div>\n                <div class=\"aux-parallax-section elementor-column elementor-col-33 elementor-inner-column elementor-element elementor-element-a765942\" data-id=\"a765942\" data-element_type=\"column\">\n            <div class=\"elementor-widget-wrap elementor-element-populated\">\n                        \t\t<div class=\"elementor-element elementor-element-a3fa63d elementor-position-left elementor-view-default elementor-mobile-position-top elementor-vertical-align-top elementor-widget elementor-widget-icon-box\" data-id=\"a3fa63d\" data-element_type=\"widget\" data-widget_type=\"icon-box.default\">\n\t\t\t\t<div class=\"elementor-widget-container\">\n\t\t\t\t\t<div class=\"elementor-icon-box-wrapper\">\n\t\t\t\t\t\t<div class=\"elementor-icon-box-icon\">\n\t\t\t\t<span class=\"elementor-icon elementor-animation-\" >\n\t\t\t\t<i aria-hidden=\"true\" class=\"flaticon flaticon-telephone\"><\/i>\t\t\t\t<\/span>\n\t\t\t<\/div>\n\t\t\t\t\t\t<div class=\"elementor-icon-box-content\">\n\t\t\t\t<h3 class=\"elementor-icon-box-title\">\n\t\t\t\t\t<span  >\n\t\t\t\t\t\tBizi Aray\u0131n\t\t\t\t\t<\/span>\n\t\t\t\t<\/h3>\n\t\t\t\t\t\t\t\t\t<p class=\"elementor-icon-box-description\">\n\t\t\t\t\t\t+90 542 2089201\t\t\t\t\t<\/p>\n\t\t\t\t\t\t\t<\/div>\n\t\t<\/div>\n\t\t\t\t<\/div>\n\t\t\t\t<\/div>\n\t\t            <\/div>\n        <\/div>\n                            <\/div>\n        <\/section>\n                    <\/div>\n        <\/div>\n                            <\/div>\n        <\/section>\n                <section class=\"elementor-section elementor-top-section elementor-element elementor-element-140a6e2 elementor-section-stretched elementor-section-full_width elementor-section-height-default elementor-section-height-default\" data-id=\"140a6e2\" data-element_type=\"section\" data-settings=\"{&quot;stretch_section&quot;:&quot;section-stretched&quot;}\">\n            \n                        <div class=\"elementor-container elementor-column-gap-no \">\n                    <div class=\"aux-parallax-section elementor-column elementor-col-100 elementor-top-column elementor-element elementor-element-1e8ac48\" data-id=\"1e8ac48\" data-element_type=\"column\">\n            <div class=\"elementor-widget-wrap elementor-element-populated\">\n                        \t\t<div class=\"elementor-element elementor-element-38199f0 elementor-widget elementor-widget-google_maps\" data-id=\"38199f0\" data-element_type=\"widget\" data-widget_type=\"google_maps.default\">\n\t\t\t\t<div class=\"elementor-widget-container\">\n\t\t\t\t\t<div class=\"elementor-custom-embed\">\n\t\t\t<iframe loading=\"lazy\"\n\t\t\t\t\tsrc=\"https:\/\/maps.google.com\/maps?q=Yeni%20So%C4%9Fanl%C4%B1k%20Mahallesi%2C%20Bal%C4%B1kesir%20Caddesi%2C%20Teknik%20Yap%C4%B1%20Uprise%2C%20A3%2F56%2C%20Kartal%2C%20%C4%B0stanbul%2C%20T%C3%BCrkiye&#038;t=m&#038;z=10&#038;output=embed&#038;iwloc=near\"\n\t\t\t\t\ttitle=\"Yeni So\u011fanl\u0131k Mahallesi, Bal\u0131kesir Caddesi, Teknik Yap\u0131 Uprise, A3\/56, Kartal, \u0130stanbul, T\u00fcrkiye\"\n\t\t\t\t\taria-label=\"Yeni So\u011fanl\u0131k Mahallesi, Bal\u0131kesir Caddesi, Teknik Yap\u0131 Uprise, A3\/56, Kartal, \u0130stanbul, T\u00fcrkiye\"\n\t\t\t><\/iframe>\n\t\t<\/div>\n\t\t\t\t<\/div>\n\t\t\t\t<\/div>\n\t\t            <\/div>\n        <\/div>\n                            <\/div>\n        <\/section>\n        \t\t\t\t\t<\/div>\n\t\t","protected":false},"excerpt":{"rendered":"<p>Orris Life ile \u0130leti\u015fime Ge\u00e7in: Do\u011fal Sa\u011fl\u0131\u011fa A\u00e7\u0131lan Kap\u0131n\u0131z! Do\u011fan\u0131n \u00e7arelerinin g\u00fcc\u00fcn\u00fc ke\u015ffedin ve t\u00fcm sorular\u0131n\u0131z, sipari\u015fleriniz ve deste\u011finiz i\u00e7in bize ula\u015f\u0131n. Olarak birinci s\u0131n\u0131f do\u011fal ila\u00e7lar\u0131m\u0131z arac\u0131l\u0131\u011f\u0131yla daha sa\u011fl\u0131kl\u0131, daha s\u00fcrd\u00fcr\u00fclebilir bir ya\u015fama yolculu\u011funuza ba\u015flamak i\u00e7in bug\u00fcn Orris Life ile ileti\u015fime ge\u00e7in. Sa\u011fl\u0131\u011f\u0131n\u0131z bizim \u00f6nceli\u011fimizdir ve yolun her ad\u0131m\u0131nda size yard\u0131mc\u0131 olmak i\u00e7in buraday\u0131z. [&hellip;]<\/p>\n","protected":false},"author":1,"featured_media":0,"parent":0,"menu_order":0,"comment_status":"closed","ping_status":"closed","template":"","meta":{"_joinchat":[],"footnotes":""},"class_list":["post-3514","page","type-page","status-publish","hentry"],"aioseo_notices":[],"_links":{"self":[{"href":"https:\/\/orrislife.com\/tr\/wp-json\/wp\/v2\/pages\/3514","targetHints":{"allow":["GET"]}}],"collection":[{"href":"https:\/\/orrislife.com\/tr\/wp-json\/wp\/v2\/pages"}],"about":[{"href":"https:\/\/orrislife.com\/tr\/wp-json\/wp\/v2\/types\/page"}],"author":[{"embeddable":true,"href":"https:\/\/orrislife.com\/tr\/wp-json\/wp\/v2\/users\/1"}],"replies":[{"embeddable":true,"href":"https:\/\/orrislife.com\/tr\/wp-json\/wp\/v2\/comments?post=3514"}],"version-history":[{"count":33,"href":"https:\/\/orrislife.com\/tr\/wp-json\/wp\/v2\/pages\/3514\/revisions"}],"predecessor-version":[{"id":5585,"href":"https:\/\/orrislife.com\/tr\/wp-json\/wp\/v2\/pages\/3514\/revisions\/5585"}],"wp:attachment":[{"href":"https:\/\/orrislife.com\/tr\/wp-json\/wp\/v2\/media?parent=3514"}],"curies":[{"name":"wp","href":"https:\/\/api.w.org\/{rel}","templated":true}]}}