{"id":5364,"date":"2023-09-14T18:00:53","date_gmt":"2023-09-14T17:00:53","guid":{"rendered":"https:\/\/orrislife.com\/fr\/?post_type=product&#038;p=5364"},"modified":"2023-09-19T21:49:52","modified_gmt":"2023-09-19T20:49:52","slug":"serum-eliminant-les-imperfections-et-preventif","status":"publish","type":"product","link":"https:\/\/orrislife.com\/fr\/product\/serum-eliminant-les-imperfections-et-preventif\/","title":{"rendered":"S\u00c9RUM \u00c9LIMINANT LES IMPERFECTIONS ET PR\u00c9VENTIF"},"content":{"rendered":"<p id=\"tw-target-text\" class=\"tw-data-text tw-text-large tw-ta\" dir=\"ltr\" data-placeholder=\"\u00c7eviri\"><span class=\"Y2IQFc\" lang=\"fr\">Pour peaux normales, grasses et mixtes<\/span><\/p>\n<p id=\"tw-target-text\" class=\"tw-data-text tw-text-large tw-ta\" dir=\"ltr\" data-placeholder=\"\u00c7eviri\"><span class=\"Y2IQFc\" lang=\"fr\">R\u00e9duction des taches brunes sur la peau en 10 jours<\/span><\/p>\n<p id=\"tw-target-text\" class=\"tw-data-text tw-text-large tw-ta\" dir=\"ltr\" data-placeholder=\"\u00c7eviri\"><span class=\"Y2IQFc\" lang=\"fr\">Arbutine, Acide salicylique<\/span><\/p>\n<p>&nbsp;<\/p>\n<p><strong>Effet:<\/strong><\/p>\n<p id=\"tw-target-text\" class=\"tw-data-text tw-text-large tw-ta\" dir=\"ltr\" data-placeholder=\"\u00c7eviri\"><span class=\"Y2IQFc\" lang=\"fr\">R\u00e9duit visiblement l&#8217;hyperpigmentation cutan\u00e9e gr\u00e2ce \u00e0 l&#8217;arbutine. \u00e0 l&#8217;acide salicylique nettoie la peau des taches brunes et lui donne une couleur plus lumineuse et plus uniforme. apporte un soin concentr\u00e9 anti-taches.<\/span><\/p>\n<p>&nbsp;<\/p>\n","protected":false},"excerpt":{"rendered":"<p>Pour peaux normales, grasses et mixtes R\u00e9duction des taches brunes sur la peau en 10 jours Arbutine, Acide salicylique &nbsp; Effet: R\u00e9duit visiblement l&#8217;hyperpigmentation cutan\u00e9e gr\u00e2ce \u00e0 l&#8217;arbutine. \u00e0 l&#8217;acide salicylique nettoie la peau des taches brunes et lui donne une couleur plus lumineuse et plus uniforme. apporte un soin concentr\u00e9 anti-taches. &nbsp;<\/p>\n","protected":false},"featured_media":5365,"comment_status":"open","ping_status":"closed","template":"","meta":[],"product_cat":[78,74],"product_tag":[],"class_list":["post-5364","product","type-product","status-publish","has-post-thumbnail","hentry","product_cat-soin-du-corps","product_cat-soins-de-la-peau"],"aioseo_notices":[],"_links":{"self":[{"href":"https:\/\/orrislife.com\/fr\/wp-json\/wp\/v2\/product\/5364","targetHints":{"allow":["GET"]}}],"collection":[{"href":"https:\/\/orrislife.com\/fr\/wp-json\/wp\/v2\/product"}],"about":[{"href":"https:\/\/orrislife.com\/fr\/wp-json\/wp\/v2\/types\/product"}],"replies":[{"embeddable":true,"href":"https:\/\/orrislife.com\/fr\/wp-json\/wp\/v2\/comments?post=5364"}],"wp:featuredmedia":[{"embeddable":true,"href":"https:\/\/orrislife.com\/fr\/wp-json\/wp\/v2\/media\/5365"}],"wp:attachment":[{"href":"https:\/\/orrislife.com\/fr\/wp-json\/wp\/v2\/media?parent=5364"}],"wp:term":[{"taxonomy":"product_cat","embeddable":true,"href":"https:\/\/orrislife.com\/fr\/wp-json\/wp\/v2\/product_cat?post=5364"},{"taxonomy":"product_tag","embeddable":true,"href":"https:\/\/orrislife.com\/fr\/wp-json\/wp\/v2\/product_tag?post=5364"}],"curies":[{"name":"wp","href":"https:\/\/api.w.org\/{rel}","templated":true}]}}