{"id":5130,"date":"2023-09-07T18:33:47","date_gmt":"2023-09-07T17:33:47","guid":{"rendered":"https:\/\/orrislife.com\/fr\/?post_type=product&#038;p=5130"},"modified":"2023-09-19T22:35:08","modified_gmt":"2023-09-19T21:35:08","slug":"sirop-de-cul-bronxo-150-ml","status":"publish","type":"product","link":"https:\/\/orrislife.com\/fr\/product\/sirop-de-cul-bronxo-150-ml\/","title":{"rendered":"Sirop de Cul Bronxo 150 ml"},"content":{"rendered":"<p id=\"tw-target-text\" class=\"tw-data-text tw-text-large tw-ta\" dir=\"ltr\" data-placeholder=\"\u00c7eviri\"><span class=\"Y2IQFc\" lang=\"fr\">Recommand\u00e9 pour am\u00e9liorer le fonctionnement du syst\u00e8me respiratoire. Aide \u00e0 soulager la toux, ouvre les bronches et facilite l&#8217;\u00e9limination du mucus.<\/span><\/p>\n","protected":false},"excerpt":{"rendered":"<p><span class=\"Y2IQFc\" lang=\"fr\">Recommand\u00e9 pour am\u00e9liorer le fonctionnement du syst\u00e8me respiratoire. Aide \u00e0 soulager la toux, ouvre les bronches et facilite l&#8217;\u00e9limination du mucus.<\/span><\/p>\n","protected":false},"featured_media":5131,"comment_status":"open","ping_status":"closed","template":"","meta":[],"product_cat":[71],"product_tag":[],"class_list":["post-5130","product","type-product","status-publish","has-post-thumbnail","hentry","product_cat-supplements"],"aioseo_notices":[],"_links":{"self":[{"href":"https:\/\/orrislife.com\/fr\/wp-json\/wp\/v2\/product\/5130","targetHints":{"allow":["GET"]}}],"collection":[{"href":"https:\/\/orrislife.com\/fr\/wp-json\/wp\/v2\/product"}],"about":[{"href":"https:\/\/orrislife.com\/fr\/wp-json\/wp\/v2\/types\/product"}],"replies":[{"embeddable":true,"href":"https:\/\/orrislife.com\/fr\/wp-json\/wp\/v2\/comments?post=5130"}],"wp:featuredmedia":[{"embeddable":true,"href":"https:\/\/orrislife.com\/fr\/wp-json\/wp\/v2\/media\/5131"}],"wp:attachment":[{"href":"https:\/\/orrislife.com\/fr\/wp-json\/wp\/v2\/media?parent=5130"}],"wp:term":[{"taxonomy":"product_cat","embeddable":true,"href":"https:\/\/orrislife.com\/fr\/wp-json\/wp\/v2\/product_cat?post=5130"},{"taxonomy":"product_tag","embeddable":true,"href":"https:\/\/orrislife.com\/fr\/wp-json\/wp\/v2\/product_tag?post=5130"}],"curies":[{"name":"wp","href":"https:\/\/api.w.org\/{rel}","templated":true}]}}