{"id":5128,"date":"2023-09-07T18:32:34","date_gmt":"2023-09-07T17:32:34","guid":{"rendered":"https:\/\/orrislife.com\/fr\/?post_type=product&#038;p=5128"},"modified":"2023-09-19T22:36:06","modified_gmt":"2023-09-19T21:36:06","slug":"sirop-lintokar-150-ml","status":"publish","type":"product","link":"https:\/\/orrislife.com\/fr\/product\/sirop-lintokar-150-ml\/","title":{"rendered":"Sirop Lintokar 150 ml"},"content":{"rendered":"<p id=\"tw-target-text\" class=\"tw-data-text tw-text-large tw-ta\" dir=\"ltr\" data-placeholder=\"\u00c7eviri\"><span class=\"Y2IQFc\" lang=\"fr\">Am\u00e9liore le m\u00e9tabolisme et augmente l&#8217;app\u00e9tit. Am\u00e9liore la r\u00e9silience contre le stress physique et mental et aide \u00e0 r\u00e9pondre aux besoins \u00e9nerg\u00e9tiques quotidiens.<\/span><\/p>\n","protected":false},"excerpt":{"rendered":"<p><span class=\"Y2IQFc\" lang=\"fr\">Am\u00e9liore le m\u00e9tabolisme et augmente l&#8217;app\u00e9tit. Am\u00e9liore la r\u00e9silience contre le stress physique et mental et aide \u00e0 r\u00e9pondre aux besoins \u00e9nerg\u00e9tiques quotidiens.<\/span><\/p>\n","protected":false},"featured_media":5129,"comment_status":"open","ping_status":"closed","template":"","meta":[],"product_cat":[71],"product_tag":[],"class_list":["post-5128","product","type-product","status-publish","has-post-thumbnail","hentry","product_cat-supplements"],"aioseo_notices":[],"_links":{"self":[{"href":"https:\/\/orrislife.com\/fr\/wp-json\/wp\/v2\/product\/5128","targetHints":{"allow":["GET"]}}],"collection":[{"href":"https:\/\/orrislife.com\/fr\/wp-json\/wp\/v2\/product"}],"about":[{"href":"https:\/\/orrislife.com\/fr\/wp-json\/wp\/v2\/types\/product"}],"replies":[{"embeddable":true,"href":"https:\/\/orrislife.com\/fr\/wp-json\/wp\/v2\/comments?post=5128"}],"wp:featuredmedia":[{"embeddable":true,"href":"https:\/\/orrislife.com\/fr\/wp-json\/wp\/v2\/media\/5129"}],"wp:attachment":[{"href":"https:\/\/orrislife.com\/fr\/wp-json\/wp\/v2\/media?parent=5128"}],"wp:term":[{"taxonomy":"product_cat","embeddable":true,"href":"https:\/\/orrislife.com\/fr\/wp-json\/wp\/v2\/product_cat?post=5128"},{"taxonomy":"product_tag","embeddable":true,"href":"https:\/\/orrislife.com\/fr\/wp-json\/wp\/v2\/product_tag?post=5128"}],"curies":[{"name":"wp","href":"https:\/\/api.w.org\/{rel}","templated":true}]}}