{"id":5114,"date":"2023-09-07T18:24:47","date_gmt":"2023-09-07T17:24:47","guid":{"rendered":"https:\/\/orrislife.com\/fr\/?post_type=product&#038;p=5114"},"modified":"2023-09-19T22:46:22","modified_gmt":"2023-09-19T21:46:22","slug":"capsule-alfa-immuno-no-30","status":"publish","type":"product","link":"https:\/\/orrislife.com\/fr\/product\/capsule-alfa-immuno-no-30\/","title":{"rendered":"Capsule Alfa-Immuno No: 30"},"content":{"rendered":"<p id=\"tw-target-text\" class=\"tw-data-text tw-text-large tw-ta\" dir=\"ltr\" data-placeholder=\"\u00c7eviri\"><span class=\"Y2IQFc\" lang=\"fr\">Renforce le syst\u00e8me immunitaire, renforce l&#8217;immunit\u00e9 contre les maladies. Combat les bact\u00e9ries et les virus, rendant le corps plus r\u00e9sistant et favorisant la sant\u00e9 globale.<\/span><\/p>\n","protected":false},"excerpt":{"rendered":"<p id=\"tw-target-text\" class=\"tw-data-text tw-text-large tw-ta\" dir=\"ltr\" data-placeholder=\"\u00c7eviri\"><span class=\"Y2IQFc\" lang=\"fr\">Renforce le syst\u00e8me immunitaire, renforce l&#8217;immunit\u00e9 contre les maladies. Combat les bact\u00e9ries et les virus, rendant le corps plus r\u00e9sistant et favorisant la sant\u00e9 globale.<\/span><\/p>\n","protected":false},"featured_media":5115,"comment_status":"open","ping_status":"closed","template":"","meta":[],"product_cat":[71],"product_tag":[],"class_list":["post-5114","product","type-product","status-publish","has-post-thumbnail","hentry","product_cat-supplements"],"aioseo_notices":[],"_links":{"self":[{"href":"https:\/\/orrislife.com\/fr\/wp-json\/wp\/v2\/product\/5114","targetHints":{"allow":["GET"]}}],"collection":[{"href":"https:\/\/orrislife.com\/fr\/wp-json\/wp\/v2\/product"}],"about":[{"href":"https:\/\/orrislife.com\/fr\/wp-json\/wp\/v2\/types\/product"}],"replies":[{"embeddable":true,"href":"https:\/\/orrislife.com\/fr\/wp-json\/wp\/v2\/comments?post=5114"}],"wp:featuredmedia":[{"embeddable":true,"href":"https:\/\/orrislife.com\/fr\/wp-json\/wp\/v2\/media\/5115"}],"wp:attachment":[{"href":"https:\/\/orrislife.com\/fr\/wp-json\/wp\/v2\/media?parent=5114"}],"wp:term":[{"taxonomy":"product_cat","embeddable":true,"href":"https:\/\/orrislife.com\/fr\/wp-json\/wp\/v2\/product_cat?post=5114"},{"taxonomy":"product_tag","embeddable":true,"href":"https:\/\/orrislife.com\/fr\/wp-json\/wp\/v2\/product_tag?post=5114"}],"curies":[{"name":"wp","href":"https:\/\/api.w.org\/{rel}","templated":true}]}}