{"id":5091,"date":"2023-09-06T17:03:23","date_gmt":"2023-09-06T16:03:23","guid":{"rendered":"https:\/\/orrislife.com\/fr\/?post_type=product&#038;p=5091"},"modified":"2023-09-19T23:00:51","modified_gmt":"2023-09-19T22:00:51","slug":"gelules-fayla-no-50","status":"publish","type":"product","link":"https:\/\/orrislife.com\/fr\/product\/gelules-fayla-no-50\/","title":{"rendered":"G\u00e9lules Fayla No: 50"},"content":{"rendered":"<p id=\"tw-target-text\" class=\"tw-data-text tw-text-large tw-ta\" dir=\"ltr\" data-placeholder=\"\u00c7eviri\"><span class=\"Y2IQFc\" lang=\"fr\">Les capsules Fayla sont recommand\u00e9es comme source suppl\u00e9mentaire d&#8217;acides gras om\u00e9ga-3. Ils contribuent \u00e0 la croissance, au d\u00e9veloppement et \u00e0 la fonction cognitive des enfants.<\/span><\/p>\n","protected":false},"excerpt":{"rendered":"<p id=\"tw-target-text\" class=\"tw-data-text tw-text-large tw-ta\" dir=\"ltr\" data-placeholder=\"\u00c7eviri\"><span class=\"Y2IQFc\" lang=\"fr\">Les capsules Fayla sont recommand\u00e9es comme source suppl\u00e9mentaire d&#8217;acides gras om\u00e9ga-3. Ils contribuent \u00e0 la croissance, au d\u00e9veloppement et \u00e0 la fonction cognitive des enfants.<\/span><\/p>\n","protected":false},"featured_media":5092,"comment_status":"open","ping_status":"closed","template":"","meta":[],"product_cat":[71],"product_tag":[],"class_list":["post-5091","product","type-product","status-publish","has-post-thumbnail","hentry","product_cat-supplements"],"aioseo_notices":[],"_links":{"self":[{"href":"https:\/\/orrislife.com\/fr\/wp-json\/wp\/v2\/product\/5091","targetHints":{"allow":["GET"]}}],"collection":[{"href":"https:\/\/orrislife.com\/fr\/wp-json\/wp\/v2\/product"}],"about":[{"href":"https:\/\/orrislife.com\/fr\/wp-json\/wp\/v2\/types\/product"}],"replies":[{"embeddable":true,"href":"https:\/\/orrislife.com\/fr\/wp-json\/wp\/v2\/comments?post=5091"}],"wp:featuredmedia":[{"embeddable":true,"href":"https:\/\/orrislife.com\/fr\/wp-json\/wp\/v2\/media\/5092"}],"wp:attachment":[{"href":"https:\/\/orrislife.com\/fr\/wp-json\/wp\/v2\/media?parent=5091"}],"wp:term":[{"taxonomy":"product_cat","embeddable":true,"href":"https:\/\/orrislife.com\/fr\/wp-json\/wp\/v2\/product_cat?post=5091"},{"taxonomy":"product_tag","embeddable":true,"href":"https:\/\/orrislife.com\/fr\/wp-json\/wp\/v2\/product_tag?post=5091"}],"curies":[{"name":"wp","href":"https:\/\/api.w.org\/{rel}","templated":true}]}}