{"id":5059,"date":"2023-09-06T16:33:40","date_gmt":"2023-09-06T15:33:40","guid":{"rendered":"https:\/\/orrislife.com\/fr\/?post_type=product&#038;p=5059"},"modified":"2023-09-19T23:23:16","modified_gmt":"2023-09-19T22:23:16","slug":"comprimes-histofer-no-30","status":"publish","type":"product","link":"https:\/\/orrislife.com\/fr\/product\/comprimes-histofer-no-30\/","title":{"rendered":"Comprim\u00e9s HistoFer No: 30"},"content":{"rendered":"<p id=\"tw-target-text\" class=\"tw-data-text tw-text-large tw-ta\" dir=\"ltr\" data-placeholder=\"\u00c7eviri\"><span class=\"Y2IQFc\" lang=\"fr\">Les comprim\u00e9s HistoFer aident \u00e0 soulager la carence sanguine dans le corps. L&#8217;acide folique inclus contribue \u00e0 la division des globules rouges, tandis que la B12 et le fer contribuent \u00e0 la formation des globules rouges. La vitamine C, quant \u00e0 elle, contribue \u00e0 une meilleure absorption du fer.<\/span><\/p>\n","protected":false},"excerpt":{"rendered":"<p id=\"tw-target-text\" class=\"tw-data-text tw-text-large tw-ta\" dir=\"ltr\" data-placeholder=\"\u00c7eviri\"><span class=\"Y2IQFc\" lang=\"fr\">Les comprim\u00e9s HistoFer aident \u00e0 soulager la carence sanguine dans le corps. L&#8217;acide folique inclus contribue \u00e0 la division des globules rouges, tandis que la B12 et le fer contribuent \u00e0 la formation des globules rouges. La vitamine C, quant \u00e0 elle, contribue \u00e0 une meilleure absorption du fer.<\/span><\/p>\n","protected":false},"featured_media":5060,"comment_status":"open","ping_status":"closed","template":"","meta":[],"product_cat":[71],"product_tag":[],"class_list":["post-5059","product","type-product","status-publish","has-post-thumbnail","hentry","product_cat-supplements"],"aioseo_notices":[],"_links":{"self":[{"href":"https:\/\/orrislife.com\/fr\/wp-json\/wp\/v2\/product\/5059","targetHints":{"allow":["GET"]}}],"collection":[{"href":"https:\/\/orrislife.com\/fr\/wp-json\/wp\/v2\/product"}],"about":[{"href":"https:\/\/orrislife.com\/fr\/wp-json\/wp\/v2\/types\/product"}],"replies":[{"embeddable":true,"href":"https:\/\/orrislife.com\/fr\/wp-json\/wp\/v2\/comments?post=5059"}],"wp:featuredmedia":[{"embeddable":true,"href":"https:\/\/orrislife.com\/fr\/wp-json\/wp\/v2\/media\/5060"}],"wp:attachment":[{"href":"https:\/\/orrislife.com\/fr\/wp-json\/wp\/v2\/media?parent=5059"}],"wp:term":[{"taxonomy":"product_cat","embeddable":true,"href":"https:\/\/orrislife.com\/fr\/wp-json\/wp\/v2\/product_cat?post=5059"},{"taxonomy":"product_tag","embeddable":true,"href":"https:\/\/orrislife.com\/fr\/wp-json\/wp\/v2\/product_tag?post=5059"}],"curies":[{"name":"wp","href":"https:\/\/api.w.org\/{rel}","templated":true}]}}