{"id":5057,"date":"2023-09-06T16:32:13","date_gmt":"2023-09-06T15:32:13","guid":{"rendered":"https:\/\/orrislife.com\/fr\/?post_type=product&#038;p=5057"},"modified":"2023-09-19T23:25:02","modified_gmt":"2023-09-19T22:25:02","slug":"gouttes-sans-katales-15-ml","status":"publish","type":"product","link":"https:\/\/orrislife.com\/fr\/product\/gouttes-sans-katales-15-ml\/","title":{"rendered":"Gouttes Sans Katales 15 ml"},"content":{"rendered":"<p id=\"tw-target-text\" class=\"tw-data-text tw-text-large tw-ta\" dir=\"ltr\" data-placeholder=\"\u00c7eviri\"><span class=\"Y2IQFc\" lang=\"fr\">Les gouttes Kataless contiennent de l&#8217;iodure de potassium, qui poss\u00e8de des propri\u00e9t\u00e9s antimicrobiennes, antiseptiques et antifongiques. C&#8217;est un produit auxiliaire utilis\u00e9 dans le traitement de la k\u00e9ratite (inflammation de la corn\u00e9e) et de la conjonctivite d&#8217;\u00e9tiologie fongique (inflammation des muqueuses oculaires).<\/span><\/p>\n","protected":false},"excerpt":{"rendered":"<p><span class=\"Y2IQFc\" lang=\"fr\">Les gouttes Kataless contiennent de l&#8217;iodure de potassium, qui poss\u00e8de des propri\u00e9t\u00e9s antimicrobiennes, antiseptiques et antifongiques. C&#8217;est un produit auxiliaire utilis\u00e9 dans le traitement de la k\u00e9ratite (inflammation de la corn\u00e9e) et de la conjonctivite d&#8217;\u00e9tiologie fongique (inflammation des muqueuses oculaires).<\/span><\/p>\n","protected":false},"featured_media":5058,"comment_status":"open","ping_status":"closed","template":"","meta":[],"product_cat":[71],"product_tag":[],"class_list":["post-5057","product","type-product","status-publish","has-post-thumbnail","hentry","product_cat-supplements"],"aioseo_notices":[],"_links":{"self":[{"href":"https:\/\/orrislife.com\/fr\/wp-json\/wp\/v2\/product\/5057","targetHints":{"allow":["GET"]}}],"collection":[{"href":"https:\/\/orrislife.com\/fr\/wp-json\/wp\/v2\/product"}],"about":[{"href":"https:\/\/orrislife.com\/fr\/wp-json\/wp\/v2\/types\/product"}],"replies":[{"embeddable":true,"href":"https:\/\/orrislife.com\/fr\/wp-json\/wp\/v2\/comments?post=5057"}],"wp:featuredmedia":[{"embeddable":true,"href":"https:\/\/orrislife.com\/fr\/wp-json\/wp\/v2\/media\/5058"}],"wp:attachment":[{"href":"https:\/\/orrislife.com\/fr\/wp-json\/wp\/v2\/media?parent=5057"}],"wp:term":[{"taxonomy":"product_cat","embeddable":true,"href":"https:\/\/orrislife.com\/fr\/wp-json\/wp\/v2\/product_cat?post=5057"},{"taxonomy":"product_tag","embeddable":true,"href":"https:\/\/orrislife.com\/fr\/wp-json\/wp\/v2\/product_tag?post=5057"}],"curies":[{"name":"wp","href":"https:\/\/api.w.org\/{rel}","templated":true}]}}