{"id":5047,"date":"2023-09-06T15:34:14","date_gmt":"2023-09-06T14:34:14","guid":{"rendered":"https:\/\/orrislife.com\/fr\/?post_type=product&#038;p=5047"},"modified":"2023-09-19T23:31:46","modified_gmt":"2023-09-19T22:31:46","slug":"comprimes-speran-no-60","status":"publish","type":"product","link":"https:\/\/orrislife.com\/fr\/product\/comprimes-speran-no-60\/","title":{"rendered":"Comprim\u00e9s SpeRan  No: 60"},"content":{"rendered":"<p id=\"tw-target-text\" class=\"tw-data-text tw-text-large tw-ta\" dir=\"ltr\" data-placeholder=\"\u00c7eviri\"><span class=\"Y2IQFc\" lang=\"fr\">Lorsqu&#8217;ils sont pris r\u00e9guli\u00e8rement et syst\u00e9matiquement de mani\u00e8re \u00e9quilibr\u00e9e, les comprim\u00e9s SpeRan aident \u00e0 surmonter tous les probl\u00e8mes sexuels qui peuvent survenir au fil du temps et \u00e0 r\u00e9guler la vie sexuelle. Ils ont un impact positif sur la sant\u00e9 sexuelle masculine et f\u00e9minine et contribuent \u00e0 am\u00e9liorer les performances sexuelles masculines.<\/span><\/p>\n","protected":false},"excerpt":{"rendered":"<p id=\"tw-target-text\" class=\"tw-data-text tw-text-large tw-ta\" dir=\"ltr\" data-placeholder=\"\u00c7eviri\"><span class=\"Y2IQFc\" lang=\"fr\">Lorsqu&#8217;ils sont pris r\u00e9guli\u00e8rement et syst\u00e9matiquement de mani\u00e8re \u00e9quilibr\u00e9e, les comprim\u00e9s SpeRan aident \u00e0 surmonter tous les probl\u00e8mes sexuels qui peuvent survenir au fil du temps et \u00e0 r\u00e9guler la vie sexuelle. Ils ont un impact positif sur la sant\u00e9 sexuelle masculine et f\u00e9minine et contribuent \u00e0 am\u00e9liorer les performances sexuelles masculines.<\/span><\/p>\n","protected":false},"featured_media":5048,"comment_status":"open","ping_status":"closed","template":"","meta":[],"product_cat":[71],"product_tag":[],"class_list":["post-5047","product","type-product","status-publish","has-post-thumbnail","hentry","product_cat-supplements"],"aioseo_notices":[],"_links":{"self":[{"href":"https:\/\/orrislife.com\/fr\/wp-json\/wp\/v2\/product\/5047","targetHints":{"allow":["GET"]}}],"collection":[{"href":"https:\/\/orrislife.com\/fr\/wp-json\/wp\/v2\/product"}],"about":[{"href":"https:\/\/orrislife.com\/fr\/wp-json\/wp\/v2\/types\/product"}],"replies":[{"embeddable":true,"href":"https:\/\/orrislife.com\/fr\/wp-json\/wp\/v2\/comments?post=5047"}],"wp:featuredmedia":[{"embeddable":true,"href":"https:\/\/orrislife.com\/fr\/wp-json\/wp\/v2\/media\/5048"}],"wp:attachment":[{"href":"https:\/\/orrislife.com\/fr\/wp-json\/wp\/v2\/media?parent=5047"}],"wp:term":[{"taxonomy":"product_cat","embeddable":true,"href":"https:\/\/orrislife.com\/fr\/wp-json\/wp\/v2\/product_cat?post=5047"},{"taxonomy":"product_tag","embeddable":true,"href":"https:\/\/orrislife.com\/fr\/wp-json\/wp\/v2\/product_tag?post=5047"}],"curies":[{"name":"wp","href":"https:\/\/api.w.org\/{rel}","templated":true}]}}