{"id":5037,"date":"2023-09-06T15:10:14","date_gmt":"2023-09-06T14:10:14","guid":{"rendered":"https:\/\/orrislife.com\/fr\/?post_type=product&#038;p=5037"},"modified":"2023-09-19T23:50:02","modified_gmt":"2023-09-19T22:50:02","slug":"gelules-sedobut-no-30","status":"publish","type":"product","link":"https:\/\/orrislife.com\/fr\/product\/gelules-sedobut-no-30\/","title":{"rendered":"G\u00e9lules Sedobut No: 30"},"content":{"rendered":"<p id=\"tw-target-text\" class=\"tw-data-text tw-text-large tw-ta\" dir=\"ltr\" data-placeholder=\"\u00c7eviri\"><span class=\"Y2IQFc\" lang=\"fr\">Les capsules Sedobut favorisent la relaxation des syst\u00e8mes nerveux et musculaire. Ils contribuent \u00e0 r\u00e9duire la fatigue et l\u2019\u00e9puisement du corps. Ils contribuent \u00e0 maintenir la sant\u00e9 du cerveau et du syst\u00e8me nerveux et ont un effet apaisant sur les nerfs. En am\u00e9liorant l\u2019humeur, ils r\u00e9duisent le risque de d\u00e9pression et sont b\u00e9n\u00e9fiques dans des conditions de tension, d\u2019anxi\u00e9t\u00e9, de peur et de stress.<\/span><\/p>\n","protected":false},"excerpt":{"rendered":"<p id=\"tw-target-text\" class=\"tw-data-text tw-text-large tw-ta\" dir=\"ltr\" data-placeholder=\"\u00c7eviri\"><span class=\"Y2IQFc\" lang=\"fr\">Les capsules Sedobut favorisent la relaxation des syst\u00e8mes nerveux et musculaire. Ils contribuent \u00e0 r\u00e9duire la fatigue et l\u2019\u00e9puisement du corps. Ils contribuent \u00e0 maintenir la sant\u00e9 du cerveau et du syst\u00e8me nerveux et ont un effet apaisant sur les nerfs. En am\u00e9liorant l\u2019humeur, ils r\u00e9duisent le risque de d\u00e9pression et sont b\u00e9n\u00e9fiques dans des conditions de tension, d\u2019anxi\u00e9t\u00e9, de peur et de stress.<\/span><\/p>\n","protected":false},"featured_media":5038,"comment_status":"open","ping_status":"closed","template":"","meta":[],"product_cat":[71],"product_tag":[],"class_list":["post-5037","product","type-product","status-publish","has-post-thumbnail","hentry","product_cat-supplements"],"aioseo_notices":[],"_links":{"self":[{"href":"https:\/\/orrislife.com\/fr\/wp-json\/wp\/v2\/product\/5037","targetHints":{"allow":["GET"]}}],"collection":[{"href":"https:\/\/orrislife.com\/fr\/wp-json\/wp\/v2\/product"}],"about":[{"href":"https:\/\/orrislife.com\/fr\/wp-json\/wp\/v2\/types\/product"}],"replies":[{"embeddable":true,"href":"https:\/\/orrislife.com\/fr\/wp-json\/wp\/v2\/comments?post=5037"}],"wp:featuredmedia":[{"embeddable":true,"href":"https:\/\/orrislife.com\/fr\/wp-json\/wp\/v2\/media\/5038"}],"wp:attachment":[{"href":"https:\/\/orrislife.com\/fr\/wp-json\/wp\/v2\/media?parent=5037"}],"wp:term":[{"taxonomy":"product_cat","embeddable":true,"href":"https:\/\/orrislife.com\/fr\/wp-json\/wp\/v2\/product_cat?post=5037"},{"taxonomy":"product_tag","embeddable":true,"href":"https:\/\/orrislife.com\/fr\/wp-json\/wp\/v2\/product_tag?post=5037"}],"curies":[{"name":"wp","href":"https:\/\/api.w.org\/{rel}","templated":true}]}}