{"id":5025,"date":"2023-09-06T14:55:08","date_gmt":"2023-09-06T13:55:08","guid":{"rendered":"https:\/\/orrislife.com\/fr\/?post_type=product&#038;p=5025"},"modified":"2023-09-20T00:19:15","modified_gmt":"2023-09-19T23:19:15","slug":"capsules-de-neodoksine-no-30","status":"publish","type":"product","link":"https:\/\/orrislife.com\/fr\/product\/capsules-de-neodoksine-no-30\/","title":{"rendered":"Capsules de N\u00e9odoksine No: 30"},"content":{"rendered":"<p id=\"tw-target-text\" class=\"tw-data-text tw-text-large tw-ta\" dir=\"ltr\" data-placeholder=\"\u00c7eviri\"><span class=\"Y2IQFc\" lang=\"fr\">Chaque capsule Neodoksin contient 100 mg de cytidine-5, 100 mg d&#8217;uridine-5, 6 mg de vitamine B6, 5 mg de vitamine B1 et 1,5 mg de vitamine B12. Il normalise la fonction cardiaque, am\u00e9liore la r\u00e9sistance du corps \u00e0 diverses infections, r\u00e9gule la production d&#8217;acide gastrique et am\u00e9liore la digestion. En participant directement au m\u00e9tabolisme, elle acc\u00e9l\u00e8re la r\u00e9g\u00e9n\u00e9ration des tissus.<\/span><\/p>\n","protected":false},"excerpt":{"rendered":"<p><span class=\"Y2IQFc\" lang=\"fr\">Chaque capsule Neodoksin contient 100 mg de cytidine-5, 100 mg d&#8217;uridine-5, 6 mg de vitamine B6, 5 mg de vitamine B1 et 1,5 mg de vitamine B12. Il normalise la fonction cardiaque, am\u00e9liore la r\u00e9sistance du corps \u00e0 diverses infections, r\u00e9gule la production d&#8217;acide gastrique et am\u00e9liore la digestion. En participant directement au m\u00e9tabolisme, elle acc\u00e9l\u00e8re la r\u00e9g\u00e9n\u00e9ration des tissus.<\/span><\/p>\n","protected":false},"featured_media":5026,"comment_status":"open","ping_status":"closed","template":"","meta":[],"product_cat":[71],"product_tag":[],"class_list":["post-5025","product","type-product","status-publish","has-post-thumbnail","hentry","product_cat-supplements"],"aioseo_notices":[],"_links":{"self":[{"href":"https:\/\/orrislife.com\/fr\/wp-json\/wp\/v2\/product\/5025","targetHints":{"allow":["GET"]}}],"collection":[{"href":"https:\/\/orrislife.com\/fr\/wp-json\/wp\/v2\/product"}],"about":[{"href":"https:\/\/orrislife.com\/fr\/wp-json\/wp\/v2\/types\/product"}],"replies":[{"embeddable":true,"href":"https:\/\/orrislife.com\/fr\/wp-json\/wp\/v2\/comments?post=5025"}],"wp:featuredmedia":[{"embeddable":true,"href":"https:\/\/orrislife.com\/fr\/wp-json\/wp\/v2\/media\/5026"}],"wp:attachment":[{"href":"https:\/\/orrislife.com\/fr\/wp-json\/wp\/v2\/media?parent=5025"}],"wp:term":[{"taxonomy":"product_cat","embeddable":true,"href":"https:\/\/orrislife.com\/fr\/wp-json\/wp\/v2\/product_cat?post=5025"},{"taxonomy":"product_tag","embeddable":true,"href":"https:\/\/orrislife.com\/fr\/wp-json\/wp\/v2\/product_tag?post=5025"}],"curies":[{"name":"wp","href":"https:\/\/api.w.org\/{rel}","templated":true}]}}