{"id":5015,"date":"2023-09-06T14:45:28","date_gmt":"2023-09-06T13:45:28","guid":{"rendered":"https:\/\/orrislife.com\/fr\/?post_type=product&#038;p=5015"},"modified":"2023-09-20T00:29:16","modified_gmt":"2023-09-19T23:29:16","slug":"gouttes-prost-max-15-ml","status":"publish","type":"product","link":"https:\/\/orrislife.com\/fr\/product\/gouttes-prost-max-15-ml\/","title":{"rendered":"Gouttes Prost Max 15 ml"},"content":{"rendered":"<p id=\"tw-target-text\" class=\"tw-data-text tw-text-large tw-ta\" dir=\"ltr\" data-placeholder=\"\u00c7eviri\"><span class=\"Y2IQFc\" lang=\"fr\">Prost Max est un produit hygi\u00e9nique fabriqu\u00e9 \u00e0 partir de mati\u00e8res premi\u00e8res de haute qualit\u00e9. Il aide \u00e0 pr\u00e9venir les premiers stades du rhume, \u00e0 affaiblir les processus inflammatoires et \u00e0 r\u00e9duire le gonflement des muqueuses. Prost Max a \u00e9galement des effets d\u00e9sinfectants et h\u00e9mostatiques.<\/span><\/p>\n","protected":false},"excerpt":{"rendered":"<p id=\"tw-target-text\" class=\"tw-data-text tw-text-large tw-ta\" dir=\"ltr\" data-placeholder=\"\u00c7eviri\"><span class=\"Y2IQFc\" lang=\"fr\">Prost Max est un produit hygi\u00e9nique fabriqu\u00e9 \u00e0 partir de mati\u00e8res premi\u00e8res de haute qualit\u00e9. Il aide \u00e0 pr\u00e9venir les premiers stades du rhume, \u00e0 affaiblir les processus inflammatoires et \u00e0 r\u00e9duire le gonflement des muqueuses. Prost Max a \u00e9galement des effets d\u00e9sinfectants et h\u00e9mostatiques.<\/span><\/p>\n","protected":false},"featured_media":5016,"comment_status":"open","ping_status":"closed","template":"","meta":[],"product_cat":[71],"product_tag":[],"class_list":["post-5015","product","type-product","status-publish","has-post-thumbnail","hentry","product_cat-supplements"],"aioseo_notices":[],"_links":{"self":[{"href":"https:\/\/orrislife.com\/fr\/wp-json\/wp\/v2\/product\/5015","targetHints":{"allow":["GET"]}}],"collection":[{"href":"https:\/\/orrislife.com\/fr\/wp-json\/wp\/v2\/product"}],"about":[{"href":"https:\/\/orrislife.com\/fr\/wp-json\/wp\/v2\/types\/product"}],"replies":[{"embeddable":true,"href":"https:\/\/orrislife.com\/fr\/wp-json\/wp\/v2\/comments?post=5015"}],"wp:featuredmedia":[{"embeddable":true,"href":"https:\/\/orrislife.com\/fr\/wp-json\/wp\/v2\/media\/5016"}],"wp:attachment":[{"href":"https:\/\/orrislife.com\/fr\/wp-json\/wp\/v2\/media?parent=5015"}],"wp:term":[{"taxonomy":"product_cat","embeddable":true,"href":"https:\/\/orrislife.com\/fr\/wp-json\/wp\/v2\/product_cat?post=5015"},{"taxonomy":"product_tag","embeddable":true,"href":"https:\/\/orrislife.com\/fr\/wp-json\/wp\/v2\/product_tag?post=5015"}],"curies":[{"name":"wp","href":"https:\/\/api.w.org\/{rel}","templated":true}]}}