{"id":5364,"date":"2023-09-14T18:00:53","date_gmt":"2023-09-14T17:00:53","guid":{"rendered":"https:\/\/orrislife.com\/de\/?post_type=product&#038;p=5364"},"modified":"2023-09-20T03:51:25","modified_gmt":"2023-09-20T02:51:25","slug":"pickel-entfernendes-und-vorbeugendes-serum","status":"publish","type":"product","link":"https:\/\/orrislife.com\/de\/product\/pickel-entfernendes-und-vorbeugendes-serum\/","title":{"rendered":"PICKEL ENTFERNENDES UND VORBEUGENDES SERUM"},"content":{"rendered":"<p>F\u00fcr normale, fettige und Mischhaut<\/p>\n<p>Reduktion von dunklen Flecken auf der Haut in 10 Tagen<\/p>\n<p>Arbutin, Salicyls\u00e4ure<\/p>\n<p>Wirkung:<\/p>\n<p>Reduziert sichtbar Hauthyperpigmentierung dank Arbutin. Mit Salicyls\u00e4ure reinigt die Haut dunkle Flecken und verleiht ihr eine heller und gleichm\u00e4\u00dfiger wirkende Farbe. Bietet konzentrierte Anti-Flecken-Pflege.<\/p>\n","protected":false},"excerpt":{"rendered":"<p>F\u00fcr normale, fettige und Mischhaut Reduktion von dunklen Flecken auf der Haut in 10 Tagen Arbutin, Salicyls\u00e4ure Wirkung: Reduziert sichtbar Hauthyperpigmentierung dank Arbutin. Mit Salicyls\u00e4ure reinigt die Haut dunkle Flecken und verleiht ihr eine heller und gleichm\u00e4\u00dfiger wirkende Farbe. Bietet konzentrierte Anti-Flecken-Pflege.<\/p>\n","protected":false},"featured_media":5365,"comment_status":"open","ping_status":"closed","template":"","meta":[],"product_cat":[74,78],"product_tag":[],"class_list":["post-5364","product","type-product","status-publish","has-post-thumbnail","hentry","product_cat-hautpflege","product_cat-korperpflege"],"aioseo_notices":[],"_links":{"self":[{"href":"https:\/\/orrislife.com\/de\/wp-json\/wp\/v2\/product\/5364","targetHints":{"allow":["GET"]}}],"collection":[{"href":"https:\/\/orrislife.com\/de\/wp-json\/wp\/v2\/product"}],"about":[{"href":"https:\/\/orrislife.com\/de\/wp-json\/wp\/v2\/types\/product"}],"replies":[{"embeddable":true,"href":"https:\/\/orrislife.com\/de\/wp-json\/wp\/v2\/comments?post=5364"}],"wp:featuredmedia":[{"embeddable":true,"href":"https:\/\/orrislife.com\/de\/wp-json\/wp\/v2\/media\/5365"}],"wp:attachment":[{"href":"https:\/\/orrislife.com\/de\/wp-json\/wp\/v2\/media?parent=5364"}],"wp:term":[{"taxonomy":"product_cat","embeddable":true,"href":"https:\/\/orrislife.com\/de\/wp-json\/wp\/v2\/product_cat?post=5364"},{"taxonomy":"product_tag","embeddable":true,"href":"https:\/\/orrislife.com\/de\/wp-json\/wp\/v2\/product_tag?post=5364"}],"curies":[{"name":"wp","href":"https:\/\/api.w.org\/{rel}","templated":true}]}}