{"id":5360,"date":"2023-09-14T17:56:13","date_gmt":"2023-09-14T16:56:13","guid":{"rendered":"https:\/\/orrislife.com\/de\/?post_type=product&#038;p=5360"},"modified":"2023-09-20T03:52:23","modified_gmt":"2023-09-20T02:52:23","slug":"haarshampoo-mit-verdichtendem-keratin","status":"publish","type":"product","link":"https:\/\/orrislife.com\/de\/product\/haarshampoo-mit-verdichtendem-keratin\/","title":{"rendered":"HAARSHAMPOO MIT VERDICHTENDEM KERATIN"},"content":{"rendered":"<p>Perfekt gereinigte colorierte Haare bei Farberhalt<\/p>\n<p>5 wunderbare Kr\u00e4uterextrakte<\/p>\n<p>Wirkung:<\/p>\n<p>Shampoo mit Keratin &#8211; macht das Haar bereits ab der ersten W\u00e4sche weich und revitalisiert es. Bei regelm\u00e4\u00dfiger Anwendung verhindert es Haarausfall und verleiht zudem Volumen und F\u00fclle. Mit 5 wunderbaren Pflanzenextrakten (Gr\u00fcner Tee, Traubenkern, Brennnessel, Schachtelhalm, Orangenschale) werden gesch\u00e4digte Haarstr\u00e4hnen wiederhergestellt und erleichtern das K\u00e4mmen.<\/p>\n","protected":false},"excerpt":{"rendered":"<p>Perfekt gereinigte colorierte Haare bei Farberhalt 5 wunderbare Kr\u00e4uterextrakte Wirkung: Shampoo mit Keratin &#8211; macht das Haar bereits ab der ersten W\u00e4sche weich und revitalisiert es. Bei regelm\u00e4\u00dfiger Anwendung verhindert es Haarausfall und verleiht zudem Volumen und F\u00fclle. Mit 5 wunderbaren Pflanzenextrakten (Gr\u00fcner Tee, Traubenkern, Brennnessel, Schachtelhalm, Orangenschale) werden gesch\u00e4digte Haarstr\u00e4hnen wiederhergestellt und erleichtern das [&hellip;]<\/p>\n","protected":false},"featured_media":5361,"comment_status":"open","ping_status":"closed","template":"","meta":[],"product_cat":[77],"product_tag":[],"class_list":["post-5360","product","type-product","status-publish","has-post-thumbnail","hentry","product_cat-haarpflege"],"aioseo_notices":[],"_links":{"self":[{"href":"https:\/\/orrislife.com\/de\/wp-json\/wp\/v2\/product\/5360","targetHints":{"allow":["GET"]}}],"collection":[{"href":"https:\/\/orrislife.com\/de\/wp-json\/wp\/v2\/product"}],"about":[{"href":"https:\/\/orrislife.com\/de\/wp-json\/wp\/v2\/types\/product"}],"replies":[{"embeddable":true,"href":"https:\/\/orrislife.com\/de\/wp-json\/wp\/v2\/comments?post=5360"}],"wp:featuredmedia":[{"embeddable":true,"href":"https:\/\/orrislife.com\/de\/wp-json\/wp\/v2\/media\/5361"}],"wp:attachment":[{"href":"https:\/\/orrislife.com\/de\/wp-json\/wp\/v2\/media?parent=5360"}],"wp:term":[{"taxonomy":"product_cat","embeddable":true,"href":"https:\/\/orrislife.com\/de\/wp-json\/wp\/v2\/product_cat?post=5360"},{"taxonomy":"product_tag","embeddable":true,"href":"https:\/\/orrislife.com\/de\/wp-json\/wp\/v2\/product_tag?post=5360"}],"curies":[{"name":"wp","href":"https:\/\/api.w.org\/{rel}","templated":true}]}}