{"id":5348,"date":"2023-09-14T15:36:32","date_gmt":"2023-09-14T14:36:32","guid":{"rendered":"https:\/\/orrislife.com\/de\/?post_type=product&#038;p=5348"},"modified":"2023-09-20T03:57:31","modified_gmt":"2023-09-20T02:57:31","slug":"sonnenschutz-gesichtscreme","status":"publish","type":"product","link":"https:\/\/orrislife.com\/de\/product\/sonnenschutz-gesichtscreme\/","title":{"rendered":"SONNENSCHUTZ-GESICHTSCREME"},"content":{"rendered":"<p>Sheabutter, Panthenol, Hyalurons\u00e4ure<\/p>\n<p>Bietet 98% Schutz vor UV-Strahlen<\/p>\n<p>Anti-Fleck, Aufhellung und Hauttonausgleich<\/p>\n<p>Wirkungen:<\/p>\n<p>Die Dermis-Schicht, die f\u00fcr das glatte Erscheinungsbild der Haut verantwortlich ist, enth\u00e4lt Kollagen, Elastin und Proteine. Diese Proteine werden durch die Wirkung von Sonnenstrahlen beeinflusst und f\u00fchren zu vorzeitigem Altern der Haut. Sonnencreme minimiert diese Effekte, verhindert die Bildung von Falten auf der Haut, sch\u00fctzt vor UVA- und UVB-Strahlen, verhindert vorzeitige Faltenbildung und reduziert Sonnenflecken.<\/p>\n","protected":false},"excerpt":{"rendered":"<p>Sheabutter, Panthenol, Hyalurons\u00e4ure Bietet 98% Schutz vor UV-Strahlen Anti-Fleck, Aufhellung und Hauttonausgleich Wirkungen: Die Dermis-Schicht, die f\u00fcr das glatte Erscheinungsbild der Haut verantwortlich ist, enth\u00e4lt Kollagen, Elastin und Proteine. Diese Proteine werden durch die Wirkung von Sonnenstrahlen beeinflusst und f\u00fchren zu vorzeitigem Altern der Haut. Sonnencreme minimiert diese Effekte, verhindert die Bildung von Falten auf [&hellip;]<\/p>\n","protected":false},"featured_media":5349,"comment_status":"open","ping_status":"closed","template":"","meta":[],"product_cat":[76],"product_tag":[],"class_list":["post-5348","product","type-product","status-publish","has-post-thumbnail","hentry","product_cat-braunen"],"aioseo_notices":[],"_links":{"self":[{"href":"https:\/\/orrislife.com\/de\/wp-json\/wp\/v2\/product\/5348","targetHints":{"allow":["GET"]}}],"collection":[{"href":"https:\/\/orrislife.com\/de\/wp-json\/wp\/v2\/product"}],"about":[{"href":"https:\/\/orrislife.com\/de\/wp-json\/wp\/v2\/types\/product"}],"replies":[{"embeddable":true,"href":"https:\/\/orrislife.com\/de\/wp-json\/wp\/v2\/comments?post=5348"}],"wp:featuredmedia":[{"embeddable":true,"href":"https:\/\/orrislife.com\/de\/wp-json\/wp\/v2\/media\/5349"}],"wp:attachment":[{"href":"https:\/\/orrislife.com\/de\/wp-json\/wp\/v2\/media?parent=5348"}],"wp:term":[{"taxonomy":"product_cat","embeddable":true,"href":"https:\/\/orrislife.com\/de\/wp-json\/wp\/v2\/product_cat?post=5348"},{"taxonomy":"product_tag","embeddable":true,"href":"https:\/\/orrislife.com\/de\/wp-json\/wp\/v2\/product_tag?post=5348"}],"curies":[{"name":"wp","href":"https:\/\/api.w.org\/{rel}","templated":true}]}}