{"id":5344,"date":"2023-09-14T15:32:25","date_gmt":"2023-09-14T14:32:25","guid":{"rendered":"https:\/\/orrislife.com\/de\/?post_type=product&#038;p=5344"},"modified":"2023-09-20T03:59:23","modified_gmt":"2023-09-20T02:59:23","slug":"korperaufhellungscreme","status":"publish","type":"product","link":"https:\/\/orrislife.com\/de\/product\/korperaufhellungscreme\/","title":{"rendered":"K\u00d6RPERAUFHELLUNGSCREME"},"content":{"rendered":"<p>Arbutin, S\u00fc\u00dfholzwurzelextrakt<\/p>\n<p>Aufhellungseffekt gegen dunkle Flecken in 14 Tagen<\/p>\n<p>Gegen Dunkelwerden von Knien, Ellenbogen und Achselh\u00f6hlen<\/p>\n<p>Wirkungen:<\/p>\n<p>Es hilft, das Dunkelwerden und die Pigmentierung auf dem K\u00f6rper zu beseitigen, gleicht den ungleichm\u00e4\u00dfigen Hautton aus und verleiht ein helleres, strahlenderes und glatteres Erscheinungsbild. Arbutin, einer der wichtigen Wirkstoffe, macht die Haut glatter und lebendiger. S\u00fc\u00dfholzwurzel ist wirksam, um der Haut einen aufhellenden und strahlenden Effekt zu verleihen. Vitamin B3 gleicht den Hautton aus und st\u00e4rkt die Hautbarriere.<\/p>\n","protected":false},"excerpt":{"rendered":"<p>Arbutin, S\u00fc\u00dfholzwurzelextrakt Aufhellungseffekt gegen dunkle Flecken in 14 Tagen Gegen Dunkelwerden von Knien, Ellenbogen und Achselh\u00f6hlen Wirkungen: Es hilft, das Dunkelwerden und die Pigmentierung auf dem K\u00f6rper zu beseitigen, gleicht den ungleichm\u00e4\u00dfigen Hautton aus und verleiht ein helleres, strahlenderes und glatteres Erscheinungsbild. Arbutin, einer der wichtigen Wirkstoffe, macht die Haut glatter und lebendiger. S\u00fc\u00dfholzwurzel ist [&hellip;]<\/p>\n","protected":false},"featured_media":5345,"comment_status":"open","ping_status":"closed","template":"","meta":[],"product_cat":[75,78],"product_tag":[],"class_list":["post-5344","product","type-product","status-publish","has-post-thumbnail","hentry","product_cat-hautaufhellung","product_cat-korperpflege"],"aioseo_notices":[],"_links":{"self":[{"href":"https:\/\/orrislife.com\/de\/wp-json\/wp\/v2\/product\/5344","targetHints":{"allow":["GET"]}}],"collection":[{"href":"https:\/\/orrislife.com\/de\/wp-json\/wp\/v2\/product"}],"about":[{"href":"https:\/\/orrislife.com\/de\/wp-json\/wp\/v2\/types\/product"}],"replies":[{"embeddable":true,"href":"https:\/\/orrislife.com\/de\/wp-json\/wp\/v2\/comments?post=5344"}],"wp:featuredmedia":[{"embeddable":true,"href":"https:\/\/orrislife.com\/de\/wp-json\/wp\/v2\/media\/5345"}],"wp:attachment":[{"href":"https:\/\/orrislife.com\/de\/wp-json\/wp\/v2\/media?parent=5344"}],"wp:term":[{"taxonomy":"product_cat","embeddable":true,"href":"https:\/\/orrislife.com\/de\/wp-json\/wp\/v2\/product_cat?post=5344"},{"taxonomy":"product_tag","embeddable":true,"href":"https:\/\/orrislife.com\/de\/wp-json\/wp\/v2\/product_tag?post=5344"}],"curies":[{"name":"wp","href":"https:\/\/api.w.org\/{rel}","templated":true}]}}