{"id":5340,"date":"2023-09-14T15:22:37","date_gmt":"2023-09-14T14:22:37","guid":{"rendered":"https:\/\/orrislife.com\/de\/?post_type=product&#038;p=5340"},"modified":"2023-09-20T04:01:05","modified_gmt":"2023-09-20T03:01:05","slug":"3d-hidro-max-ultra-feuchtigkeitsspendende-lift-gesichtscreme","status":"publish","type":"product","link":"https:\/\/orrislife.com\/de\/product\/3d-hidro-max-ultra-feuchtigkeitsspendende-lift-gesichtscreme\/","title":{"rendered":"3D HIDRO MAX Ultra Hydrate Lift Face Cream"},"content":{"rendered":"<p>Ultra-Anti-Aging-Nachtcreme, pflegt die Haut w\u00e4hrend der Nacht, regeneriert sie und verleiht morgens ein strahlenderes und volleres Erscheinungsbild. Reduziert sichtbar Falten und feine Linien und verleiht der Haut ein jugendliches Aussehen dank ihrer regenerierenden Eigenschaften.<\/p>\n<p>Inhaltsstoffe:<\/p>\n<p>Hyalurons\u00e4ure, Peptide, Retinol, Q10<\/p>\n<p>Hyalurons\u00e4ure &#8211; spendet Feuchtigkeit und hilft, Falten zu gl\u00e4tten.<\/p>\n<p>Q10 &#8211; sch\u00fctzt die Haut vor sch\u00e4dlichen \u00e4u\u00dferen Einfl\u00fcssen.<\/p>\n<p>Peptide &#8211; beseitigen Falten und stellen die Elastizit\u00e4t der Haut wieder her.<\/p>\n","protected":false},"excerpt":{"rendered":"<p>Ultra-Anti-Aging-Nachtcreme, pflegt die Haut w\u00e4hrend der Nacht, regeneriert sie und verleiht morgens ein strahlenderes und volleres Erscheinungsbild. Reduziert sichtbar Falten und feine Linien und verleiht der Haut ein jugendliches Aussehen dank ihrer regenerierenden Eigenschaften. Inhaltsstoffe: Hyalurons\u00e4ure, Peptide, Retinol, Q10 Hyalurons\u00e4ure &#8211; spendet Feuchtigkeit und hilft, Falten zu gl\u00e4tten. Q10 &#8211; sch\u00fctzt die Haut vor sch\u00e4dlichen [&hellip;]<\/p>\n","protected":false},"featured_media":5341,"comment_status":"open","ping_status":"closed","template":"","meta":[],"product_cat":[74],"product_tag":[],"class_list":["post-5340","product","type-product","status-publish","has-post-thumbnail","hentry","product_cat-hautpflege"],"aioseo_notices":[],"_links":{"self":[{"href":"https:\/\/orrislife.com\/de\/wp-json\/wp\/v2\/product\/5340","targetHints":{"allow":["GET"]}}],"collection":[{"href":"https:\/\/orrislife.com\/de\/wp-json\/wp\/v2\/product"}],"about":[{"href":"https:\/\/orrislife.com\/de\/wp-json\/wp\/v2\/types\/product"}],"replies":[{"embeddable":true,"href":"https:\/\/orrislife.com\/de\/wp-json\/wp\/v2\/comments?post=5340"}],"wp:featuredmedia":[{"embeddable":true,"href":"https:\/\/orrislife.com\/de\/wp-json\/wp\/v2\/media\/5341"}],"wp:attachment":[{"href":"https:\/\/orrislife.com\/de\/wp-json\/wp\/v2\/media?parent=5340"}],"wp:term":[{"taxonomy":"product_cat","embeddable":true,"href":"https:\/\/orrislife.com\/de\/wp-json\/wp\/v2\/product_cat?post=5340"},{"taxonomy":"product_tag","embeddable":true,"href":"https:\/\/orrislife.com\/de\/wp-json\/wp\/v2\/product_tag?post=5340"}],"curies":[{"name":"wp","href":"https:\/\/api.w.org\/{rel}","templated":true}]}}