{"id":5144,"date":"2023-09-07T18:42:29","date_gmt":"2023-09-07T17:42:29","guid":{"rendered":"https:\/\/orrislife.com\/de\/?post_type=product&#038;p=5144"},"modified":"2023-09-20T04:04:41","modified_gmt":"2023-09-20T03:04:41","slug":"menomax-kapsel-nr-30","status":"publish","type":"product","link":"https:\/\/orrislife.com\/de\/product\/menomax-kapsel-nr-30\/","title":{"rendered":"Menomax Kapsel Nr. 30"},"content":{"rendered":"<p>Es hilft, die Trockenheit der Geb\u00e4rmutter zu lindern und die Durchblutung zu f\u00f6rdern. Es tr\u00e4gt dazu bei, die Ansammlung von Cholesterin zu verhindern, die zur Bildung atherosklerotischer Plaques an den W\u00e4nden der Blutgef\u00e4\u00dfe f\u00fchrt. Es unterst\u00fctzt auch bei der Behebung von Unregelm\u00e4\u00dfigkeiten im Menstruationszyklus.<\/p>\n","protected":false},"excerpt":{"rendered":"<p>It helps alleviate uterine dryness and promote blood circulation. It assists in preventing the accumulation of cholesterol that leads to the formation of atherosclerotic plaques on the walls of blood vessels. It also aids in resolving menstrual cycle irregularities.<\/p>\n","protected":false},"featured_media":5145,"comment_status":"open","ping_status":"closed","template":"","meta":[],"product_cat":[71],"product_tag":[],"class_list":["post-5144","product","type-product","status-publish","has-post-thumbnail","hentry","product_cat-erganzungen"],"aioseo_notices":[],"_links":{"self":[{"href":"https:\/\/orrislife.com\/de\/wp-json\/wp\/v2\/product\/5144","targetHints":{"allow":["GET"]}}],"collection":[{"href":"https:\/\/orrislife.com\/de\/wp-json\/wp\/v2\/product"}],"about":[{"href":"https:\/\/orrislife.com\/de\/wp-json\/wp\/v2\/types\/product"}],"replies":[{"embeddable":true,"href":"https:\/\/orrislife.com\/de\/wp-json\/wp\/v2\/comments?post=5144"}],"wp:featuredmedia":[{"embeddable":true,"href":"https:\/\/orrislife.com\/de\/wp-json\/wp\/v2\/media\/5145"}],"wp:attachment":[{"href":"https:\/\/orrislife.com\/de\/wp-json\/wp\/v2\/media?parent=5144"}],"wp:term":[{"taxonomy":"product_cat","embeddable":true,"href":"https:\/\/orrislife.com\/de\/wp-json\/wp\/v2\/product_cat?post=5144"},{"taxonomy":"product_tag","embeddable":true,"href":"https:\/\/orrislife.com\/de\/wp-json\/wp\/v2\/product_tag?post=5144"}],"curies":[{"name":"wp","href":"https:\/\/api.w.org\/{rel}","templated":true}]}}