{"id":5120,"date":"2023-09-07T18:27:52","date_gmt":"2023-09-07T17:27:52","guid":{"rendered":"https:\/\/orrislife.com\/de\/?post_type=product&#038;p=5120"},"modified":"2023-09-20T04:12:17","modified_gmt":"2023-09-20T03:12:17","slug":"qliarqin-kapsel-nr-60","status":"publish","type":"product","link":"https:\/\/orrislife.com\/de\/product\/qliarqin-kapsel-nr-60\/","title":{"rendered":"Qliarqin Kapsel Nr. 60"},"content":{"rendered":"<p>Es hilft, metabolische Prozesse im K\u00f6rper zu regulieren und die Qualit\u00e4t der Spermien zu verbessern. Es unterst\u00fctzt auch den K\u00f6rper bei der Proteinsynthese.<\/p>\n","protected":false},"excerpt":{"rendered":"<p>It helps regulate metabolic processes in the body and improve sperm quality. It also supports the body in protein synthesis.<\/p>\n","protected":false},"featured_media":0,"comment_status":"open","ping_status":"closed","template":"","meta":[],"product_cat":[71],"product_tag":[],"class_list":["post-5120","product","type-product","status-publish","hentry","product_cat-erganzungen"],"aioseo_notices":[],"_links":{"self":[{"href":"https:\/\/orrislife.com\/de\/wp-json\/wp\/v2\/product\/5120","targetHints":{"allow":["GET"]}}],"collection":[{"href":"https:\/\/orrislife.com\/de\/wp-json\/wp\/v2\/product"}],"about":[{"href":"https:\/\/orrislife.com\/de\/wp-json\/wp\/v2\/types\/product"}],"replies":[{"embeddable":true,"href":"https:\/\/orrislife.com\/de\/wp-json\/wp\/v2\/comments?post=5120"}],"wp:attachment":[{"href":"https:\/\/orrislife.com\/de\/wp-json\/wp\/v2\/media?parent=5120"}],"wp:term":[{"taxonomy":"product_cat","embeddable":true,"href":"https:\/\/orrislife.com\/de\/wp-json\/wp\/v2\/product_cat?post=5120"},{"taxonomy":"product_tag","embeddable":true,"href":"https:\/\/orrislife.com\/de\/wp-json\/wp\/v2\/product_tag?post=5120"}],"curies":[{"name":"wp","href":"https:\/\/api.w.org\/{rel}","templated":true}]}}