{"id":5098,"date":"2023-09-07T18:14:22","date_gmt":"2023-09-07T17:14:22","guid":{"rendered":"https:\/\/orrislife.com\/de\/?post_type=product&#038;p=5098"},"modified":"2023-09-20T05:09:53","modified_gmt":"2023-09-20T04:09:53","slug":"osteofleks-tabletten-nr-60","status":"publish","type":"product","link":"https:\/\/orrislife.com\/de\/product\/osteofleks-tabletten-nr-60\/","title":{"rendered":"Osteofleks Tabletten Nr. 60"},"content":{"rendered":"<p>Osteofleks-Tabletten helfen, weitere Sch\u00e4den zu verhindern und Unannehmlichkeiten in Gelenken wie Knien und H\u00fcften zu lindern. Sie unterst\u00fctzen auch bei der Behandlung von entz\u00fcndlichen Gelenkerkrankungen.<\/p>\n","protected":false},"excerpt":{"rendered":"<p>Osteofleks Tablets help prevent further damage and alleviate discomfort in joints such as knees and hips. They also assist in the treatment of inflammatory joint disorders.<\/p>\n","protected":false},"featured_media":5099,"comment_status":"open","ping_status":"closed","template":"","meta":[],"product_cat":[71],"product_tag":[],"class_list":["post-5098","product","type-product","status-publish","has-post-thumbnail","hentry","product_cat-erganzungen"],"aioseo_notices":[],"_links":{"self":[{"href":"https:\/\/orrislife.com\/de\/wp-json\/wp\/v2\/product\/5098","targetHints":{"allow":["GET"]}}],"collection":[{"href":"https:\/\/orrislife.com\/de\/wp-json\/wp\/v2\/product"}],"about":[{"href":"https:\/\/orrislife.com\/de\/wp-json\/wp\/v2\/types\/product"}],"replies":[{"embeddable":true,"href":"https:\/\/orrislife.com\/de\/wp-json\/wp\/v2\/comments?post=5098"}],"wp:featuredmedia":[{"embeddable":true,"href":"https:\/\/orrislife.com\/de\/wp-json\/wp\/v2\/media\/5099"}],"wp:attachment":[{"href":"https:\/\/orrislife.com\/de\/wp-json\/wp\/v2\/media?parent=5098"}],"wp:term":[{"taxonomy":"product_cat","embeddable":true,"href":"https:\/\/orrislife.com\/de\/wp-json\/wp\/v2\/product_cat?post=5098"},{"taxonomy":"product_tag","embeddable":true,"href":"https:\/\/orrislife.com\/de\/wp-json\/wp\/v2\/product_tag?post=5098"}],"curies":[{"name":"wp","href":"https:\/\/api.w.org\/{rel}","templated":true}]}}