{"id":5033,"date":"2023-09-06T15:07:49","date_gmt":"2023-09-06T14:07:49","guid":{"rendered":"https:\/\/orrislife.com\/de\/?post_type=product&#038;p=5033"},"modified":"2023-09-20T05:27:11","modified_gmt":"2023-09-20T04:27:11","slug":"hormozitol-sachet-5-gr","status":"publish","type":"product","link":"https:\/\/orrislife.com\/de\/product\/hormozitol-sachet-5-gr\/","title":{"rendered":"Hormozitol Sachet 5 gr"},"content":{"rendered":"<div class=\"group w-full text-token-text-primary border-b border-black\/10 dark:border-gray-900\/50 bg-gray-50 dark:bg-[#444654]\" data-testid=\"conversation-turn-149\">\n<div class=\"p-4 justify-center text-base md:gap-6 md:py-6 m-auto\">\n<div class=\"flex flex-1 gap-4 text-base mx-auto md:gap-6 md:max-w-2xl lg:max-w-[38rem] xl:max-w-3xl }\">\n<div class=\"relative flex w-[calc(100%-50px)] flex-col gap-1 md:gap-3 lg:w-[calc(100%-115px)]\">\n<div class=\"flex flex-grow flex-col gap-3 max-w-full\">\n<div class=\"min-h-[20px] flex flex-col items-start gap-3 overflow-x-auto whitespace-pre-wrap break-words\">\n<div class=\"markdown prose w-full break-words dark:prose-invert light\">\n<p>Hormozitol spielt eine entscheidende Rolle bei der Aktivit\u00e4t verschiedener Lipopolysaccharide, Proteine und Enzyme im menschlichen K\u00f6rper. Es erh\u00f6ht die Empfindlichkeit von K\u00f6rperzellen gegen\u00fcber Hormonen und reguliert den Hormonhaushalt. Selen, das in seiner Zusammensetzung enthalten ist, gew\u00e4hrleistet die Erhaltung und Beweglichkeit von Spermin und verbessert somit die Qualit\u00e4t des Spermas. Daher wird es h\u00e4ufig bei m\u00e4nnlicher Unfruchtbarkeit eingesetzt. Es f\u00f6rdert die reproduktive Gesundheit bei beiden Geschlechtern, steigert die Libido bei M\u00e4nnern und Frauen, normalisiert den Menstruationszyklus bei Frauen und erh\u00f6ht die Widerstandsf\u00e4higkeit gegen\u00fcber k\u00f6rperlichem Stress.<\/p>\n<\/div>\n<\/div>\n<\/div>\n<\/div>\n<\/div>\n<\/div>\n<\/div>\n","protected":false},"excerpt":{"rendered":"<p>Hormozitol plays a vital role in the activity of various lipopolysaccharides, proteins, and enzymes in the human body. It enhances the sensitivity of body cells to hormones and regulates hormonal balance. Selenium, found in its composition, ensures the preservation and mobility of spermine, thus improving sperm quality. Therefore, it is commonly used during male infertility. It enhances reproductive health in both genders, increases libido in men and women, normalizes the menstrual cycle in women, and helps increase resistance to physical stress.<\/p>\n","protected":false},"featured_media":5034,"comment_status":"open","ping_status":"closed","template":"","meta":[],"product_cat":[71],"product_tag":[],"class_list":["post-5033","product","type-product","status-publish","has-post-thumbnail","hentry","product_cat-erganzungen"],"aioseo_notices":[],"_links":{"self":[{"href":"https:\/\/orrislife.com\/de\/wp-json\/wp\/v2\/product\/5033","targetHints":{"allow":["GET"]}}],"collection":[{"href":"https:\/\/orrislife.com\/de\/wp-json\/wp\/v2\/product"}],"about":[{"href":"https:\/\/orrislife.com\/de\/wp-json\/wp\/v2\/types\/product"}],"replies":[{"embeddable":true,"href":"https:\/\/orrislife.com\/de\/wp-json\/wp\/v2\/comments?post=5033"}],"wp:featuredmedia":[{"embeddable":true,"href":"https:\/\/orrislife.com\/de\/wp-json\/wp\/v2\/media\/5034"}],"wp:attachment":[{"href":"https:\/\/orrislife.com\/de\/wp-json\/wp\/v2\/media?parent=5033"}],"wp:term":[{"taxonomy":"product_cat","embeddable":true,"href":"https:\/\/orrislife.com\/de\/wp-json\/wp\/v2\/product_cat?post=5033"},{"taxonomy":"product_tag","embeddable":true,"href":"https:\/\/orrislife.com\/de\/wp-json\/wp\/v2\/product_tag?post=5033"}],"curies":[{"name":"wp","href":"https:\/\/api.w.org\/{rel}","templated":true}]}}