{"id":5015,"date":"2023-09-06T14:45:28","date_gmt":"2023-09-06T13:45:28","guid":{"rendered":"https:\/\/orrislife.com\/de\/?post_type=product&#038;p=5015"},"modified":"2023-09-20T05:31:47","modified_gmt":"2023-09-20T04:31:47","slug":"prost-max-tropfen-15-ml","status":"publish","type":"product","link":"https:\/\/orrislife.com\/de\/product\/prost-max-tropfen-15-ml\/","title":{"rendered":"Prost Max Tropfen 15 ml"},"content":{"rendered":"<p>Prost Max ist ein Hygieneprodukt, das aus hochwertigen Rohstoffen hergestellt wird. Es hilft, die Fr\u00fchstadien von Erk\u00e4ltungen zu verhindern, entz\u00fcndliche Prozesse zu schw\u00e4chen und die Schwellung der Schleimh\u00e4ute zu reduzieren. Prost Max hat auch desinfizierende und h\u00e4mostatische Wirkungen.<\/p>\n","protected":false},"excerpt":{"rendered":"<p>Prost Max is a hygienic product made from high-quality raw materials. It helps prevent the early stages of colds, weaken inflammatory processes, and reduce the swelling of mucous membranes. Prost Max also has disinfectant and hemostatic effects.<\/p>\n","protected":false},"featured_media":5016,"comment_status":"open","ping_status":"closed","template":"","meta":[],"product_cat":[71],"product_tag":[],"class_list":["post-5015","product","type-product","status-publish","has-post-thumbnail","hentry","product_cat-erganzungen"],"aioseo_notices":[],"_links":{"self":[{"href":"https:\/\/orrislife.com\/de\/wp-json\/wp\/v2\/product\/5015","targetHints":{"allow":["GET"]}}],"collection":[{"href":"https:\/\/orrislife.com\/de\/wp-json\/wp\/v2\/product"}],"about":[{"href":"https:\/\/orrislife.com\/de\/wp-json\/wp\/v2\/types\/product"}],"replies":[{"embeddable":true,"href":"https:\/\/orrislife.com\/de\/wp-json\/wp\/v2\/comments?post=5015"}],"wp:featuredmedia":[{"embeddable":true,"href":"https:\/\/orrislife.com\/de\/wp-json\/wp\/v2\/media\/5016"}],"wp:attachment":[{"href":"https:\/\/orrislife.com\/de\/wp-json\/wp\/v2\/media?parent=5015"}],"wp:term":[{"taxonomy":"product_cat","embeddable":true,"href":"https:\/\/orrislife.com\/de\/wp-json\/wp\/v2\/product_cat?post=5015"},{"taxonomy":"product_tag","embeddable":true,"href":"https:\/\/orrislife.com\/de\/wp-json\/wp\/v2\/product_tag?post=5015"}],"curies":[{"name":"wp","href":"https:\/\/api.w.org\/{rel}","templated":true}]}}