{"id":4948,"date":"2023-09-04T16:18:42","date_gmt":"2023-09-04T15:18:42","guid":{"rendered":"https:\/\/orrislife.com\/de\/?page_id=4948"},"modified":"2023-09-19T19:28:07","modified_gmt":"2023-09-19T18:28:07","slug":"korperpflege-2","status":"publish","type":"page","link":"https:\/\/orrislife.com\/de\/korperpflege-2\/","title":{"rendered":"K\u00f6rperpflege"},"content":{"rendered":"\t\t<div data-elementor-type=\"wp-page\" data-elementor-id=\"4948\" class=\"elementor elementor-4948\">\n\t\t\t\t\t\t\t        <section class=\"elementor-section elementor-top-section elementor-element elementor-element-0cc259e elementor-section-boxed elementor-section-height-default elementor-section-height-default\" data-id=\"0cc259e\" data-element_type=\"section\">\n            \n                        <div class=\"elementor-container elementor-column-gap-default \">\n                    <div class=\"aux-parallax-section elementor-column elementor-col-100 elementor-top-column elementor-element elementor-element-2ca602d\" data-id=\"2ca602d\" data-element_type=\"column\">\n            <div class=\"elementor-widget-wrap elementor-element-populated\">\n                        \t\t<div class=\"elementor-element elementor-element-51cd8ce elementor-widget elementor-widget-heading\" data-id=\"51cd8ce\" data-element_type=\"widget\" data-widget_type=\"heading.default\">\n\t\t\t\t<div class=\"elementor-widget-container\">\n\t\t\t<h2 class=\"elementor-heading-title elementor-size-default\">Steigern Sie Ihre Wellness-Reise mit den nat\u00fcrlichen K\u00f6rperpflegel\u00f6sungen von Orris Life<\/h2>\t\t<\/div>\n\t\t\t\t<\/div>\n\t\t            <\/div>\n        <\/div>\n                            <\/div>\n        <\/section>\n                <section class=\"elementor-section elementor-top-section elementor-element elementor-element-e7e31e2 elementor-section-boxed elementor-section-height-default elementor-section-height-default\" data-id=\"e7e31e2\" data-element_type=\"section\">\n            \n                        <div class=\"elementor-container elementor-column-gap-default \">\n                    <div class=\"aux-parallax-section elementor-column elementor-col-100 elementor-top-column elementor-element elementor-element-3b61dd4\" data-id=\"3b61dd4\" data-element_type=\"column\">\n            <div class=\"elementor-widget-wrap elementor-element-populated\">\n                        \t\t<div class=\"elementor-element elementor-element-1c4ca58 elementor-widget elementor-widget-text-editor\" data-id=\"1c4ca58\" data-element_type=\"widget\" data-widget_type=\"text-editor.default\">\n\t\t\t\t<div class=\"elementor-widget-container\">\n\t\t\t\t\t\t\t<p id=\"tw-target-text\" class=\"tw-data-text tw-text-large tw-ta\" dir=\"ltr\" data-placeholder=\"\u00c7eviri\"><span class=\"Y2IQFc\" lang=\"de\">Treten Sie ein in ein Reich, in dem die Heilkraft der Natur mit modernem Wohlbefinden vereint ist, und entdecken Sie eine beispiellose Auswahl an Premium-Nahrungserg\u00e4nzungsmitteln in gro\u00dfen Mengen.<\/span><\/p>\t\t\t\t\t\t<\/div>\n\t\t\t\t<\/div>\n\t\t            <\/div>\n        <\/div>\n                            <\/div>\n        <\/section>\n                <section class=\"elementor-section elementor-top-section elementor-element elementor-element-dea743b elementor-section-boxed elementor-section-height-default elementor-section-height-default\" data-id=\"dea743b\" data-element_type=\"section\">\n            \n                        <div class=\"elementor-container elementor-column-gap-default \">\n                    <div class=\"aux-parallax-section elementor-column elementor-col-100 elementor-top-column elementor-element elementor-element-d20cc42\" data-id=\"d20cc42\" data-element_type=\"column\">\n            <div class=\"elementor-widget-wrap elementor-element-populated\">\n                        \t\t<div class=\"elementor-element elementor-element-7bb4e6e elementor-widget elementor-widget-heading\" data-id=\"7bb4e6e\" data-element_type=\"widget\" data-widget_type=\"heading.default\">\n\t\t\t\t<div class=\"elementor-widget-container\">\n\t\t\t<h2 class=\"elementor-heading-title elementor-size-default\">K\u00f6rperpflegeprodukte\n<\/h2>\t\t<\/div>\n\t\t\t\t<\/div>\n\t\t            <\/div>\n        <\/div>\n                            <\/div>\n        <\/section>\n                <section class=\"elementor-section elementor-top-section elementor-element elementor-element-a66300c elementor-section-boxed elementor-section-height-default elementor-section-height-default\" data-id=\"a66300c\" data-element_type=\"section\">\n            \n                        <div class=\"elementor-container elementor-column-gap-default \">\n                    <div class=\"aux-parallax-section elementor-column elementor-col-100 elementor-top-column elementor-element elementor-element-df51d78\" data-id=\"df51d78\" data-element_type=\"column\">\n            <div class=\"elementor-widget-wrap elementor-element-populated\">\n                        \t\t<div class=\"elementor-element elementor-element-df29f74 elementor-widget elementor-widget-aux_product_grid\" data-id=\"df29f74\" data-element_type=\"widget\" data-settings=\"{&quot;columns&quot;:&quot;3&quot;}\" data-widget_type=\"aux_product_grid.default\">\n\t\t\t\t<div class=\"elementor-widget-container\">\n\t\t\t<div class='woocommerce woocommerce-page aux-shop-archive'><div class=\"products-loop aux-match-height aux-row aux-de-col3 aux-tb-col2 aux-mb-col1\">\n\n<div class=\"aux-col product type-product post-5368 status-publish first instock product_cat-hautpflege product_cat-korperpflege has-post-thumbnail shipping-taxable product-type-simple aux-remove-view-cart\">\n\t<img loading=\"lazy\" decoding=\"async\" width=\"503\" height=\"377\" src=\"https:\/\/orrislife.com\/de\/wp-content\/uploads\/2023\/09\/Akne-503x378.jpg\" class=\"auxshp-product-image auxshp-attachment \" alt=\"Akne\" data-original-width=\"600\" data-original-height=\"600\" data-original-src=\"https:\/\/orrislife.com\/de\/wp-content\/uploads\/2023\/09\/Akne.jpg\" srcset=\"https:\/\/orrislife.com\/de\/wp-content\/uploads\/2023\/09\/Akne-150x113.jpg 150w,https:\/\/orrislife.com\/de\/wp-content\/uploads\/2023\/09\/Akne-300x225.jpg 300w,https:\/\/orrislife.com\/de\/wp-content\/uploads\/2023\/09\/Akne-768x576.jpg 768w,https:\/\/orrislife.com\/de\/wp-content\/uploads\/2023\/09\/Akne-1024x768.jpg 1024w,https:\/\/orrislife.com\/de\/wp-content\/uploads\/2023\/09\/Akne-503x378.jpg 503w\" data-ratio=\"1.33\" data-original-w=\"1600\" sizes=\"auto, (max-width:479px) 480px,(max-width:767px) 768px,(max-width:1023px) 1024px,503px\" \/><\/span><\/a><\/a><div class=\"auxshp-entry-main\"><a href=\"https:\/\/orrislife.com\/de\/product\/anti-akne-serum\/\" class=\"auxshp-label auxshp-loop-title\"><h3 class=\"auxshp-title-heading\">ANTI-AKNE SERUM<\/h3><\/a><div class=\"loop-meta-wrapper\">\n    <div class=\"product_meta\">\n        <em class=\"auxshp-meta-terms\"><a href=\"https:\/\/orrislife.com\/de\/product-category\/hautpflege\/\" rel=\"tag\">Hautpflege<\/a>, <a href=\"https:\/\/orrislife.com\/de\/product-category\/korperpflege\/\" rel=\"tag\">K\u00f6rperpflege<\/a><\/em>    <\/div>\n<\/div>\n\n<\/div><\/div>\n\n<div class=\"aux-col product type-product post-5366 status-publish instock product_cat-hautpflege product_cat-korperpflege has-post-thumbnail shipping-taxable product-type-simple aux-remove-view-cart\">\n\t<img loading=\"lazy\" decoding=\"async\" width=\"503\" height=\"377\" src=\"https:\/\/orrislife.com\/de\/wp-content\/uploads\/2023\/09\/Red-Peeling-503x378.jpg\" class=\"auxshp-product-image auxshp-attachment \" alt=\"Red-Peeling\" data-original-width=\"600\" data-original-height=\"600\" data-original-src=\"https:\/\/orrislife.com\/de\/wp-content\/uploads\/2023\/09\/Red-Peeling.jpg\" srcset=\"https:\/\/orrislife.com\/de\/wp-content\/uploads\/2023\/09\/Red-Peeling-150x113.jpg 150w,https:\/\/orrislife.com\/de\/wp-content\/uploads\/2023\/09\/Red-Peeling-300x225.jpg 300w,https:\/\/orrislife.com\/de\/wp-content\/uploads\/2023\/09\/Red-Peeling-768x576.jpg 768w,https:\/\/orrislife.com\/de\/wp-content\/uploads\/2023\/09\/Red-Peeling-1024x768.jpg 1024w,https:\/\/orrislife.com\/de\/wp-content\/uploads\/2023\/09\/Red-Peeling-503x378.jpg 503w\" data-ratio=\"1.33\" data-original-w=\"1600\" sizes=\"auto, (max-width:479px) 480px,(max-width:767px) 768px,(max-width:1023px) 1024px,503px\" \/><\/span><\/a><\/a><div class=\"auxshp-entry-main\"><a href=\"https:\/\/orrislife.com\/de\/product\/hautverjungendes-serum\/\" class=\"auxshp-label auxshp-loop-title\"><h3 class=\"auxshp-title-heading\">HAUTVERJ\u00dcNGENDES SERUM<\/h3><\/a><div class=\"loop-meta-wrapper\">\n    <div class=\"product_meta\">\n        <em class=\"auxshp-meta-terms\"><a href=\"https:\/\/orrislife.com\/de\/product-category\/hautpflege\/\" rel=\"tag\">Hautpflege<\/a>, <a href=\"https:\/\/orrislife.com\/de\/product-category\/korperpflege\/\" rel=\"tag\">K\u00f6rperpflege<\/a><\/em>    <\/div>\n<\/div>\n\n<\/div><\/div>\n\n<div class=\"aux-col product type-product post-5364 status-publish last instock product_cat-hautpflege product_cat-korperpflege has-post-thumbnail shipping-taxable product-type-simple aux-remove-view-cart\">\n\t<img loading=\"lazy\" decoding=\"async\" width=\"503\" height=\"377\" src=\"https:\/\/orrislife.com\/de\/wp-content\/uploads\/2023\/09\/Leke-503x378.jpg\" class=\"auxshp-product-image auxshp-attachment \" alt=\"Leke\" data-original-width=\"600\" data-original-height=\"600\" data-original-src=\"https:\/\/orrislife.com\/de\/wp-content\/uploads\/2023\/09\/Leke.jpg\" srcset=\"https:\/\/orrislife.com\/de\/wp-content\/uploads\/2023\/09\/Leke-150x113.jpg 150w,https:\/\/orrislife.com\/de\/wp-content\/uploads\/2023\/09\/Leke-300x225.jpg 300w,https:\/\/orrislife.com\/de\/wp-content\/uploads\/2023\/09\/Leke-768x576.jpg 768w,https:\/\/orrislife.com\/de\/wp-content\/uploads\/2023\/09\/Leke-1024x768.jpg 1024w,https:\/\/orrislife.com\/de\/wp-content\/uploads\/2023\/09\/Leke-503x378.jpg 503w\" data-ratio=\"1.33\" data-original-w=\"1600\" sizes=\"auto, (max-width:479px) 480px,(max-width:767px) 768px,(max-width:1023px) 1024px,503px\" \/><\/span><\/a><\/a><div class=\"auxshp-entry-main\"><a href=\"https:\/\/orrislife.com\/de\/product\/pickel-entfernendes-und-vorbeugendes-serum\/\" class=\"auxshp-label auxshp-loop-title\"><h3 class=\"auxshp-title-heading\">PICKEL ENTFERNENDES UND VORBEUGENDES SERUM<\/h3><\/a><div class=\"loop-meta-wrapper\">\n    <div class=\"product_meta\">\n        <em class=\"auxshp-meta-terms\"><a href=\"https:\/\/orrislife.com\/de\/product-category\/hautpflege\/\" rel=\"tag\">Hautpflege<\/a>, <a href=\"https:\/\/orrislife.com\/de\/product-category\/korperpflege\/\" rel=\"tag\">K\u00f6rperpflege<\/a><\/em>    <\/div>\n<\/div>\n\n<\/div><\/div>\n\n<div class=\"aux-col product type-product post-5362 status-publish first instock product_cat-hautpflege product_cat-korperpflege has-post-thumbnail shipping-taxable product-type-simple aux-remove-view-cart\">\n\t<img loading=\"lazy\" decoding=\"async\" width=\"503\" height=\"377\" src=\"https:\/\/orrislife.com\/de\/wp-content\/uploads\/2023\/09\/Tonik-1-503x378.jpg\" class=\"auxshp-product-image auxshp-attachment \" alt=\"Tonik\" data-original-width=\"600\" data-original-height=\"600\" data-original-src=\"https:\/\/orrislife.com\/de\/wp-content\/uploads\/2023\/09\/Tonik-1.jpg\" srcset=\"https:\/\/orrislife.com\/de\/wp-content\/uploads\/2023\/09\/Tonik-1-150x113.jpg 150w,https:\/\/orrislife.com\/de\/wp-content\/uploads\/2023\/09\/Tonik-1-300x225.jpg 300w,https:\/\/orrislife.com\/de\/wp-content\/uploads\/2023\/09\/Tonik-1-768x576.jpg 768w,https:\/\/orrislife.com\/de\/wp-content\/uploads\/2023\/09\/Tonik-1-1024x768.jpg 1024w,https:\/\/orrislife.com\/de\/wp-content\/uploads\/2023\/09\/Tonik-1-503x378.jpg 503w\" data-ratio=\"1.33\" data-original-w=\"1600\" sizes=\"auto, (max-width:479px) 480px,(max-width:767px) 768px,(max-width:1023px) 1024px,503px\" \/><\/span><\/a><\/a><div class=\"auxshp-entry-main\"><a href=\"https:\/\/orrislife.com\/de\/product\/porenstraffender-toner\/\" class=\"auxshp-label auxshp-loop-title\"><h3 class=\"auxshp-title-heading\">PORENSTRAFFENDER TONER<\/h3><\/a><div class=\"loop-meta-wrapper\">\n    <div class=\"product_meta\">\n        <em class=\"auxshp-meta-terms\"><a href=\"https:\/\/orrislife.com\/de\/product-category\/hautpflege\/\" rel=\"tag\">Hautpflege<\/a>, <a href=\"https:\/\/orrislife.com\/de\/product-category\/korperpflege\/\" rel=\"tag\">K\u00f6rperpflege<\/a><\/em>    <\/div>\n<\/div>\n\n<\/div><\/div>\n\n<div class=\"aux-col product type-product post-5354 status-publish instock product_cat-hautpflege product_cat-korperpflege has-post-thumbnail shipping-taxable product-type-simple aux-remove-view-cart\">\n\t<img loading=\"lazy\" decoding=\"async\" width=\"503\" height=\"377\" src=\"https:\/\/orrislife.com\/de\/wp-content\/uploads\/2023\/09\/peeling-v1-503x378.jpg\" class=\"auxshp-product-image auxshp-attachment \" alt=\"peeling v1\" data-original-width=\"600\" data-original-height=\"600\" data-original-src=\"https:\/\/orrislife.com\/de\/wp-content\/uploads\/2023\/09\/peeling-v1.jpg\" srcset=\"https:\/\/orrislife.com\/de\/wp-content\/uploads\/2023\/09\/peeling-v1-150x113.jpg 150w,https:\/\/orrislife.com\/de\/wp-content\/uploads\/2023\/09\/peeling-v1-300x225.jpg 300w,https:\/\/orrislife.com\/de\/wp-content\/uploads\/2023\/09\/peeling-v1-768x576.jpg 768w,https:\/\/orrislife.com\/de\/wp-content\/uploads\/2023\/09\/peeling-v1-1024x768.jpg 1024w,https:\/\/orrislife.com\/de\/wp-content\/uploads\/2023\/09\/peeling-v1-503x378.jpg 503w\" data-ratio=\"1.33\" data-original-w=\"1600\" sizes=\"auto, (max-width:479px) 480px,(max-width:767px) 768px,(max-width:1023px) 1024px,503px\" \/><\/span><\/a><\/a><div class=\"auxshp-entry-main\"><a href=\"https:\/\/orrislife.com\/de\/product\/sanftes-korperpeeling\/\" class=\"auxshp-label auxshp-loop-title\"><h3 class=\"auxshp-title-heading\">SANFTES K\u00d6RPERPEELING<\/h3><\/a><div class=\"loop-meta-wrapper\">\n    <div class=\"product_meta\">\n        <em class=\"auxshp-meta-terms\"><a href=\"https:\/\/orrislife.com\/de\/product-category\/hautpflege\/\" rel=\"tag\">Hautpflege<\/a>, <a href=\"https:\/\/orrislife.com\/de\/product-category\/korperpflege\/\" rel=\"tag\">K\u00f6rperpflege<\/a><\/em>    <\/div>\n<\/div>\n\n<\/div><\/div>\n\n<div class=\"aux-col product type-product post-5352 status-publish last instock product_cat-hautpflege product_cat-korperpflege has-post-thumbnail shipping-taxable product-type-simple aux-remove-view-cart\">\n\t<img loading=\"lazy\" decoding=\"async\" width=\"503\" height=\"377\" src=\"https:\/\/orrislife.com\/de\/wp-content\/uploads\/2023\/09\/Tonik-503x378.jpg\" class=\"auxshp-product-image auxshp-attachment \" alt=\"Tonik\" data-original-width=\"600\" data-original-height=\"600\" data-original-src=\"https:\/\/orrislife.com\/de\/wp-content\/uploads\/2023\/09\/Tonik.jpg\" srcset=\"https:\/\/orrislife.com\/de\/wp-content\/uploads\/2023\/09\/Tonik-150x113.jpg 150w,https:\/\/orrislife.com\/de\/wp-content\/uploads\/2023\/09\/Tonik-300x225.jpg 300w,https:\/\/orrislife.com\/de\/wp-content\/uploads\/2023\/09\/Tonik-768x576.jpg 768w,https:\/\/orrislife.com\/de\/wp-content\/uploads\/2023\/09\/Tonik-1024x768.jpg 1024w,https:\/\/orrislife.com\/de\/wp-content\/uploads\/2023\/09\/Tonik-503x378.jpg 503w\" data-ratio=\"1.33\" data-original-w=\"1600\" sizes=\"auto, (max-width:479px) 480px,(max-width:767px) 768px,(max-width:1023px) 1024px,503px\" \/><\/span><\/a><\/a><div class=\"auxshp-entry-main\"><a href=\"https:\/\/orrislife.com\/de\/product\/porenverfeinerungs-und-minimizer-tonikum\/\" class=\"auxshp-label auxshp-loop-title\"><h3 class=\"auxshp-title-heading\">PORENVERFEINERUNGS- UND MINIMIZER-TONIKUM<\/h3><\/a><div class=\"loop-meta-wrapper\">\n    <div class=\"product_meta\">\n        <em class=\"auxshp-meta-terms\"><a href=\"https:\/\/orrislife.com\/de\/product-category\/hautpflege\/\" rel=\"tag\">Hautpflege<\/a>, <a href=\"https:\/\/orrislife.com\/de\/product-category\/korperpflege\/\" rel=\"tag\">K\u00f6rperpflege<\/a><\/em>    <\/div>\n<\/div>\n\n<\/div><\/div>\n\n<div class=\"aux-col product type-product post-5350 status-publish first instock product_cat-hautpflege product_cat-korperpflege has-post-thumbnail shipping-taxable product-type-simple aux-remove-view-cart\">\n\t<img loading=\"lazy\" decoding=\"async\" width=\"503\" height=\"377\" src=\"https:\/\/orrislife.com\/de\/wp-content\/uploads\/2023\/09\/komur-503x378.jpg\" class=\"auxshp-product-image auxshp-attachment \" alt=\"komur\" data-original-width=\"600\" data-original-height=\"600\" data-original-src=\"https:\/\/orrislife.com\/de\/wp-content\/uploads\/2023\/09\/komur.jpg\" srcset=\"https:\/\/orrislife.com\/de\/wp-content\/uploads\/2023\/09\/komur-150x113.jpg 150w,https:\/\/orrislife.com\/de\/wp-content\/uploads\/2023\/09\/komur-300x225.jpg 300w,https:\/\/orrislife.com\/de\/wp-content\/uploads\/2023\/09\/komur-768x576.jpg 768w,https:\/\/orrislife.com\/de\/wp-content\/uploads\/2023\/09\/komur-1024x768.jpg 1024w,https:\/\/orrislife.com\/de\/wp-content\/uploads\/2023\/09\/komur-503x378.jpg 503w\" data-ratio=\"1.33\" data-original-w=\"1600\" sizes=\"auto, (max-width:479px) 480px,(max-width:767px) 768px,(max-width:1023px) 1024px,503px\" \/><\/span><\/a><\/a><div class=\"auxshp-entry-main\"><a href=\"https:\/\/orrislife.com\/de\/product\/das-regenerierende-dunkle-serum\/\" class=\"auxshp-label auxshp-loop-title\"><h3 class=\"auxshp-title-heading\">THE REGENERATING DARK SERUM<\/h3><\/a><div class=\"loop-meta-wrapper\">\n    <div class=\"product_meta\">\n        <em class=\"auxshp-meta-terms\"><a href=\"https:\/\/orrislife.com\/de\/product-category\/hautpflege\/\" rel=\"tag\">Hautpflege<\/a>, <a href=\"https:\/\/orrislife.com\/de\/product-category\/korperpflege\/\" rel=\"tag\">K\u00f6rperpflege<\/a><\/em>    <\/div>\n<\/div>\n\n<\/div><\/div>\n\n<div class=\"aux-col product type-product post-5344 status-publish instock product_cat-hautaufhellung product_cat-korperpflege has-post-thumbnail shipping-taxable product-type-simple aux-remove-view-cart\">\n\t<img loading=\"lazy\" decoding=\"async\" width=\"503\" height=\"377\" src=\"https:\/\/orrislife.com\/de\/wp-content\/uploads\/2023\/09\/beyazlatici-v1-503x378.jpg\" class=\"auxshp-product-image auxshp-attachment \" alt=\"beyazlat\u0131c\u0131 v1\" data-original-width=\"600\" data-original-height=\"600\" data-original-src=\"https:\/\/orrislife.com\/de\/wp-content\/uploads\/2023\/09\/beyazlatici-v1.jpg\" srcset=\"https:\/\/orrislife.com\/de\/wp-content\/uploads\/2023\/09\/beyazlatici-v1-150x113.jpg 150w,https:\/\/orrislife.com\/de\/wp-content\/uploads\/2023\/09\/beyazlatici-v1-300x225.jpg 300w,https:\/\/orrislife.com\/de\/wp-content\/uploads\/2023\/09\/beyazlatici-v1-768x576.jpg 768w,https:\/\/orrislife.com\/de\/wp-content\/uploads\/2023\/09\/beyazlatici-v1-1024x768.jpg 1024w,https:\/\/orrislife.com\/de\/wp-content\/uploads\/2023\/09\/beyazlatici-v1-503x378.jpg 503w\" data-ratio=\"1.33\" data-original-w=\"1600\" sizes=\"auto, (max-width:479px) 480px,(max-width:767px) 768px,(max-width:1023px) 1024px,503px\" \/><\/span><\/a><\/a><div class=\"auxshp-entry-main\"><a href=\"https:\/\/orrislife.com\/de\/product\/korperaufhellungscreme\/\" class=\"auxshp-label auxshp-loop-title\"><h3 class=\"auxshp-title-heading\">K\u00d6RPERAUFHELLUNGSCREME<\/h3><\/a><div class=\"loop-meta-wrapper\">\n    <div class=\"product_meta\">\n        <em class=\"auxshp-meta-terms\"><a href=\"https:\/\/orrislife.com\/de\/product-category\/hautpflege\/hautaufhellung\/\" rel=\"tag\">Hautaufhellung<\/a>, <a href=\"https:\/\/orrislife.com\/de\/product-category\/korperpflege\/\" rel=\"tag\">K\u00f6rperpflege<\/a><\/em>    <\/div>\n<\/div>\n\n<\/div><\/div>\n\n<div class=\"aux-col product type-product post-5342 status-publish last instock product_cat-hautpflege product_cat-korperpflege has-post-thumbnail shipping-taxable product-type-simple aux-remove-view-cart\">\n\t<img loading=\"lazy\" decoding=\"async\" width=\"503\" height=\"377\" src=\"https:\/\/orrislife.com\/de\/wp-content\/uploads\/2023\/09\/Losyon-503x378.jpg\" class=\"auxshp-product-image auxshp-attachment \" alt=\"Losyon\" data-original-width=\"600\" data-original-height=\"600\" data-original-src=\"https:\/\/orrislife.com\/de\/wp-content\/uploads\/2023\/09\/Losyon.jpg\" srcset=\"https:\/\/orrislife.com\/de\/wp-content\/uploads\/2023\/09\/Losyon-150x113.jpg 150w,https:\/\/orrislife.com\/de\/wp-content\/uploads\/2023\/09\/Losyon-300x225.jpg 300w,https:\/\/orrislife.com\/de\/wp-content\/uploads\/2023\/09\/Losyon-768x576.jpg 768w,https:\/\/orrislife.com\/de\/wp-content\/uploads\/2023\/09\/Losyon-503x378.jpg 503w\" data-ratio=\"1.33\" data-original-w=\"848\" sizes=\"auto, (max-width:479px) 480px,(max-width:767px) 768px,(max-width:1023px) 1024px,503px\" \/><\/span><\/a><\/a><div class=\"auxshp-entry-main\"><a href=\"https:\/\/orrislife.com\/de\/product\/perfekte-nahrende-feuchtigkeitsspendende-korperlotion\/\" class=\"auxshp-label auxshp-loop-title\"><h3 class=\"auxshp-title-heading\">Perfekte n\u00e4hrende feuchtigkeitsspendende K\u00f6rperlotion<\/h3><\/a><div class=\"loop-meta-wrapper\">\n    <div class=\"product_meta\">\n        <em class=\"auxshp-meta-terms\"><a href=\"https:\/\/orrislife.com\/de\/product-category\/hautpflege\/\" rel=\"tag\">Hautpflege<\/a>, <a href=\"https:\/\/orrislife.com\/de\/product-category\/korperpflege\/\" rel=\"tag\">K\u00f6rperpflege<\/a><\/em>    <\/div>\n<\/div>\n\n<\/div><\/div>\n<\/div>\n<\/div>\t\t<\/div>\n\t\t\t\t<\/div>\n\t\t            <\/div>\n        <\/div>\n                            <\/div>\n        <\/section>\n        \t\t\t\t\t<\/div>\n\t\t","protected":false},"excerpt":{"rendered":"<p>Steigern Sie Ihre Wellness-Reise mit den nat\u00fcrlichen K\u00f6rperpflegel\u00f6sungen von Orris Life Treten Sie ein in ein Reich, in dem die Heilkraft der Natur mit modernem Wohlbefinden vereint ist, und entdecken Sie eine beispiellose Auswahl an Premium-Nahrungserg\u00e4nzungsmitteln in gro\u00dfen Mengen. K\u00f6rperpflegeprodukte ANT\u0130-ACNE SERUM Bodycare, Skincare SKIN REJUVENATING SERUM Bodycare, Skincare BLEMISH REMOVING AND PREVENTIVE SERUM Bodycare, [&hellip;]<\/p>\n","protected":false},"author":1,"featured_media":0,"parent":0,"menu_order":0,"comment_status":"closed","ping_status":"closed","template":"","meta":{"footnotes":""},"class_list":["post-4948","page","type-page","status-publish","hentry"],"aioseo_notices":[],"_links":{"self":[{"href":"https:\/\/orrislife.com\/de\/wp-json\/wp\/v2\/pages\/4948","targetHints":{"allow":["GET"]}}],"collection":[{"href":"https:\/\/orrislife.com\/de\/wp-json\/wp\/v2\/pages"}],"about":[{"href":"https:\/\/orrislife.com\/de\/wp-json\/wp\/v2\/types\/page"}],"author":[{"embeddable":true,"href":"https:\/\/orrislife.com\/de\/wp-json\/wp\/v2\/users\/1"}],"replies":[{"embeddable":true,"href":"https:\/\/orrislife.com\/de\/wp-json\/wp\/v2\/comments?post=4948"}],"version-history":[{"count":11,"href":"https:\/\/orrislife.com\/de\/wp-json\/wp\/v2\/pages\/4948\/revisions"}],"predecessor-version":[{"id":5491,"href":"https:\/\/orrislife.com\/de\/wp-json\/wp\/v2\/pages\/4948\/revisions\/5491"}],"wp:attachment":[{"href":"https:\/\/orrislife.com\/de\/wp-json\/wp\/v2\/media?parent=4948"}],"curies":[{"name":"wp","href":"https:\/\/api.w.org\/{rel}","templated":true}]}}