{"id":4736,"date":"2023-09-04T11:05:30","date_gmt":"2023-09-04T10:05:30","guid":{"rendered":"https:\/\/orrislife.com\/de\/?page_id=4736"},"modified":"2023-09-21T14:23:38","modified_gmt":"2023-09-21T13:23:38","slug":"haarpflege","status":"publish","type":"page","link":"https:\/\/orrislife.com\/de\/haarpflege\/","title":{"rendered":"Haarpflege"},"content":{"rendered":"\t\t<div data-elementor-type=\"wp-page\" data-elementor-id=\"4736\" class=\"elementor elementor-4736\">\n\t\t\t\t\t\t\t        <section class=\"elementor-section elementor-top-section elementor-element elementor-element-7d30251 elementor-section-boxed elementor-section-height-default elementor-section-height-default\" data-id=\"7d30251\" data-element_type=\"section\">\n            \n                        <div class=\"elementor-container elementor-column-gap-default \">\n                    <div class=\"aux-parallax-section elementor-column elementor-col-100 elementor-top-column elementor-element elementor-element-4ca20dc\" data-id=\"4ca20dc\" data-element_type=\"column\">\n            <div class=\"elementor-widget-wrap elementor-element-populated\">\n                        \t\t<div class=\"elementor-element elementor-element-988b9f5 elementor-widget elementor-widget-heading\" data-id=\"988b9f5\" data-element_type=\"widget\" data-widget_type=\"heading.default\">\n\t\t\t\t<div class=\"elementor-widget-container\">\n\t\t\t<h2 class=\"elementor-heading-title elementor-size-default\">Nutzen Sie die Kraft der Natur f\u00fcr strahlendes Haar \u2013 Entdecken Sie die nat\u00fcrlichen Haarpflegel\u00f6sungen von Orris Life<\/h2>\t\t<\/div>\n\t\t\t\t<\/div>\n\t\t            <\/div>\n        <\/div>\n                            <\/div>\n        <\/section>\n                <section class=\"elementor-section elementor-top-section elementor-element elementor-element-f8f1976 elementor-section-boxed elementor-section-height-default elementor-section-height-default\" data-id=\"f8f1976\" data-element_type=\"section\">\n            \n                        <div class=\"elementor-container elementor-column-gap-default \">\n                    <div class=\"aux-parallax-section elementor-column elementor-col-100 elementor-top-column elementor-element elementor-element-f80f83b\" data-id=\"f80f83b\" data-element_type=\"column\">\n            <div class=\"elementor-widget-wrap elementor-element-populated\">\n                        \t\t<div class=\"elementor-element elementor-element-831b870 elementor-widget elementor-widget-text-editor\" data-id=\"831b870\" data-element_type=\"widget\" data-widget_type=\"text-editor.default\">\n\t\t\t\t<div class=\"elementor-widget-container\">\n\t\t\t\t\t\t\t<div id=\"tw-container\" class=\"\" data-cp=\"1\" data-dbrt=\"10000\" data-ddp=\"true\" data-drd=\"1700\" data-is-rde=\"false\" data-is-ver=\"false\" data-nnttsvi=\"1\" data-sm=\"1\" data-ssbp=\"false\" data-sugg-time=\"500\" data-sugg-url=\"https:\/\/clients1.google.com\/complete\/search\" data-uilc=\"tr\" data-vil=\",af,af-ZA,am,am-ET,ar-EG,ar-AE,ar-KW,ar-QA,ar,ar-IL,ar-JO,ar-LB,ar-PS,az,az-AZ,bg,bg-BG,bn,bn-BD,bn-IN,ca,ca-es,cs,cs-CZ,de,de-DE,de-CH,de-AT,de-LI,en,en-US,en-CA,en-AU,en-NZ,en-GB,en-IN,en-KE,en-TZ,en-NG,en-GH,en-PH,en-ZA,es,es-ES,es-AR,es-UY,es-419,es-BO,es-CL,es-CR,es-CO,es-DO,es-EC,es-GT,es-HN,es-NI,es-PA,es-PE,es-PR,es-PY,es-SV,es-VE,es-MX,es-US,eu,eu-ES,fi,fi-FI,fr,fr-FR,fr-CH,fr-BE,gl,gl-ES,gu,gu-IN,he,he-IL,iw,iw-IL,hu,hu-HU,hy,hy-AM,id,id-ID,is,is-IS,it,it-IT,it-CH,ja,ja-JP,jv,jv-ID,ka,ka-GE,km,km-KH,kn,kn-IN,ko,ko-KR,la,lo,lo-LA,lv,lv-LV,ml,ml-IN,mr,mr-IN,ms,ms-MY,nl,nl-NL,nb,nb-NO,ne,ne-NP,pl,pl-PL,pt,pt-BR,pt-PT,ro,ro-RO,ru,ru-RU,si-LK,sk,sk-SK,sr,sr-RS,su,su-ID,sv,sv-SE,sw,sw-TZ,sw-KE,ta,ta-IN,ta-SG,ta-LK,ta-MY,te,te-IN,tr,tr-TR,ur,ur-PK,ur-IN,yue,yue-HK,yue-Hant-HK,zh-HK,zh,zh-CN,zh-cmn,zh-cmn-CN,zh-Hans,zh-Hans-CN,zh-cmn-Hans,zh-cmn-Hans-CN,cmn-CN,cmn-Hans,cmn-Hans-CN,zh-TW,zh-Hant-TW,cmn-TW,cmn-Hant-TW,zh-cmn-TW,zh-cmn-Hant-TW,zu,zu-ZA\"><div id=\"tw-ob\" class=\"tw-src-ltr\"><div class=\"oSioSc\"><div id=\"tw-target\"><div id=\"kAz1tf\" class=\"g9WsWb\"><div id=\"tw-target-text-container\" class=\"tw-ta-container F0azHf tw-nfl\" tabindex=\"0\"><p id=\"tw-target-text\" class=\"tw-data-text tw-text-large tw-ta\" dir=\"ltr\" data-placeholder=\"\u00c7eviri\"><span class=\"Y2IQFc\" lang=\"de\">Treten Sie ein in eine Welt, in der die Weisheit der Natur auf die Wissenschaft der Sch\u00f6nheit trifft, denn wir sind stolz darauf, Ihnen eine kuratierte Auswahl an Premium-Haarpflegeprodukten anbieten zu k\u00f6nnen.<\/span><\/p><\/div><\/div><\/div><\/div><\/div><\/div>\t\t\t\t\t\t<\/div>\n\t\t\t\t<\/div>\n\t\t            <\/div>\n        <\/div>\n                            <\/div>\n        <\/section>\n                <section class=\"elementor-section elementor-top-section elementor-element elementor-element-36aa852 elementor-section-boxed elementor-section-height-default elementor-section-height-default\" data-id=\"36aa852\" data-element_type=\"section\">\n            \n                        <div class=\"elementor-container elementor-column-gap-default \">\n                    <div class=\"aux-parallax-section elementor-column elementor-col-100 elementor-top-column elementor-element elementor-element-5038348\" data-id=\"5038348\" data-element_type=\"column\">\n            <div class=\"elementor-widget-wrap elementor-element-populated\">\n                        \t\t<div class=\"elementor-element elementor-element-9d7d53f elementor-widget elementor-widget-heading\" data-id=\"9d7d53f\" data-element_type=\"widget\" data-widget_type=\"heading.default\">\n\t\t\t\t<div class=\"elementor-widget-container\">\n\t\t\t<h2 class=\"elementor-heading-title elementor-size-default\">Haarpflegeprodukte\n<\/h2>\t\t<\/div>\n\t\t\t\t<\/div>\n\t\t            <\/div>\n        <\/div>\n                            <\/div>\n        <\/section>\n                <section class=\"elementor-section elementor-top-section elementor-element elementor-element-8aed60b elementor-section-boxed elementor-section-height-default elementor-section-height-default\" data-id=\"8aed60b\" data-element_type=\"section\">\n            \n                        <div class=\"elementor-container elementor-column-gap-default \">\n                    <div class=\"aux-parallax-section elementor-column elementor-col-100 elementor-top-column elementor-element elementor-element-7e472d7\" data-id=\"7e472d7\" data-element_type=\"column\">\n            <div class=\"elementor-widget-wrap elementor-element-populated\">\n                        \t\t<div class=\"elementor-element elementor-element-c2a5446 elementor-widget elementor-widget-aux_product_grid\" data-id=\"c2a5446\" data-element_type=\"widget\" data-settings=\"{&quot;columns&quot;:&quot;3&quot;}\" data-widget_type=\"aux_product_grid.default\">\n\t\t\t\t<div class=\"elementor-widget-container\">\n\t\t\t<div class='woocommerce woocommerce-page aux-shop-archive'><div class=\"products-loop aux-match-height aux-row aux-de-col3 aux-tb-col2 aux-mb-col1\">\n\n<div class=\"aux-col product type-product post-5360 status-publish first instock product_cat-haarpflege has-post-thumbnail shipping-taxable product-type-simple aux-remove-view-cart\">\n\t<img loading=\"lazy\" decoding=\"async\" width=\"503\" height=\"377\" src=\"https:\/\/orrislife.com\/de\/wp-content\/uploads\/2023\/09\/Sampuan-503x378.jpg\" class=\"auxshp-product-image auxshp-attachment \" alt=\"Sampuan\" data-original-width=\"600\" data-original-height=\"600\" data-original-src=\"https:\/\/orrislife.com\/de\/wp-content\/uploads\/2023\/09\/Sampuan.jpg\" srcset=\"https:\/\/orrislife.com\/de\/wp-content\/uploads\/2023\/09\/Sampuan-150x113.jpg 150w,https:\/\/orrislife.com\/de\/wp-content\/uploads\/2023\/09\/Sampuan-300x225.jpg 300w,https:\/\/orrislife.com\/de\/wp-content\/uploads\/2023\/09\/Sampuan-768x576.jpg 768w,https:\/\/orrislife.com\/de\/wp-content\/uploads\/2023\/09\/Sampuan-1024x768.jpg 1024w,https:\/\/orrislife.com\/de\/wp-content\/uploads\/2023\/09\/Sampuan-503x378.jpg 503w\" data-ratio=\"1.33\" data-original-w=\"1600\" sizes=\"auto, (max-width:479px) 480px,(max-width:767px) 768px,(max-width:1023px) 1024px,503px\" \/><\/span><\/a><\/a><div class=\"auxshp-entry-main\"><a href=\"https:\/\/orrislife.com\/de\/product\/haarshampoo-mit-verdichtendem-keratin\/\" class=\"auxshp-label auxshp-loop-title\"><h3 class=\"auxshp-title-heading\">HAARSHAMPOO MIT VERDICHTENDEM KERATIN<\/h3><\/a><div class=\"loop-meta-wrapper\">\n    <div class=\"product_meta\">\n        <em class=\"auxshp-meta-terms\"><a href=\"https:\/\/orrislife.com\/de\/product-category\/haarpflege\/\" rel=\"tag\">Haarpflege<\/a><\/em>    <\/div>\n<\/div>\n\n<\/div><\/div>\n\n<div class=\"aux-col product type-product post-5358 status-publish instock product_cat-haarpflege has-post-thumbnail shipping-taxable product-type-simple aux-remove-view-cart\">\n\t<img loading=\"lazy\" decoding=\"async\" width=\"503\" height=\"377\" src=\"https:\/\/orrislife.com\/de\/wp-content\/uploads\/2023\/09\/Sac-Serum-503x378.jpg\" class=\"auxshp-product-image auxshp-attachment \" alt=\"Sac-Serum\" data-original-width=\"600\" data-original-height=\"600\" data-original-src=\"https:\/\/orrislife.com\/de\/wp-content\/uploads\/2023\/09\/Sac-Serum.jpg\" srcset=\"https:\/\/orrislife.com\/de\/wp-content\/uploads\/2023\/09\/Sac-Serum-150x113.jpg 150w,https:\/\/orrislife.com\/de\/wp-content\/uploads\/2023\/09\/Sac-Serum-300x225.jpg 300w,https:\/\/orrislife.com\/de\/wp-content\/uploads\/2023\/09\/Sac-Serum-768x576.jpg 768w,https:\/\/orrislife.com\/de\/wp-content\/uploads\/2023\/09\/Sac-Serum-1024x768.jpg 1024w,https:\/\/orrislife.com\/de\/wp-content\/uploads\/2023\/09\/Sac-Serum-503x378.jpg 503w\" data-ratio=\"1.33\" data-original-w=\"1600\" sizes=\"auto, (max-width:479px) 480px,(max-width:767px) 768px,(max-width:1023px) 1024px,503px\" \/><\/span><\/a><\/a><div class=\"auxshp-entry-main\"><a href=\"https:\/\/orrislife.com\/de\/product\/haarserum-zur-starkung\/\" class=\"auxshp-label auxshp-loop-title\"><h3 class=\"auxshp-title-heading\">Haarserum zur St\u00e4rkung<\/h3><\/a><div class=\"loop-meta-wrapper\">\n    <div class=\"product_meta\">\n        <em class=\"auxshp-meta-terms\"><a href=\"https:\/\/orrislife.com\/de\/product-category\/haarpflege\/\" rel=\"tag\">Haarpflege<\/a><\/em>    <\/div>\n<\/div>\n\n<\/div><\/div>\n\n<div class=\"aux-col product type-product post-5356 status-publish last instock product_cat-haarpflege has-post-thumbnail shipping-taxable product-type-simple aux-remove-view-cart\">\n\t<img loading=\"lazy\" decoding=\"async\" width=\"503\" height=\"377\" src=\"https:\/\/orrislife.com\/de\/wp-content\/uploads\/2023\/09\/Sac-Maske-503x378.jpg\" class=\"auxshp-product-image auxshp-attachment \" alt=\"Sac-Maske\" data-original-width=\"600\" data-original-height=\"600\" data-original-src=\"https:\/\/orrislife.com\/de\/wp-content\/uploads\/2023\/09\/Sac-Maske.jpg\" srcset=\"https:\/\/orrislife.com\/de\/wp-content\/uploads\/2023\/09\/Sac-Maske-150x113.jpg 150w,https:\/\/orrislife.com\/de\/wp-content\/uploads\/2023\/09\/Sac-Maske-300x225.jpg 300w,https:\/\/orrislife.com\/de\/wp-content\/uploads\/2023\/09\/Sac-Maske-768x576.jpg 768w,https:\/\/orrislife.com\/de\/wp-content\/uploads\/2023\/09\/Sac-Maske-1024x768.jpg 1024w,https:\/\/orrislife.com\/de\/wp-content\/uploads\/2023\/09\/Sac-Maske-503x378.jpg 503w\" data-ratio=\"1.33\" data-original-w=\"1600\" sizes=\"auto, (max-width:479px) 480px,(max-width:767px) 768px,(max-width:1023px) 1024px,503px\" \/><\/span><\/a><\/a><div class=\"auxshp-entry-main\"><a href=\"https:\/\/orrislife.com\/de\/product\/keratin-haarreparaturmaske\/\" class=\"auxshp-label auxshp-loop-title\"><h3 class=\"auxshp-title-heading\">KERATIN HAARREPARATURMASKE<\/h3><\/a><div class=\"loop-meta-wrapper\">\n    <div class=\"product_meta\">\n        <em class=\"auxshp-meta-terms\"><a href=\"https:\/\/orrislife.com\/de\/product-category\/haarpflege\/\" rel=\"tag\">Haarpflege<\/a><\/em>    <\/div>\n<\/div>\n\n<\/div><\/div>\n<\/div>\n<\/div>\t\t<\/div>\n\t\t\t\t<\/div>\n\t\t            <\/div>\n        <\/div>\n                            <\/div>\n        <\/section>\n        \t\t\t\t\t<\/div>\n\t\t","protected":false},"excerpt":{"rendered":"<p>Nutzen Sie die Kraft der Natur f\u00fcr strahlendes Haar \u2013 Entdecken Sie die nat\u00fcrlichen Haarpflegel\u00f6sungen von Orris Life Treten Sie ein in eine Welt, in der die Weisheit der Natur auf die Wissenschaft der Sch\u00f6nheit trifft, denn wir sind stolz darauf, Ihnen eine kuratierte Auswahl an Premium-Haarpflegeprodukten anbieten zu k\u00f6nnen. Haarpflegeprodukte HAARSHAMPOO MIT VERDICHTENDEM KERATIN [&hellip;]<\/p>\n","protected":false},"author":1,"featured_media":0,"parent":0,"menu_order":0,"comment_status":"closed","ping_status":"closed","template":"","meta":{"footnotes":""},"class_list":["post-4736","page","type-page","status-publish","hentry"],"aioseo_notices":[],"_links":{"self":[{"href":"https:\/\/orrislife.com\/de\/wp-json\/wp\/v2\/pages\/4736","targetHints":{"allow":["GET"]}}],"collection":[{"href":"https:\/\/orrislife.com\/de\/wp-json\/wp\/v2\/pages"}],"about":[{"href":"https:\/\/orrislife.com\/de\/wp-json\/wp\/v2\/types\/page"}],"author":[{"embeddable":true,"href":"https:\/\/orrislife.com\/de\/wp-json\/wp\/v2\/users\/1"}],"replies":[{"embeddable":true,"href":"https:\/\/orrislife.com\/de\/wp-json\/wp\/v2\/comments?post=4736"}],"version-history":[{"count":18,"href":"https:\/\/orrislife.com\/de\/wp-json\/wp\/v2\/pages\/4736\/revisions"}],"predecessor-version":[{"id":5611,"href":"https:\/\/orrislife.com\/de\/wp-json\/wp\/v2\/pages\/4736\/revisions\/5611"}],"wp:attachment":[{"href":"https:\/\/orrislife.com\/de\/wp-json\/wp\/v2\/media?parent=4736"}],"curies":[{"name":"wp","href":"https:\/\/api.w.org\/{rel}","templated":true}]}}