{"id":4730,"date":"2023-09-04T11:03:24","date_gmt":"2023-09-04T10:03:24","guid":{"rendered":"https:\/\/orrislife.com\/de\/?page_id=4730"},"modified":"2023-09-21T14:20:11","modified_gmt":"2023-09-21T13:20:11","slug":"braunen","status":"publish","type":"page","link":"https:\/\/orrislife.com\/de\/braunen\/","title":{"rendered":"Braunen"},"content":{"rendered":"\t\t<div data-elementor-type=\"wp-page\" data-elementor-id=\"4730\" class=\"elementor elementor-4730\">\n\t\t\t\t\t\t\t        <section class=\"elementor-section elementor-top-section elementor-element elementor-element-d11d5d8 elementor-section-boxed elementor-section-height-default elementor-section-height-default\" data-id=\"d11d5d8\" data-element_type=\"section\">\n            \n                        <div class=\"elementor-container elementor-column-gap-default \">\n                    <div class=\"aux-parallax-section elementor-column elementor-col-100 elementor-top-column elementor-element elementor-element-493d6c7\" data-id=\"493d6c7\" data-element_type=\"column\">\n            <div class=\"elementor-widget-wrap elementor-element-populated\">\n                        \t\t<div class=\"elementor-element elementor-element-477639b elementor-widget elementor-widget-heading\" data-id=\"477639b\" data-element_type=\"widget\" data-widget_type=\"heading.default\">\n\t\t\t\t<div class=\"elementor-widget-container\">\n\t\t\t<h2 class=\"elementor-heading-title elementor-size-default\">Strahlen Sie Wohlbefinden aus mit Orris Life: Ihre Quelle f\u00fcr nat\u00fcrliche Br\u00e4unungsl\u00f6sungen<\/h2>\t\t<\/div>\n\t\t\t\t<\/div>\n\t\t            <\/div>\n        <\/div>\n                            <\/div>\n        <\/section>\n                <section class=\"elementor-section elementor-top-section elementor-element elementor-element-7eaf22b elementor-section-boxed elementor-section-height-default elementor-section-height-default\" data-id=\"7eaf22b\" data-element_type=\"section\">\n            \n                        <div class=\"elementor-container elementor-column-gap-default \">\n                    <div class=\"aux-parallax-section elementor-column elementor-col-100 elementor-top-column elementor-element elementor-element-c3f051b\" data-id=\"c3f051b\" data-element_type=\"column\">\n            <div class=\"elementor-widget-wrap elementor-element-populated\">\n                        \t\t<div class=\"elementor-element elementor-element-d316f6d elementor-widget elementor-widget-text-editor\" data-id=\"d316f6d\" data-element_type=\"widget\" data-widget_type=\"text-editor.default\">\n\t\t\t\t<div class=\"elementor-widget-container\">\n\t\t\t\t\t\t\t<p id=\"tw-target-text\" class=\"tw-data-text tw-text-large tw-ta\" dir=\"ltr\" data-placeholder=\"\u00c7eviri\"><span class=\"Y2IQFc\" lang=\"de\">Entdecken Sie den sonnenverw\u00f6hnten Glanz, den Sie verdienen, mit den nat\u00fcrlichen Br\u00e4unungsprodukten von Orris Life. Nutzen Sie die Kraft der Natur f\u00fcr eine gesunde, sch\u00f6ne Br\u00e4une.<\/span><\/p>\t\t\t\t\t\t<\/div>\n\t\t\t\t<\/div>\n\t\t            <\/div>\n        <\/div>\n                            <\/div>\n        <\/section>\n                <section class=\"elementor-section elementor-top-section elementor-element elementor-element-f490f77 elementor-section-boxed elementor-section-height-default elementor-section-height-default\" data-id=\"f490f77\" data-element_type=\"section\">\n            \n                        <div class=\"elementor-container elementor-column-gap-default \">\n                    <div class=\"aux-parallax-section elementor-column elementor-col-100 elementor-top-column elementor-element elementor-element-878bb87\" data-id=\"878bb87\" data-element_type=\"column\">\n            <div class=\"elementor-widget-wrap elementor-element-populated\">\n                        \t\t<div class=\"elementor-element elementor-element-b800ab9 elementor-widget elementor-widget-heading\" data-id=\"b800ab9\" data-element_type=\"widget\" data-widget_type=\"heading.default\">\n\t\t\t\t<div class=\"elementor-widget-container\">\n\t\t\t<h2 class=\"elementor-heading-title elementor-size-default\">Br\u00e4unungsprodukte\n<\/h2>\t\t<\/div>\n\t\t\t\t<\/div>\n\t\t            <\/div>\n        <\/div>\n                            <\/div>\n        <\/section>\n                <section class=\"elementor-section elementor-top-section elementor-element elementor-element-f0553a0 elementor-section-boxed elementor-section-height-default elementor-section-height-default\" data-id=\"f0553a0\" data-element_type=\"section\">\n            \n                        <div class=\"elementor-container elementor-column-gap-default \">\n                    <div class=\"aux-parallax-section elementor-column elementor-col-100 elementor-top-column elementor-element elementor-element-bf8c900\" data-id=\"bf8c900\" data-element_type=\"column\">\n            <div class=\"elementor-widget-wrap elementor-element-populated\">\n                        \t\t<div class=\"elementor-element elementor-element-561a4ef elementor-widget elementor-widget-aux_product_grid\" data-id=\"561a4ef\" data-element_type=\"widget\" data-settings=\"{&quot;columns&quot;:&quot;3&quot;}\" data-widget_type=\"aux_product_grid.default\">\n\t\t\t\t<div class=\"elementor-widget-container\">\n\t\t\t<div class='woocommerce woocommerce-page aux-shop-archive'><div class=\"products-loop aux-match-height aux-row aux-de-col3 aux-tb-col2 aux-mb-col1\">\n\n<div class=\"aux-col product type-product post-5348 status-publish first instock product_cat-braunen has-post-thumbnail shipping-taxable product-type-simple aux-remove-view-cart\">\n\t<img loading=\"lazy\" decoding=\"async\" width=\"503\" height=\"377\" src=\"https:\/\/orrislife.com\/de\/wp-content\/uploads\/2023\/09\/quins-spf-v1-503x378.jpg\" class=\"auxshp-product-image auxshp-attachment \" alt=\"quins spf v1.\" data-original-width=\"600\" data-original-height=\"600\" data-original-src=\"https:\/\/orrislife.com\/de\/wp-content\/uploads\/2023\/09\/quins-spf-v1.jpg\" srcset=\"https:\/\/orrislife.com\/de\/wp-content\/uploads\/2023\/09\/quins-spf-v1-150x113.jpg 150w,https:\/\/orrislife.com\/de\/wp-content\/uploads\/2023\/09\/quins-spf-v1-300x225.jpg 300w,https:\/\/orrislife.com\/de\/wp-content\/uploads\/2023\/09\/quins-spf-v1-768x576.jpg 768w,https:\/\/orrislife.com\/de\/wp-content\/uploads\/2023\/09\/quins-spf-v1-1024x768.jpg 1024w,https:\/\/orrislife.com\/de\/wp-content\/uploads\/2023\/09\/quins-spf-v1-503x378.jpg 503w\" data-ratio=\"1.33\" data-original-w=\"1600\" sizes=\"auto, (max-width:479px) 480px,(max-width:767px) 768px,(max-width:1023px) 1024px,503px\" \/><\/span><\/a><\/a><div class=\"auxshp-entry-main\"><a href=\"https:\/\/orrislife.com\/de\/product\/sonnenschutz-gesichtscreme\/\" class=\"auxshp-label auxshp-loop-title\"><h3 class=\"auxshp-title-heading\">SONNENSCHUTZ-GESICHTSCREME<\/h3><\/a><div class=\"loop-meta-wrapper\">\n    <div class=\"product_meta\">\n        <em class=\"auxshp-meta-terms\"><a href=\"https:\/\/orrislife.com\/de\/product-category\/hautpflege\/braunen\/\" rel=\"tag\">Br\u00e4unen<\/a><\/em>    <\/div>\n<\/div>\n\n<\/div><\/div>\n<\/div>\n<\/div>\t\t<\/div>\n\t\t\t\t<\/div>\n\t\t\t\t<div class=\"elementor-element elementor-element-e4e5f35 elementor-widget elementor-widget-aux_product_grid\" data-id=\"e4e5f35\" data-element_type=\"widget\" data-settings=\"{&quot;columns&quot;:&quot;4&quot;}\" data-widget_type=\"aux_product_grid.default\">\n\t\t\t\t<div class=\"elementor-widget-container\">\n\t\t\t<div class='woocommerce woocommerce-page aux-shop-archive'><div class=\"products-loop aux-match-height aux-row aux-de-col4 aux-tb-col2 aux-mb-col1\">\n<\/div>\n<\/div>\t\t<\/div>\n\t\t\t\t<\/div>\n\t\t            <\/div>\n        <\/div>\n                            <\/div>\n        <\/section>\n        \t\t\t\t\t<\/div>\n\t\t","protected":false},"excerpt":{"rendered":"<p>Strahlen Sie Wohlbefinden aus mit Orris Life: Ihre Quelle f\u00fcr nat\u00fcrliche Br\u00e4unungsl\u00f6sungen Entdecken Sie den sonnenverw\u00f6hnten Glanz, den Sie verdienen, mit den nat\u00fcrlichen Br\u00e4unungsprodukten von Orris Life. Nutzen Sie die Kraft der Natur f\u00fcr eine gesunde, sch\u00f6ne Br\u00e4une. Br\u00e4unungsprodukte SONNENSCHUTZ-GESICHTSCREME Br\u00e4unen<\/p>\n","protected":false},"author":1,"featured_media":0,"parent":0,"menu_order":0,"comment_status":"closed","ping_status":"closed","template":"","meta":{"footnotes":""},"class_list":["post-4730","page","type-page","status-publish","hentry"],"aioseo_notices":[],"_links":{"self":[{"href":"https:\/\/orrislife.com\/de\/wp-json\/wp\/v2\/pages\/4730","targetHints":{"allow":["GET"]}}],"collection":[{"href":"https:\/\/orrislife.com\/de\/wp-json\/wp\/v2\/pages"}],"about":[{"href":"https:\/\/orrislife.com\/de\/wp-json\/wp\/v2\/types\/page"}],"author":[{"embeddable":true,"href":"https:\/\/orrislife.com\/de\/wp-json\/wp\/v2\/users\/1"}],"replies":[{"embeddable":true,"href":"https:\/\/orrislife.com\/de\/wp-json\/wp\/v2\/comments?post=4730"}],"version-history":[{"count":15,"href":"https:\/\/orrislife.com\/de\/wp-json\/wp\/v2\/pages\/4730\/revisions"}],"predecessor-version":[{"id":5596,"href":"https:\/\/orrislife.com\/de\/wp-json\/wp\/v2\/pages\/4730\/revisions\/5596"}],"wp:attachment":[{"href":"https:\/\/orrislife.com\/de\/wp-json\/wp\/v2\/media?parent=4730"}],"curies":[{"name":"wp","href":"https:\/\/api.w.org\/{rel}","templated":true}]}}